{"id":294,"date":"2020-11-03T18:24:13","date_gmt":"2020-11-03T17:24:13","guid":{"rendered":"https:\/\/wp-test.cro-digital.com\/?product=import-placeholder-for-18898"},"modified":"2020-11-03T18:27:46","modified_gmt":"2020-11-03T17:27:46","slug":"jane-plasticna-stepenica-holi","status":"publish","type":"product","link":"https:\/\/wp-test.cro-digital.com\/?product=jane-plasticna-stepenica-holi","title":{"rendered":"Jan\u00e9 plasti\u010dna stepenica &#8211; Holi"},"content":{"rendered":"<p>Plasti\u010dna stepenica Jan\u00e9 Holi omogu\u0107it \u0107e va\u0161em djetetu lak i siguran pristup stvarima koje jo\u0161 ne mo\u017ee samostalno dosegnuti (toalet ili umivaonik). Sama povr\u0161ina gazi\u0161ta, kao i podno\u017eje stepenice napravljeni su od EVA pjene koja je ugodna stopalima i \u0161titi od klizanja. Stabilna stepenica jedostavnog i modernog dizajna uklopit \u0107e se u svaku kupaonicu.<\/p>\n<ul>\n<li>Namijenjeno za kori\u0161tenje od 12+ mjeseci<\/li>\n<li>Omogu\u0107uje djetetu jednostavan i siguran pristup do toaleta ili umivaonika<\/li>\n<li>Gazi\u0161te kao i podno\u017eje izra\u0111eni su od EVA gumene plastike koja \u0107e \u0161tititi od klizanja<\/li>\n<li>Posebno dizajnirano za pomo\u0107 i sigurnost va\u0161eg djeteta<\/li>\n<li>Materijali: polikarbonatna plastika i EVA pjena<\/li>\n<li>Dimenzije: 35 x 19 x 14 cm<\/li>\n<\/ul>\n","protected":false},"excerpt":{"rendered":"<p>Plasti\u010dna stepenica Jan\u00e9 Holi omogu\u010dit \u0107e va\u0161em djetetu lak i siguran pristup stvarima koje jo\u0161 ne mo\u017ee samostalno dosegnuti (toalet ili umivaonik).<\/p>\n","protected":false},"featured_media":433,"comment_status":"closed","ping_status":"closed","template":"","meta":[],"_links":{"self":[{"href":"https:\/\/wp-test.cro-digital.com\/index.php?rest_route=\/wp\/v2\/product\/294"}],"collection":[{"href":"https:\/\/wp-test.cro-digital.com\/index.php?rest_route=\/wp\/v2\/product"}],"about":[{"href":"https:\/\/wp-test.cro-digital.com\/index.php?rest_route=\/wp\/v2\/types\/product"}],"replies":[{"embeddable":true,"href":"https:\/\/wp-test.cro-digital.com\/index.php?rest_route=%2Fwp%2Fv2%2Fcomments&post=294"}],"wp:featuredmedia":[{"embeddable":true,"href":"https:\/\/wp-test.cro-digital.com\/index.php?rest_route=\/wp\/v2\/media\/433"}],"wp:attachment":[{"href":"https:\/\/wp-test.cro-digital.com\/index.php?rest_route=%2Fwp%2Fv2%2Fmedia&parent=294"}],"curies":[{"name":"wp","href":"https:\/\/api.w.org\/{rel}","templated":true}]}}