{"id":295,"date":"2020-11-03T18:24:13","date_gmt":"2020-11-03T17:24:13","guid":{"rendered":"https:\/\/wp-test.cro-digital.com\/?product=import-placeholder-for-18994"},"modified":"2020-11-03T18:27:51","modified_gmt":"2020-11-03T17:27:51","slug":"jane-sterilizator-za-bocice","status":"publish","type":"product","link":"https:\/\/wp-test.cro-digital.com\/?product=jane-sterilizator-za-bocice","title":{"rendered":"Jan\u00e9 sterilizator za bo\u010dice"},"content":{"rendered":"<p>Ekonomi\u010dna, jednostavna i u\u010dinkovita metoda sterilizacije, bez upotrebe kemikalija. Sterilizator je namijenjen za sterilizaciju u mikrovalnoj pe\u0107nici. Sadr\u017ei posebnu ladicu za sitne dijelove, a u glavnom pretincu mo\u017ee primiti \u010dak 6 bo\u010dica odjednom.<\/p>\n<ul>\n<li>Sterilizirajte proizvode za svoju bebu (poput duda i bo\u010dica) na najsigurniji na\u010din bez upotrebe kemikalija<\/li>\n<li>Sterilizator je namijenjen za uporabu u bilo kojoj mikrovalnoj pe\u0107nici<\/li>\n<li>Jan\u00e9ov sterilizator koristi pare za uklanjanje bakterija koje bi mogle do\u0107i u kontakt s bebinim ustima<\/li>\n<li>Malih dimenzija &#8211; mo\u017ee se ponijeti i na putovanje<\/li>\n<li>Vrijeme sterilizacije: 4 minute<\/li>\n<li>Dijelovi: postolje, poklopac, utor za bo\u010dice, ladica za sitne dijelove i hvataljka (hvataljku koristite za podizanje steriliziranih bo\u010dica).<\/li>\n<li>Sterilizirani proizvodi ostat \u0107e sterilni 24 sata.<\/li>\n<li>Pogodno za bo\u010dice visoke do 15 cm (mjere bo\u010dica s uklonjenim kapicama)<\/li>\n<li>100% siguran proizvod: bez BPA<\/li>\n<li>Dimenzije: 16,5 x 20 cm<\/li>\n<\/ul>\n","protected":false},"excerpt":{"rendered":"<p>Ekonomi\u010dna, jednostavna i u\u010dinkovita metoda sterilizacije, bez upotrebe kemikalija.<\/p>\n","protected":false},"featured_media":435,"comment_status":"closed","ping_status":"closed","template":"","meta":[],"_links":{"self":[{"href":"https:\/\/wp-test.cro-digital.com\/index.php?rest_route=\/wp\/v2\/product\/295"}],"collection":[{"href":"https:\/\/wp-test.cro-digital.com\/index.php?rest_route=\/wp\/v2\/product"}],"about":[{"href":"https:\/\/wp-test.cro-digital.com\/index.php?rest_route=\/wp\/v2\/types\/product"}],"replies":[{"embeddable":true,"href":"https:\/\/wp-test.cro-digital.com\/index.php?rest_route=%2Fwp%2Fv2%2Fcomments&post=295"}],"wp:featuredmedia":[{"embeddable":true,"href":"https:\/\/wp-test.cro-digital.com\/index.php?rest_route=\/wp\/v2\/media\/435"}],"wp:attachment":[{"href":"https:\/\/wp-test.cro-digital.com\/index.php?rest_route=%2Fwp%2Fv2%2Fmedia&parent=295"}],"curies":[{"name":"wp","href":"https:\/\/api.w.org\/{rel}","templated":true}]}}