{"id":303,"date":"2020-11-03T18:24:36","date_gmt":"2020-11-03T17:24:36","guid":{"rendered":"https:\/\/wp-test.cro-digital.com\/?product=import-placeholder-for-19001"},"modified":"2020-11-03T18:28:03","modified_gmt":"2020-11-03T17:28:03","slug":"jane-glow-muzicki-projektor","status":"publish","type":"product","link":"https:\/\/wp-test.cro-digital.com\/?product=jane-glow-muzicki-projektor","title":{"rendered":"Jan\u00e9 Glow muzi\u010dki projektor"},"content":{"rendered":"<p>Glow projektor osvjetljavat \u0107e dje\u010dju sobu efektom neba i zvijezda. Umiruju\u0107a glazba i popratni \u0161areni svjetlosni zaslon stvorit \u0107e savr\u0161enu atmosferu za miran i ugodan san.<\/p>\n<ul>\n<li>Prikladno za kori\u0161tenje od ro\u0111enja<\/li>\n<li>Glazbeni projektor s kromoterapijom- koristi frekvencije koje stvaraju razli\u010dite boje kako bi vratila tijelo u ravnote\u017eu<\/li>\n<li>Promjena boje i 4 razli\u010dite melodije<\/li>\n<li>Stvara \u010darobnu atmosferu na stropu dje\u010dje sobe<\/li>\n<li>Kombinacija opu\u0161taju\u0107e glazbe sa zvijezdama projiciranim na stropu poma\u017ee bebi da zaspi<\/li>\n<li>Zvu\u010dni senzor &#8211; glazba se aktivira bebinim pla\u010dom<\/li>\n<li>Prijenosni &#8211; mo\u017eete ga staviti bilo gdje<\/li>\n<li>Jednostavno se pri\u010dvr\u0161\u0107uje na kreveti\u0107, kolijevku ili na no\u0107ni ormari\u0107<\/li>\n<li>Radi pomo\u0107u baterija<\/li>\n<li>Baterije se kupuju posebno<\/li>\n<\/ul>\n","protected":false},"excerpt":{"rendered":"<p>Glow projektor osvjetljavat \u0107e dje\u010dju sobu efektom neba i zvijezda. Umiruju\u0107a glazba i popratni \u0161areni svjetlosni zaslon stvorit \u0107e savr\u0161enu atmosferu za miran i ugodan san.<\/p>\n","protected":false},"featured_media":443,"comment_status":"closed","ping_status":"closed","template":"","meta":[],"_links":{"self":[{"href":"https:\/\/wp-test.cro-digital.com\/index.php?rest_route=\/wp\/v2\/product\/303"}],"collection":[{"href":"https:\/\/wp-test.cro-digital.com\/index.php?rest_route=\/wp\/v2\/product"}],"about":[{"href":"https:\/\/wp-test.cro-digital.com\/index.php?rest_route=\/wp\/v2\/types\/product"}],"replies":[{"embeddable":true,"href":"https:\/\/wp-test.cro-digital.com\/index.php?rest_route=%2Fwp%2Fv2%2Fcomments&post=303"}],"wp:featuredmedia":[{"embeddable":true,"href":"https:\/\/wp-test.cro-digital.com\/index.php?rest_route=\/wp\/v2\/media\/443"}],"wp:attachment":[{"href":"https:\/\/wp-test.cro-digital.com\/index.php?rest_route=%2Fwp%2Fv2%2Fmedia&parent=303"}],"curies":[{"name":"wp","href":"https:\/\/api.w.org\/{rel}","templated":true}]}}