{"id":32,"date":"2020-11-03T18:19:10","date_gmt":"2020-11-03T17:19:10","guid":{"rendered":"https:\/\/wp-test.cro-digital.com\/?product=import-placeholder-for-11889"},"modified":"2020-11-03T18:19:49","modified_gmt":"2020-11-03T17:19:49","slug":"jane-liquid-drzac-bocice-za-kolica","status":"publish","type":"product","link":"https:\/\/wp-test.cro-digital.com\/?product=jane-liquid-drzac-bocice-za-kolica","title":{"rendered":"Jan\u00e9 Liquid dr\u017ea\u010d bo\u010dice za kolica"},"content":{"rendered":"<p>Originalan i prakti\u010dan dodatak za roditelje i bebu. On \u0107e se pobrinuti da bo\u010dica za hranjenje, voda ili bilo koji drugi napitak uvijek budu nadohvat ruke.<\/p>\n<ul>\n<li>Podesivi silikonski remen dr\u017ea\u010da prilago\u0111ava se upravlja\u010du va\u0161ih kolica<\/li>\n<li>Univerzalno &#8211; odgovara svim kolicima na tr\u017ei\u0161tu<\/li>\n<li>Jednostavno se montira na sve vrste kolica<\/li>\n<\/ul>\n","protected":false},"excerpt":{"rendered":"<p>Originalan i prakti\u010dan dodatak za roditelje i bebu. On \u0107e se pobrinuti da bo\u010dica za hranjenje, voda ili bilo koji drugi napitak uvijek budu nadohvat ruke.<\/p>\n","protected":false},"featured_media":80,"comment_status":"closed","ping_status":"closed","template":"","meta":[],"_links":{"self":[{"href":"https:\/\/wp-test.cro-digital.com\/index.php?rest_route=\/wp\/v2\/product\/32"}],"collection":[{"href":"https:\/\/wp-test.cro-digital.com\/index.php?rest_route=\/wp\/v2\/product"}],"about":[{"href":"https:\/\/wp-test.cro-digital.com\/index.php?rest_route=\/wp\/v2\/types\/product"}],"replies":[{"embeddable":true,"href":"https:\/\/wp-test.cro-digital.com\/index.php?rest_route=%2Fwp%2Fv2%2Fcomments&post=32"}],"wp:featuredmedia":[{"embeddable":true,"href":"https:\/\/wp-test.cro-digital.com\/index.php?rest_route=\/wp\/v2\/media\/80"}],"wp:attachment":[{"href":"https:\/\/wp-test.cro-digital.com\/index.php?rest_route=%2Fwp%2Fv2%2Fmedia&parent=32"}],"curies":[{"name":"wp","href":"https:\/\/api.w.org\/{rel}","templated":true}]}}