{"id":325,"date":"2020-11-03T18:25:09","date_gmt":"2020-11-03T17:25:09","guid":{"rendered":"https:\/\/wp-test.cro-digital.com\/?product=import-placeholder-for-050194-c01"},"modified":"2020-11-03T18:33:27","modified_gmt":"2020-11-03T17:33:27","slug":"jane-moon-ovlazivac-zraka-nature-edition","status":"publish","type":"product","link":"https:\/\/wp-test.cro-digital.com\/?product=jane-moon-ovlazivac-zraka-nature-edition","title":{"rendered":"Jan\u00e9 Moon ovla\u017eiva\u010d zraka &#8211; Nature Edition"},"content":{"rendered":"<p>Jane Moon bit \u0107e od velike pomo\u0107i u doba grijanja, kad zrak u stanu ili ku\u0107i postaje jako suh! Moon ovla\u017eiva\u010d zraka stvara paru sobne temperature pove\u0107avaju\u0107i relativnu vla\u017enost zraka bez pove\u0107anja temperature u prostoriji. Vrlo je tih, malih dimenzija, okrugli bucmasti, slatki i kako mu samo ime ka\u017ee podsje\u0107a na mjesec. U Jan\u00e9 Moon ovla\u017eiva\u010d zraka mo\u017eete dodati i eteri\u010dna ulja koja \u0107e opustiti va\u0161u bebu i omogu\u0107iti joj mirniji san.<\/p>\n<ul>\n<li>Ultrazvu\u010dni ovla\u017eiva\u010d zraka<\/li>\n<li>Visokofrekventnim vibracijama proizvodi nje\u017enu maglicu<\/li>\n<li>Izuzetno tih, ne ometa san<\/li>\n<li>Pove\u0107ava relativnu vla\u017enost zraka bez utjecaja na temperaturu prostorije<\/li>\n<li>2 brzine izlazne pare<\/li>\n<li>Ni\u017ea brzina &#8211; 10 sati uzastopnog rada<\/li>\n<li>Vi\u0161a brzina &#8211; 7 sati uzastopnog rada<\/li>\n<li>Lagan, prenosiv, jednostavan za uporabu<\/li>\n<li>Niska potro\u0161nja elektri\u010dne energije<\/li>\n<li>Uz dodatak eteri\u010dnog ulja slu\u017ei kao osvje\u017eiva\u010d zraka<\/li>\n<li>Mo\u017eete ga puniti vodom iz slavine, ali s vremena na vrijeme mo\u017eete doliti i mineralnu umjesto obi\u010dne vode iz slavine<\/li>\n<li>Dimenzije: 16 x 16 x 16 cm<\/li>\n<\/ul>\n","protected":false},"excerpt":{"rendered":"<p>Prekrasnu kolekciju skandinavskog dizajna \u010dini 6 proizvoda, a jedan od njih je i prekrasan ovla\u017eiva\u010d zraka Jane Moon. Jane Moon bit \u0107e od velike pomo\u0107i u doba grijanja, kad zrak u stanu ili ku\u0107i postaje jako suh!<\/p>\n","protected":false},"featured_media":648,"comment_status":"closed","ping_status":"closed","template":"","meta":[],"_links":{"self":[{"href":"https:\/\/wp-test.cro-digital.com\/index.php?rest_route=\/wp\/v2\/product\/325"}],"collection":[{"href":"https:\/\/wp-test.cro-digital.com\/index.php?rest_route=\/wp\/v2\/product"}],"about":[{"href":"https:\/\/wp-test.cro-digital.com\/index.php?rest_route=\/wp\/v2\/types\/product"}],"replies":[{"embeddable":true,"href":"https:\/\/wp-test.cro-digital.com\/index.php?rest_route=%2Fwp%2Fv2%2Fcomments&post=325"}],"wp:featuredmedia":[{"embeddable":true,"href":"https:\/\/wp-test.cro-digital.com\/index.php?rest_route=\/wp\/v2\/media\/648"}],"wp:attachment":[{"href":"https:\/\/wp-test.cro-digital.com\/index.php?rest_route=%2Fwp%2Fv2%2Fmedia&parent=325"}],"curies":[{"name":"wp","href":"https:\/\/api.w.org\/{rel}","templated":true}]}}