{"id":33,"date":"2020-11-03T18:19:10","date_gmt":"2020-11-03T17:19:10","guid":{"rendered":"https:\/\/wp-test.cro-digital.com\/?product=import-placeholder-for-11905"},"modified":"2020-11-03T18:19:51","modified_gmt":"2020-11-03T17:19:51","slug":"jane-artic-madrac-za-putni-krevetic","status":"publish","type":"product","link":"https:\/\/wp-test.cro-digital.com\/?product=jane-artic-madrac-za-putni-krevetic","title":{"rendered":"Jan\u00e9 Artic madrac za putni kreveti\u0107"},"content":{"rendered":"<p>Ugodan i prakti\u010dan madrac za putni kreveti\u0107 u nje\u017enoj be\u017e boji s veselim motivima. Vrlo mekan putni madrac mo\u017ee se koristiti i samostalno kao podloga za igru bebe. Kad se sklopi izuzetno je kompaktan i malih dimenzija, a uklju\u010duje i torbu pa \u0107e iz tog razloga biti idealan suputnik na putovanjima.<\/p>\n<ul>\n<li>Sklopivi madrac za putne kreveti\u0107e<\/li>\n<li>Preklapa se u tri jednaka dijela<\/li>\n<li>Uklju\u010duje i putnu torbu<\/li>\n<li>Punjenje: pjena<\/li>\n<li>Navlaka \u2013 30 % pamuk, 70 % poliester<\/li>\n<li>Dimenzije: 118 x 59 x 5 cm<\/li>\n<\/ul>\n","protected":false},"excerpt":{"rendered":"<p>Ugodan i prakti\u010dan madrac za putni kreveti\u0107 u nje\u017enoj be\u017e boji s veselim motivima. Vrlo mekan putni madrac mo\u017ee se koristiti i samostalno kao podloga za igru bebe.<\/p>\n","protected":false},"featured_media":83,"comment_status":"closed","ping_status":"closed","template":"","meta":[],"_links":{"self":[{"href":"https:\/\/wp-test.cro-digital.com\/index.php?rest_route=\/wp\/v2\/product\/33"}],"collection":[{"href":"https:\/\/wp-test.cro-digital.com\/index.php?rest_route=\/wp\/v2\/product"}],"about":[{"href":"https:\/\/wp-test.cro-digital.com\/index.php?rest_route=\/wp\/v2\/types\/product"}],"replies":[{"embeddable":true,"href":"https:\/\/wp-test.cro-digital.com\/index.php?rest_route=%2Fwp%2Fv2%2Fcomments&post=33"}],"wp:featuredmedia":[{"embeddable":true,"href":"https:\/\/wp-test.cro-digital.com\/index.php?rest_route=\/wp\/v2\/media\/83"}],"wp:attachment":[{"href":"https:\/\/wp-test.cro-digital.com\/index.php?rest_route=%2Fwp%2Fv2%2Fmedia&parent=33"}],"curies":[{"name":"wp","href":"https:\/\/api.w.org\/{rel}","templated":true}]}}