{"id":34,"date":"2020-11-03T18:19:10","date_gmt":"2020-11-03T17:19:10","guid":{"rendered":"https:\/\/wp-test.cro-digital.com\/?product=import-placeholder-for-11918"},"modified":"2020-11-03T18:19:55","modified_gmt":"2020-11-03T17:19:55","slug":"jane-hang-go-drzac-i-vodilica","status":"publish","type":"product","link":"https:\/\/wp-test.cro-digital.com\/?product=jane-hang-go-drzac-i-vodilica","title":{"rendered":"Jan\u00e9 Hang &#038; Go dr\u017ea\u010d i vodilica"},"content":{"rendered":"<p>Hang &amp; Go dodatak za kolica koji se sastoji od karabinjera i vodilice. Karabinjer \u0107e poslu\u017eiti prilikom kupovine kao dr\u017ea\u010d za odlaganje vre\u0107ica, a vodilica \u0107e biti vrlo korisna kad dijete ne \u017eeli sjediti u kolicima. Prakti\u010dni Hang &amp; Go pru\u017eiti \u0107e vam sigurnost i ve\u0107u kontrolu nad djetetovim kretanjem.<\/p>\n<ul>\n<li>Univerzalni dodatak za kolica &#8211; odgovara svim vrstama kolica na tr\u017ei\u0161tu<\/li>\n<li>2u1 &#8211; dr\u017ea\u010d za odlaganje vre\u0107ica i vodilica za ve\u0107u kontrolu nad djetetovim kretanjem<\/li>\n<li>Karabinjer od nehr\u0111aju\u0107eg \u010delika<\/li>\n<li>Pogodno od ro\u0111enja &#8211; kao dr\u017ea\u010d za odlaganje vre\u0107ica; te od 12+ mjeseci kao vodilica za dijete<\/li>\n<li>Sigurnije \u0161etnje &#8211; pomo\u0107u vodilice dr\u017eite svoje dijete na sigurnom i u blizini kolica<\/li>\n<li>Zabavno za dijete i sigurno za roditelje<\/li>\n<li>Brzo i jednostavno montiranje<\/li>\n<li>Podesivo po duljini<\/li>\n<li>Opremljen sigurnosnim sustavom za brzo otpu\u0161tanje ukoliko do\u0111e do neo\u010dekivane situacije<\/li>\n<li>Dimenzije: 120 x 2 cm<\/li>\n<li>Podr\u017eava: 10 kg<\/li>\n<\/ul>\n","protected":false},"excerpt":{"rendered":"<p>2u1 dodatak za kolica koji slu\u017ei kao dr\u017ea\u010d za odlaganje vre\u0107ica ili kao vodilica za dijete. Prakti\u010dni Hang &amp; Go pru\u017eiti \u0107e vam sigurnost i ve\u0107u kontrolu nad djetetovim kretanjem.<\/p>\n","protected":false},"featured_media":85,"comment_status":"closed","ping_status":"closed","template":"","meta":[],"_links":{"self":[{"href":"https:\/\/wp-test.cro-digital.com\/index.php?rest_route=\/wp\/v2\/product\/34"}],"collection":[{"href":"https:\/\/wp-test.cro-digital.com\/index.php?rest_route=\/wp\/v2\/product"}],"about":[{"href":"https:\/\/wp-test.cro-digital.com\/index.php?rest_route=\/wp\/v2\/types\/product"}],"replies":[{"embeddable":true,"href":"https:\/\/wp-test.cro-digital.com\/index.php?rest_route=%2Fwp%2Fv2%2Fcomments&post=34"}],"wp:featuredmedia":[{"embeddable":true,"href":"https:\/\/wp-test.cro-digital.com\/index.php?rest_route=\/wp\/v2\/media\/85"}],"wp:attachment":[{"href":"https:\/\/wp-test.cro-digital.com\/index.php?rest_route=%2Fwp%2Fv2%2Fmedia&parent=34"}],"curies":[{"name":"wp","href":"https:\/\/api.w.org\/{rel}","templated":true}]}}