{"id":342,"date":"2020-11-03T18:25:33","date_gmt":"2020-11-03T17:25:33","guid":{"rendered":"https:\/\/wp-test.cro-digital.com\/?product=import-placeholder-for-20026"},"modified":"2020-11-03T18:29:18","modified_gmt":"2020-11-03T17:29:18","slug":"jane-mrezica-protiv-insekata-za-kolica","status":"publish","type":"product","link":"https:\/\/wp-test.cro-digital.com\/?product=jane-mrezica-protiv-insekata-za-kolica","title":{"rendered":"Jane mre\u017eica protiv insekata za kolica"},"content":{"rendered":"<p>Mre\u017eica sa sitnim rupicama omogu\u0107iti \u0107e vam ugodne i bezbri\u017ene \u0161etnje tako \u0161to \u0107e \u0161tititi va\u0161eg mali\u0161ana od neugodnih uboda insekata.<\/p>\n<ul>\n<li>Univerzalna mre\u017eica<\/li>\n<li>\u0160titi od uboda insekata<\/li>\n<li>Vrlo jednostavno postavljanje<\/li>\n<li>Mre\u017eica crne boje &#8211; kako bi dijete lak\u0161e vidjelo okolinu<\/li>\n<li>Odgovara autosjedalicama grupe 0+ , ko\u0161arama i kolicima<\/li>\n<li>Pogodno za kori\u0161tenje od 0+ mjeseci<\/li>\n<li>Materijal: 100% nailon<\/li>\n<li>Dimenzije pakiranja: 32 x 22 x 5,5 cm<\/li>\n<\/ul>\n","protected":false},"excerpt":{"rendered":"<p>Mre\u017eica protiv komaraca omogu\u0107iti \u0107e vam ugodne i bezbri\u017ene \u0161etnje tako \u0161to \u0107e \u0161tititi va\u0161eg mali\u0161ana od neugodnih uboda insekata.<\/p>\n","protected":false},"featured_media":491,"comment_status":"closed","ping_status":"closed","template":"","meta":[],"_links":{"self":[{"href":"https:\/\/wp-test.cro-digital.com\/index.php?rest_route=\/wp\/v2\/product\/342"}],"collection":[{"href":"https:\/\/wp-test.cro-digital.com\/index.php?rest_route=\/wp\/v2\/product"}],"about":[{"href":"https:\/\/wp-test.cro-digital.com\/index.php?rest_route=\/wp\/v2\/types\/product"}],"replies":[{"embeddable":true,"href":"https:\/\/wp-test.cro-digital.com\/index.php?rest_route=%2Fwp%2Fv2%2Fcomments&post=342"}],"wp:featuredmedia":[{"embeddable":true,"href":"https:\/\/wp-test.cro-digital.com\/index.php?rest_route=\/wp\/v2\/media\/491"}],"wp:attachment":[{"href":"https:\/\/wp-test.cro-digital.com\/index.php?rest_route=%2Fwp%2Fv2%2Fmedia&parent=342"}],"curies":[{"name":"wp","href":"https:\/\/api.w.org\/{rel}","templated":true}]}}