{"id":35,"date":"2020-11-03T18:19:10","date_gmt":"2020-11-03T17:19:10","guid":{"rendered":"https:\/\/wp-test.cro-digital.com\/?product=import-placeholder-for-12280"},"modified":"2020-11-03T18:19:59","modified_gmt":"2020-11-03T17:19:59","slug":"jane-termo-torbica-za-bocicu-holi","status":"publish","type":"product","link":"https:\/\/wp-test.cro-digital.com\/?product=jane-termo-torbica-za-bocicu-holi","title":{"rendered":"Jane termo torbica za bo\u010dicu &#8211; Holi"},"content":{"rendered":"<p>Prakti\u010dna termo torbica pobrinut \u0107e se da omiljeni napitak va\u0161eg mali\u0161ana ostane topao ili hladan \u010dak 4 sata. Zahvaljuju\u0107i prekrasnom dizajnu s ru\u010dkicom, termo torbicu mo\u017eete ponijeti na putovanje ili na izlet.<\/p>\n<ul>\n<li>Pogodno za kori\u0161tenje od ro\u0111enja<\/li>\n<li>Odr\u017eava temperaturu teku\u0107ine toplom ili hladnom do 4 sata<\/li>\n<li>Odgovara svim tipovima bo\u010dica na tr\u017ei\u0161tu<\/li>\n<li>Mo\u017ee zaprimiti jednu bo\u010dicu kapaciteta 330 ml<\/li>\n<li>Unutra\u0161njost oblo\u017eena termo tkaninom<\/li>\n<li>Izuzetno lagana i prakti\u010dana<\/li>\n<li>Idealana za duga putovanja i kratke izlete<\/li>\n<\/ul>\n","protected":false},"excerpt":{"rendered":"<p>Prakti\u010dna termo torbica pobrinut \u0107e se da omiljeni napitak va\u0161eg mali\u0161ana ostane topao ili hladan \u010dak 4 sata.<\/p>\n","protected":false},"featured_media":88,"comment_status":"closed","ping_status":"closed","template":"","meta":[],"_links":{"self":[{"href":"https:\/\/wp-test.cro-digital.com\/index.php?rest_route=\/wp\/v2\/product\/35"}],"collection":[{"href":"https:\/\/wp-test.cro-digital.com\/index.php?rest_route=\/wp\/v2\/product"}],"about":[{"href":"https:\/\/wp-test.cro-digital.com\/index.php?rest_route=\/wp\/v2\/types\/product"}],"replies":[{"embeddable":true,"href":"https:\/\/wp-test.cro-digital.com\/index.php?rest_route=%2Fwp%2Fv2%2Fcomments&post=35"}],"wp:featuredmedia":[{"embeddable":true,"href":"https:\/\/wp-test.cro-digital.com\/index.php?rest_route=\/wp\/v2\/media\/88"}],"wp:attachment":[{"href":"https:\/\/wp-test.cro-digital.com\/index.php?rest_route=%2Fwp%2Fv2%2Fmedia&parent=35"}],"curies":[{"name":"wp","href":"https:\/\/api.w.org\/{rel}","templated":true}]}}