{"id":37,"date":"2020-11-03T18:19:11","date_gmt":"2020-11-03T17:19:11","guid":{"rendered":"https:\/\/wp-test.cro-digital.com\/?product=import-placeholder-for-12362"},"modified":"2020-11-03T18:20:07","modified_gmt":"2020-11-03T17:20:07","slug":"jane-stars-set-za-jelo","status":"publish","type":"product","link":"https:\/\/wp-test.cro-digital.com\/?product=jane-stars-set-za-jelo","title":{"rendered":"Jane Stars set za jelo"},"content":{"rendered":"<p>Jeste li znali da iz konvencionalnog plasti\u010dnog tanjura ili zdjele mogu iscuriti \u0161tetne kemikalije u hranu va\u0161e bebe? Pa, za razliku od klasi\u010dnog posu\u0111a, ovaj set je posebno dizajniran tako da se mo\u017ee sigurno koristiti u mikrovalnoj pe\u0107nici. Simpati\u010dan i siguran set posu\u0111a sadr\u017ei tanjur, zdjelicu, \u010da\u0161u, te metalnu \u017elicu i vilicu s plasti\u010dnom dr\u0161kom i podbradak. Set za jelo dolazi u prekrasnom pakiranju i biti \u0107e idealan poklon za mali\u0161ane.<\/p>\n<ul>\n<li data-removefontsize=\"true\" data-originalcomputedfontsize=\"16\">Sadr\u017ei tanjur, zdjelicu, \u010da\u0161u, metalnu \u017elicu i vilicu s plasti\u010dnom dr\u0161kom i podbradak<\/li>\n<li data-removefontsize=\"true\" data-originalcomputedfontsize=\"16\">Mo\u017ee se podgrijavati u mikrovalnoj pe\u0107nici<\/li>\n<li data-removefontsize=\"true\" data-originalcomputedfontsize=\"16\">Jednostavno \u010di\u0161\u0107enje: ru\u010dno ili strojno pranje<\/li>\n<li data-removefontsize=\"true\" data-originalcomputedfontsize=\"16\">Pogodno za kori\u0161tenje od 4+ mjeseci<\/li>\n<li data-removefontsize=\"true\" data-originalcomputedfontsize=\"16\">Tanjur i \u010da\u0161a imaju neklizaju\u0107u podlogu; \u0161to \u0107e sprije\u010diti klizanje pribora za jelo sa stola<\/li>\n<li data-removefontsize=\"true\" data-originalcomputedfontsize=\"16\">Vilica sa zaobljenim vrhovima<\/li>\n<li data-removefontsize=\"true\" data-originalcomputedfontsize=\"16\">\u0160alica s ru\u010dkom<\/li>\n<li data-removefontsize=\"true\" data-originalcomputedfontsize=\"16\">Podbradak od meke tkanine s veselim \u017eivotinjskim motivima<\/li>\n<li>Idealan poklon<\/li>\n<li>Materijal: Melamin<\/li>\n<li data-removefontsize=\"true\" data-originalcomputedfontsize=\"16\">100% siguran proizvod<\/li>\n<li data-removefontsize=\"true\" data-originalcomputedfontsize=\"16\">Ne sadr\u017ei: BPA, pvc, folfate, olovo<\/li>\n<\/ul>\n","protected":false},"excerpt":{"rendered":"<p>Jeste li znali da iz konvencionalnog plasti\u010dnog tanjura ili zdjele mogu iscuriti \u0161tetne kemikalije u hranu va\u0161e bebe? Pa, za razliku od klasi\u010dnog posu\u0111a, ovaj set je posebno dizajniran tako da se mo\u017ee sigurno koristiti u mikrovalnoj pe\u0107nici.<\/p>\n","protected":false},"featured_media":100,"comment_status":"closed","ping_status":"closed","template":"","meta":[],"_links":{"self":[{"href":"https:\/\/wp-test.cro-digital.com\/index.php?rest_route=\/wp\/v2\/product\/37"}],"collection":[{"href":"https:\/\/wp-test.cro-digital.com\/index.php?rest_route=\/wp\/v2\/product"}],"about":[{"href":"https:\/\/wp-test.cro-digital.com\/index.php?rest_route=\/wp\/v2\/types\/product"}],"replies":[{"embeddable":true,"href":"https:\/\/wp-test.cro-digital.com\/index.php?rest_route=%2Fwp%2Fv2%2Fcomments&post=37"}],"wp:featuredmedia":[{"embeddable":true,"href":"https:\/\/wp-test.cro-digital.com\/index.php?rest_route=\/wp\/v2\/media\/100"}],"wp:attachment":[{"href":"https:\/\/wp-test.cro-digital.com\/index.php?rest_route=%2Fwp%2Fv2%2Fmedia&parent=37"}],"curies":[{"name":"wp","href":"https:\/\/api.w.org\/{rel}","templated":true}]}}