{"id":38,"date":"2020-11-03T18:19:11","date_gmt":"2020-11-03T17:19:11","guid":{"rendered":"https:\/\/wp-test.cro-digital.com\/?product=import-placeholder-for-12371"},"modified":"2020-11-03T18:20:09","modified_gmt":"2020-11-03T17:20:09","slug":"jane-silikonska-duda-za-hranjenje","status":"publish","type":"product","link":"https:\/\/wp-test.cro-digital.com\/?product=jane-silikonska-duda-za-hranjenje","title":{"rendered":"Jan\u00e9 silikonska duda za hranjenje"},"content":{"rendered":"<p>Idealno za po\u010detak dohrane! S Jan\u00e9ovom dudom-hranilicom uvedite svoje dijete u svijet zdravih namirnica, tako \u0161to \u0107ete mu u dudu staviti komad vo\u0107a ili povr\u0107a. Silikonska duda omogu\u0107uje djetetu da samostalno jede bez opasnosti od gu\u0161enja. Ima siguran sustav zatvaranja mre\u017eica, koji dijete ne mo\u017ee otvoriti samo. Uklju\u010duje i poklopac kako bi va\u0161a duda ostala \u010dista kada ju ne koristite.<\/p>\n<ul>\n<li>Namjenjeno za djecu 5mj+<\/li>\n<li>Vrlo mekani, fleksibilni silikonski nastavak s rupicama<\/li>\n<li>Olak\u0161ava uvo\u0111enje krute hrane u prehranu<\/li>\n<li>Omogu\u0107uju djetetu da samostalno jede, bez opasnosti od gu\u0161enja<\/li>\n<li>Siguran sustav zatvaranja mre\u017eica, koji dijete ne mo\u017ee otvoriti samo<\/li>\n<li>Silikonski nastavak periv je na temperaturi do 100 stupnjeva<\/li>\n<li data-removefontsize=\"true\" data-originalcomputedfontsize=\"16\">100% siguran proizvod<\/li>\n<li data-removefontsize=\"true\" data-originalcomputedfontsize=\"16\">Ne sadr\u017ei: BPA, pvc, folfate, olovo<\/li>\n<\/ul>\n","protected":false},"excerpt":{"rendered":"<p>Idealno za po\u010detak dohrane! S Jan\u00e9ovom dudom-hranilicom uvedite svoje dijete u svijet zdravih namirnica, tako \u0161to \u0107ete mu u dudu staviti komad vo\u0107a ili povr\u0107a.<\/p>\n","protected":false},"featured_media":102,"comment_status":"closed","ping_status":"closed","template":"","meta":[],"_links":{"self":[{"href":"https:\/\/wp-test.cro-digital.com\/index.php?rest_route=\/wp\/v2\/product\/38"}],"collection":[{"href":"https:\/\/wp-test.cro-digital.com\/index.php?rest_route=\/wp\/v2\/product"}],"about":[{"href":"https:\/\/wp-test.cro-digital.com\/index.php?rest_route=\/wp\/v2\/types\/product"}],"replies":[{"embeddable":true,"href":"https:\/\/wp-test.cro-digital.com\/index.php?rest_route=%2Fwp%2Fv2%2Fcomments&post=38"}],"wp:featuredmedia":[{"embeddable":true,"href":"https:\/\/wp-test.cro-digital.com\/index.php?rest_route=\/wp\/v2\/media\/102"}],"wp:attachment":[{"href":"https:\/\/wp-test.cro-digital.com\/index.php?rest_route=%2Fwp%2Fv2%2Fmedia&parent=38"}],"curies":[{"name":"wp","href":"https:\/\/api.w.org\/{rel}","templated":true}]}}