{"id":40,"date":"2020-11-03T18:19:11","date_gmt":"2020-11-03T17:19:11","guid":{"rendered":"https:\/\/wp-test.cro-digital.com\/?product=import-placeholder-for-13036"},"modified":"2020-11-03T18:20:23","modified_gmt":"2020-11-03T17:20:23","slug":"jane-kolut-za-mamu-i-bebu-holi","status":"publish","type":"product","link":"https:\/\/wp-test.cro-digital.com\/?product=jane-kolut-za-mamu-i-bebu-holi","title":{"rendered":"Jan\u00e9 kolut za mamu i bebu &#8211; Holi"},"content":{"rendered":"<p style=\"text-align: left;\">Kolut za plivanje za bebu u koji stane i mama! Nema boljeg, pogotovo za mali\u0161ane koji vole mamu uvijek imati u blizini! Potpuno je siguran jer ih \u0161titi da ne skliznu kroz njega,\u00a0sadr\u017ei naslon i sigurnosne pojaseve za sigurnost i udobnost djeteta. Ovaj kolut omogu\u0107it \u0107e vam da ste u neposrednoj blizini svoga djeteta u prvim vodenim avanturama, a va\u0161em djetetu veselo i sigurno u\u010denje plivanja.<\/p>\n<ul>\n<li style=\"text-align: left;\">Namijenjeno za kori\u0161tenje od ro\u0111enja<\/li>\n<li>Siguran i zabavan zra\u010dni kolut za roditelje i bebu<\/li>\n<li>Sadr\u017ei naslon i rukohvat<\/li>\n<li>Dimenzije proizvoda: 88 x 57 x 29 cm<\/li>\n<li data-removefontsize=\"true\" data-originalcomputedfontsize=\"16\">100% siguran proizvod<\/li>\n<li data-removefontsize=\"true\" data-originalcomputedfontsize=\"16\">Ne sadr\u017ei: BPA, pvc, folfate, olovo<\/li>\n<\/ul>\n","protected":false},"excerpt":{"rendered":"<p>Ovaj kolut omogu\u0107it \u0107e vam da ste u neposrednoj blizini svoga djeteta u prvim vodenim avanturama, a va\u0161em djetetu veselo i sigurno u\u010denje plivanja.<\/p>\n","protected":false},"featured_media":111,"comment_status":"closed","ping_status":"closed","template":"","meta":[],"_links":{"self":[{"href":"https:\/\/wp-test.cro-digital.com\/index.php?rest_route=\/wp\/v2\/product\/40"}],"collection":[{"href":"https:\/\/wp-test.cro-digital.com\/index.php?rest_route=\/wp\/v2\/product"}],"about":[{"href":"https:\/\/wp-test.cro-digital.com\/index.php?rest_route=\/wp\/v2\/types\/product"}],"replies":[{"embeddable":true,"href":"https:\/\/wp-test.cro-digital.com\/index.php?rest_route=%2Fwp%2Fv2%2Fcomments&post=40"}],"wp:featuredmedia":[{"embeddable":true,"href":"https:\/\/wp-test.cro-digital.com\/index.php?rest_route=\/wp\/v2\/media\/111"}],"wp:attachment":[{"href":"https:\/\/wp-test.cro-digital.com\/index.php?rest_route=%2Fwp%2Fv2%2Fmedia&parent=40"}],"curies":[{"name":"wp","href":"https:\/\/api.w.org\/{rel}","templated":true}]}}