{"id":42,"date":"2020-11-03T18:19:11","date_gmt":"2020-11-03T17:19:11","guid":{"rendered":"https:\/\/wp-test.cro-digital.com\/?product=import-placeholder-for-13456"},"modified":"2020-11-03T18:20:41","modified_gmt":"2020-11-03T17:20:41","slug":"jane-jastucic-za-vrat-panda","status":"publish","type":"product","link":"https:\/\/wp-test.cro-digital.com\/?product=jane-jastucic-za-vrat-panda","title":{"rendered":"Jan\u00e9 jastu\u010di\u0107 za vrat &#8211; Panda"},"content":{"rendered":"<p>Na svakom putovanju uvijek je zabrinjavaju\u0107a \u010dinjenica da mo\u017ee do\u0107i do istezanja vratnih kralje\u017eaka sjede\u0107i u neugodnom polo\u017eaju. Vo\u017enja automobilom \u010desto uspavljuje bebu i pove\u0107ava mogu\u0107nost da joj se glavica nagne naprijed ili u stranu. Stoga, mekani jastu\u010di\u0107 osigurat \u0107e da glavica va\u0161eg djeteta tijekom cijelog putovanja ostane u sigurnom i uspravnom polo\u017eaju, osiguravaju\u0107i najbolju mogu\u0107u za\u0161titu i podr\u0161ku.<\/p>\n<ul>\n<li>Namjenjeno za kori\u0161tenje 0-18 mj<\/li>\n<li>Mekani jastuk ergonomskog oblika &#8211; podr\u017eava vratnu kralje\u017enicu<\/li>\n<li>Za ugodnije spavanje i duge vo\u017enje u autosjedalicama<\/li>\n<li>Mo\u017ee se koristiti kao dodatak u autosjedalicama ili u dje\u010djim kolicima<\/li>\n<li>Sadr\u017ei trakicu za dudu<\/li>\n<li>Perivo u hladnoj vodi<\/li>\n<li>Ne sadr\u017ei kancerogene i alergene boje<\/li>\n<li>Ne sadr\u017ei sitne dijelove koji se mogu progutati i uzrokovati gu\u0161enje<\/li>\n<li>Dimenzije proizvoda: 20 x 26 cm<\/li>\n<\/ul>\n","protected":false},"excerpt":{"rendered":"<p>Mekani jastu\u010di\u0107 osigurat \u0107e da glavica va\u0161eg djeteta tijekom cijelog putovanja ostane u sigurnom i uspravnom polo\u017eaju, osiguravaju\u0107i najbolju mogu\u0107u za\u0161titu i podr\u0161ku.<\/p>\n","protected":false},"featured_media":123,"comment_status":"closed","ping_status":"closed","template":"","meta":[],"_links":{"self":[{"href":"https:\/\/wp-test.cro-digital.com\/index.php?rest_route=\/wp\/v2\/product\/42"}],"collection":[{"href":"https:\/\/wp-test.cro-digital.com\/index.php?rest_route=\/wp\/v2\/product"}],"about":[{"href":"https:\/\/wp-test.cro-digital.com\/index.php?rest_route=\/wp\/v2\/types\/product"}],"replies":[{"embeddable":true,"href":"https:\/\/wp-test.cro-digital.com\/index.php?rest_route=%2Fwp%2Fv2%2Fcomments&post=42"}],"wp:featuredmedia":[{"embeddable":true,"href":"https:\/\/wp-test.cro-digital.com\/index.php?rest_route=\/wp\/v2\/media\/123"}],"wp:attachment":[{"href":"https:\/\/wp-test.cro-digital.com\/index.php?rest_route=%2Fwp%2Fv2%2Fmedia&parent=42"}],"curies":[{"name":"wp","href":"https:\/\/api.w.org\/{rel}","templated":true}]}}