{"id":423,"date":"2020-11-03T18:27:28","date_gmt":"2020-11-03T17:27:28","guid":{"rendered":"https:\/\/wp-test.cro-digital.com\/?product=import-placeholder-for-20140"},"modified":"2020-11-03T18:29:40","modified_gmt":"2020-11-03T17:29:40","slug":"jane-sigurnosno-ogledalo","status":"publish","type":"product","link":"https:\/\/wp-test.cro-digital.com\/?product=jane-sigurnosno-ogledalo","title":{"rendered":"Jan\u00e9 sigurnosno ogledalo"},"content":{"rendered":"<p>U\u010dinite svoje putovanje lak\u0161im s Jan\u00e9 sigurnosnim ogledalom. To je konveksno ogledalo koje \u0107e vam omogu\u0107iti nadzor djeteta tijekom cijelog putovanja.\u00a0Podesivo je rotacijskim savijanjem tako da mo\u017eete vidjeti stra\u017enje sjedalo iz bilo kojeg kuta.\u00a0Sigurnosno zrcalo ima i sustav za blokiranje zbog kojeg se ne\u0107e mijenjati tra\u017eeno vidno polje.<\/p>\n<ul>\n<li>Konveksno ogledalo za nadzor djeteta tijekom putovanja<\/li>\n<li>Podesivo rotacijskim savijanjem &#8211; omogu\u0107ava pogled na stra\u017enje sjedalo iz bilo kojeg kuta<\/li>\n<li>Sustav za blokiranje &#8211; ne\u0107e mijenjati tra\u017eeno vidno polje<\/li>\n<li>Dimenzije proizvoda: 24 x 21 cm<\/li>\n<\/ul>\n","protected":false},"excerpt":{"rendered":"<p>U\u010dinite svoje putovanje lak\u0161im s Jan\u00e9 sigurnosnim ogledalom. To je konveksno ogledalo koje \u0107e vam omogu\u0107iti nadzor djeteta tijekom cijelog putovanja.<\/p>\n","protected":false},"featured_media":508,"comment_status":"closed","ping_status":"closed","template":"","meta":[],"_links":{"self":[{"href":"https:\/\/wp-test.cro-digital.com\/index.php?rest_route=\/wp\/v2\/product\/423"}],"collection":[{"href":"https:\/\/wp-test.cro-digital.com\/index.php?rest_route=\/wp\/v2\/product"}],"about":[{"href":"https:\/\/wp-test.cro-digital.com\/index.php?rest_route=\/wp\/v2\/types\/product"}],"replies":[{"embeddable":true,"href":"https:\/\/wp-test.cro-digital.com\/index.php?rest_route=%2Fwp%2Fv2%2Fcomments&post=423"}],"wp:featuredmedia":[{"embeddable":true,"href":"https:\/\/wp-test.cro-digital.com\/index.php?rest_route=\/wp\/v2\/media\/508"}],"wp:attachment":[{"href":"https:\/\/wp-test.cro-digital.com\/index.php?rest_route=%2Fwp%2Fv2%2Fmedia&parent=423"}],"curies":[{"name":"wp","href":"https:\/\/api.w.org\/{rel}","templated":true}]}}