{"id":44,"date":"2020-11-03T18:19:12","date_gmt":"2020-11-03T17:19:12","guid":{"rendered":"https:\/\/wp-test.cro-digital.com\/?product=import-placeholder-for-13461"},"modified":"2020-11-03T18:23:41","modified_gmt":"2020-11-03T17:23:41","slug":"jane-sokis-cipelice-za-prohodavanje","status":"publish","type":"product","link":"https:\/\/wp-test.cro-digital.com\/?product=jane-sokis-cipelice-za-prohodavanje","title":{"rendered":"Jane Soki\u2019s cipelice za prohodavanje"},"content":{"rendered":"<p>Jan\u00e9 Soki\u2019s udobne cipelice koje \u0107e vas odu\u0161eviti zahvaljuju\u0107i neklizaju\u0107oj gumenoj potplati sa bo\u010dnim i prednjim poja\u010danjem. Soki\u2019s cipelice bit \u0107e uz va\u0161eg mali\u0161ana prilikom puzanja, prvih koraka i hodanja.<\/p>\n<ul>\n<li>Siguran, neklizaju\u0107i gumeni potplat.<\/li>\n<li>Mekan i nje\u017ean materijal navla\u010di se poput \u010darapa.<\/li>\n<li>Prozra\u010dan materijal.<\/li>\n<li>Povi\u0161en stra\u017enji dio kako ne bi do\u0161lo do proklizavanja.<\/li>\n<li>Prednje gumeno poja\u010danje \u0161titit \u0107e malene prsti\u0107e.<\/li>\n<li>Materijal: 80% pamuk, 17% poliestersko vlakno, 3% spandex.<\/li>\n<li>Perive u perilici za rublje na 30\u00ba.<\/li>\n<\/ul>\n<p>Veli\u010dine:<\/p>\n<ul>\n<li>M (broj nogice djeteta 19-20)<\/li>\n<li>L (broj nogice djeteta 21-22)<\/li>\n<\/ul>\n<p>Boja:<\/p>\n<ul>\n<li>Roza i zelena (ukoliko \u017eelite odre\u0111enu boju molimo Vas da prilikom narud\u017ebe u napomenu upi\u0161ete boju)<\/li>\n<\/ul>\n","protected":false},"excerpt":{"rendered":"<p>Soki\u2019s cipelice bit \u0107e uz va\u0161eg mali\u0161ana prilikom puzanja, prvih koraka i hodanja.<\/p>\n","protected":false},"featured_media":131,"comment_status":"closed","ping_status":"closed","template":"","meta":[],"_links":{"self":[{"href":"https:\/\/wp-test.cro-digital.com\/index.php?rest_route=\/wp\/v2\/product\/44"}],"collection":[{"href":"https:\/\/wp-test.cro-digital.com\/index.php?rest_route=\/wp\/v2\/product"}],"about":[{"href":"https:\/\/wp-test.cro-digital.com\/index.php?rest_route=\/wp\/v2\/types\/product"}],"replies":[{"embeddable":true,"href":"https:\/\/wp-test.cro-digital.com\/index.php?rest_route=%2Fwp%2Fv2%2Fcomments&post=44"}],"wp:featuredmedia":[{"embeddable":true,"href":"https:\/\/wp-test.cro-digital.com\/index.php?rest_route=\/wp\/v2\/media\/131"}],"wp:attachment":[{"href":"https:\/\/wp-test.cro-digital.com\/index.php?rest_route=%2Fwp%2Fv2%2Fmedia&parent=44"}],"curies":[{"name":"wp","href":"https:\/\/api.w.org\/{rel}","templated":true}]}}