{"id":442,"date":"2020-11-03T18:27:54","date_gmt":"2020-11-03T17:27:54","guid":{"rendered":"https:\/\/wp-test.cro-digital.com\/?product=import-placeholder-for-20487"},"modified":"2020-11-03T18:37:49","modified_gmt":"2020-11-03T17:37:49","slug":"jane-poklon-set-za-novorodence","status":"publish","type":"product","link":"https:\/\/wp-test.cro-digital.com\/?product=jane-poklon-set-za-novorodence","title":{"rendered":"Jane poklon set za novoro\u0111en\u010de"},"content":{"rendered":"<p>Prekrasan set sadr\u017ei sve \u0161to je potrebno maloj bebi, a bit \u0107e idealan poklon za dobrodo\u0161licu na ovaj prekrasan svijet. Vesela zve\u010dkica namijenjena je malim ru\u010dicama, a pobrinut \u0107e se za zabavu i razvijanje motori\u010dkih sposobnosti bebe. Silikonska duda varalica oblikovana kao maj\u010dina bradavica s mekanim vrhom savr\u0161eno \u0107e se prilagoditi bebinom licu, a okrugli oblik dude omogu\u0107it \u0107e lak\u0161i protok zraka i time \u0107e smanjiti mogu\u0107nost iritacije. Prakti\u010dni plasti\u010dni dr\u017ea\u010d \u010duvat \u0107e dudu da se vi\u0161e nikad ne izgubi, a kutijica za dudu dr\u017eat \u0107e dudu \u010distom i uvijek spremnom za kori\u0161tenje. Prekrasan set za novoro\u0111en\u010de dostupan je u 3 nje\u017ene boje.<\/p>\n<ul>\n<li>Prikladno za kori\u0161tenje od ro\u0111enja<\/li>\n<li>Sadr\u017ei zve\u010dku, dudu varalicu, lan\u010di\u0107 za dudu i kutijicu za dudu<\/li>\n<li>Zve\u010dka \u2013 laka i jednostavna za dr\u017eanje (anatomski prilago\u0111ena bebinim ru\u010dicama)<\/li>\n<li>Silikonska duda oblikovana kao maj\u010dina bradavica \u2013 omogu\u0107ava pravilan protok zraka bez ostavljanja tragova i iritacije na bebinom licu<\/li>\n<li>Lan\u010di\u0107 za dudu sprije\u010dava dudu da padne ili da se izgubi<\/li>\n<li>Kutijica za dudu \u2013 za higijensko i prikladno \u010duvanje dude<\/li>\n<li>Jednostavno \u010di\u0161\u0107enje: ru\u010dno ili strojno pranje<\/li>\n<li>Idealan poklon<\/li>\n<li>100% siguran proizvod<\/li>\n<li>Ne sadr\u017ei: BPA, pvc, folfate, olovo<\/li>\n<li>Dimenzije pakiranja: 7 x 27,5 x 22,5 cm<\/li>\n<\/ul>\n","protected":false},"excerpt":{"rendered":"<p>Prekrasan set sadr\u017ei sve \u0161to je potrebno maloj bebi, a bit \u0107e idealan poklon za dobrodo\u0161licu na ovaj prekrasan svijet.<\/p>\n","protected":false},"featured_media":542,"comment_status":"closed","ping_status":"closed","template":"","meta":[],"_links":{"self":[{"href":"https:\/\/wp-test.cro-digital.com\/index.php?rest_route=\/wp\/v2\/product\/442"}],"collection":[{"href":"https:\/\/wp-test.cro-digital.com\/index.php?rest_route=\/wp\/v2\/product"}],"about":[{"href":"https:\/\/wp-test.cro-digital.com\/index.php?rest_route=\/wp\/v2\/types\/product"}],"replies":[{"embeddable":true,"href":"https:\/\/wp-test.cro-digital.com\/index.php?rest_route=%2Fwp%2Fv2%2Fcomments&post=442"}],"wp:featuredmedia":[{"embeddable":true,"href":"https:\/\/wp-test.cro-digital.com\/index.php?rest_route=\/wp\/v2\/media\/542"}],"wp:attachment":[{"href":"https:\/\/wp-test.cro-digital.com\/index.php?rest_route=%2Fwp%2Fv2%2Fmedia&parent=442"}],"curies":[{"name":"wp","href":"https:\/\/api.w.org\/{rel}","templated":true}]}}