{"id":47,"date":"2020-11-03T18:19:12","date_gmt":"2020-11-03T17:19:12","guid":{"rendered":"https:\/\/wp-test.cro-digital.com\/?product=import-placeholder-for-13481"},"modified":"2020-11-03T18:21:13","modified_gmt":"2020-11-03T17:21:13","slug":"jane-drzac-za-tablet-i-ogledalo","status":"publish","type":"product","link":"https:\/\/wp-test.cro-digital.com\/?product=jane-drzac-za-tablet-i-ogledalo","title":{"rendered":"Jan\u00e9 dr\u017ea\u010d za tablet i ogledalo"},"content":{"rendered":"<p>Dr\u017ea\u010d za tablet i sigurnosno ogledalo objedinjeni u jednom prizvodu pobrinut \u0107e se za sigurnu vo\u017enju i vrhunsku zabavu va\u0161eg mali\u0161ana tijekom dugih putovanja.<\/p>\n<p><strong>Proizvod se sastoji od sigurnosnog ogledala, dr\u017ea\u010da za tablet i manjeg sigurnosnog ogledala koje je odvojivo.<\/strong><\/p>\n<ul>\n<li>Dr\u017ea\u010d za tablet i sigurnosno ogledalo koje odgovara ve\u0107ini automobilskih sjedala na tr\u017ei\u0161tu<\/li>\n<li>Sigurnosno ogledalo &#8211; veliko vidno polje zahvaljuju\u0107i konveksnom obliku<\/li>\n<li>Uklju\u010duje odvojivo (manje) ogledalo na strani na kojoj se proizvod koristi kao dr\u017ea\u010d za tablet<\/li>\n<li>Dizajniran je tako da mo\u017eete odr\u017eavati vizualni kontakt s djetetom koje putuje okrenuto suprotno od smjera vo\u017enje (autosjedalica grupe 0+ ili 1)<\/li>\n<li>Jane sigurnosno ogledalo postavlja se na naslon za glavu stra\u017enjeg sjedala va\u0161eg automobila &#8211; okrenut prema naprijed (nasuprot djetetovom licu)<\/li>\n<li>Omogu\u0107uje jednostavno montiranje na bilo koji naslon za glavu zahvaljuju\u0107i traci i kop\u010di za brzo pode\u0161avanje; bez ometanja vidljivosti na stra\u017enjem prozoru<\/li>\n<li>Ako se koristi kao dr\u017ea\u010d za tablet &#8211; dijete se mo\u017ee zabavljati dok putuje, a vi ga mo\u017eete vidjeti pomo\u0107u dodatnog (manjeg) pomo\u0107nog zrcala<\/li>\n<li>Oblo\u017een je specijalnom tkaninom koja ne sjaji na suncu<\/li>\n<li>Dimenzije proizvoda: 26 x 20 cm<\/li>\n<\/ul>\n","protected":false},"excerpt":{"rendered":"<p>Dr\u017ea\u010d za tablet i sigurnosno ogledalo objedinjeno u jednom prizvodu pobrinut \u0107e se za sigurnu vo\u017enju i vrhunsku zabavu va\u0161eg mali\u0161ana tijekom dugih putovanja.<\/p>\n","protected":false},"featured_media":140,"comment_status":"closed","ping_status":"closed","template":"","meta":[],"_links":{"self":[{"href":"https:\/\/wp-test.cro-digital.com\/index.php?rest_route=\/wp\/v2\/product\/47"}],"collection":[{"href":"https:\/\/wp-test.cro-digital.com\/index.php?rest_route=\/wp\/v2\/product"}],"about":[{"href":"https:\/\/wp-test.cro-digital.com\/index.php?rest_route=\/wp\/v2\/types\/product"}],"replies":[{"embeddable":true,"href":"https:\/\/wp-test.cro-digital.com\/index.php?rest_route=%2Fwp%2Fv2%2Fcomments&post=47"}],"wp:featuredmedia":[{"embeddable":true,"href":"https:\/\/wp-test.cro-digital.com\/index.php?rest_route=\/wp\/v2\/media\/140"}],"wp:attachment":[{"href":"https:\/\/wp-test.cro-digital.com\/index.php?rest_route=%2Fwp%2Fv2%2Fmedia&parent=47"}],"curies":[{"name":"wp","href":"https:\/\/api.w.org\/{rel}","templated":true}]}}