{"id":48,"date":"2020-11-03T18:19:12","date_gmt":"2020-11-03T17:19:12","guid":{"rendered":"https:\/\/wp-test.cro-digital.com\/?product=import-placeholder-for-13482"},"modified":"2020-11-03T18:21:22","modified_gmt":"2020-11-03T17:21:22","slug":"jane-sigurnosni-pojas-za-trudnice","status":"publish","type":"product","link":"https:\/\/wp-test.cro-digital.com\/?product=jane-sigurnosni-pojas-za-trudnice","title":{"rendered":"Jan\u00e9 sigurnosni pojas za trudnice"},"content":{"rendered":"<p>Pojas koji \u0107e \u010duvati dva \u017eivota! Janeov sigurnosni pojas za trudnice ne ometa sigurnosne performanse pojasa u automobilu, ali poma\u017ee pravilno postavljanje pojasa kako biste za\u0161titili svoje jo\u0161 nero\u0111eno dijete. U slu\u010daju sudara i naglih ko\u010denja, va\u0161e dijete koje se nalazi u prednjem dijelu trbuha izlo\u017eeno je velikim optere\u0107enjima. Iz tog razloga, ispod sigurnosnog pojasa u automobilu postavlja se Janeov sigurnosni pojas za trudnice koji se postavlja u razini kukova kako bi \u0161titio bebu. Osim \u0161to \u0161titi jo\u0161 ne ro\u0111eno dijete, Janeov sigurnosni pojas za trudnice pove\u0107ava udobnost za budu\u0107u majku smanjuju\u0107i neugodan pritisak na trbuh i mjehur tijekom puta. Zahvaljuju\u0107i univerzalnoj veli\u010dini pojas se mo\u017ee ugraditi u sve vrste automobila.<\/p>\n<ul>\n<li>Sigurnosni pojas za trudnice, posebno dizajniran za za\u0161titu jo\u0161 ne ro\u0111enog djeteta i majke u slu\u010daju prometne nezgode i naglih ko\u010denja<\/li>\n<li>Mo\u017ee se koristiti preko hla\u010da i haljine<\/li>\n<li>Janeov sigurnosni pojas za trudnice ne mijenja svrhu sigurnosnog pojasa u automobilu &#8211; on odr\u017eava pravilan polo\u017eaj pojasa<\/li>\n<li>Idealno za sve koji su imali operaciju abdomena i \u017eeluca ili carski rez &#8211; smanjuje nelagodu i bol<\/li>\n<li>Dimenzije proizvoda: 30 x 46 cm<\/li>\n<\/ul>\n<p>&nbsp;<\/p>\n<p>&nbsp;<\/p>\n","protected":false},"excerpt":{"rendered":"<p>Pojas koji \u0107e \u010duvati dva \u017eivota! Janeov sigurnosni pojas za trudnice ne ometa sigurnosne performanse pojasa u automobilu, ali poma\u017ee pravilno postavljanje pojasa kako biste za\u0161titili svoje jo\u0161 ne ro\u0111eno dijete.<\/p>\n","protected":false},"featured_media":149,"comment_status":"closed","ping_status":"closed","template":"","meta":[],"_links":{"self":[{"href":"https:\/\/wp-test.cro-digital.com\/index.php?rest_route=\/wp\/v2\/product\/48"}],"collection":[{"href":"https:\/\/wp-test.cro-digital.com\/index.php?rest_route=\/wp\/v2\/product"}],"about":[{"href":"https:\/\/wp-test.cro-digital.com\/index.php?rest_route=\/wp\/v2\/types\/product"}],"replies":[{"embeddable":true,"href":"https:\/\/wp-test.cro-digital.com\/index.php?rest_route=%2Fwp%2Fv2%2Fcomments&post=48"}],"wp:featuredmedia":[{"embeddable":true,"href":"https:\/\/wp-test.cro-digital.com\/index.php?rest_route=\/wp\/v2\/media\/149"}],"wp:attachment":[{"href":"https:\/\/wp-test.cro-digital.com\/index.php?rest_route=%2Fwp%2Fv2%2Fmedia&parent=48"}],"curies":[{"name":"wp","href":"https:\/\/api.w.org\/{rel}","templated":true}]}}