{"id":485,"date":"2020-11-03T18:29:05","date_gmt":"2020-11-03T17:29:05","guid":{"rendered":"https:\/\/wp-test.cro-digital.com\/?product=import-placeholder-for-20600"},"modified":"2020-11-03T18:32:26","modified_gmt":"2020-11-03T17:32:26","slug":"jane-igloo-zimska-vreca-shadow","status":"publish","type":"product","link":"https:\/\/wp-test.cro-digital.com\/?product=jane-igloo-zimska-vreca-shadow","title":{"rendered":"Jan\u00e9 Igloo zimska vre\u0107a &#8211; Shadow"},"content":{"rendered":"<p>Jan\u00e9 Igloo je univerzalna zimska vre\u0107a modernog dizajna koja \u0107e pru\u017eiti udobnost i toplinu va\u0161em djetetu u hladnim zimskim danima. Vre\u0107a je vrlo prostrana i meka, s podesivnom elasti\u010dnom vrpcom koja stvara dojam krovi\u0107a koji \u0107e dobro \u0161tititi glavicu va\u0161eg mali\u0161ana. Igloo ima lekr\u0161avu, meku i toplu unutra\u0161njost koja ju \u010dini savr\u0161enom opcijom za za\u0161titu va\u0161e bebe u najhladnijim danima. Za toplije dane u godini, pomo\u0107u patentnih zatvara\u010da gornji dio vre\u0107e mo\u017eete potpuno ukloniti i tako napraviti mekanu podlogu od flisa za va\u0161a kolica. Jan\u00e9 Igloo zimsku vre\u0107u s obzirom da je univerzalna mo\u017ee koristiti na razli\u010dite na\u010dine u gotovo svim vrstama dje\u010djih kolica.<\/p>\n<p><img loading=\"lazy\" class=\"size-full wp-image-38600 alignnone\" src=\"https:\/\/www.all4kids.com.hr\/wp-content\/uploads\/2019\/10\/Igloo-lifestyle.jpg\" alt=\"\" width=\"2046\" height=\"2046\" \/><\/p>\n<ul>\n<li><strong>Novi dizajn koji \u0107e se u potpunosti prilagoditi obliku va\u0161ih kolica<\/strong> &#8211; s 2 stra\u017enje elasti\u010dne trake koje se postavljaju ispod sjedala kako bi se vre\u0107a potpuno priljubila uz sjedalo.<\/li>\n<li><strong>Meka, pli\u0161ana unutarnja tkanina i podesiva kapulja\u010da s elasti\u010dnom trakom<\/strong> (ne mo\u017ee se skinuti).<\/li>\n<li>Ima otvore za prolaz sigurnosni pojaseva kolica \u0161to je \u010dini sigurnom opcijom za kori\u0161tenje u kolicima.<\/li>\n<li>Patentni zatvara\u010di u sredini, iznutra, te sa bo\u010dnih strana zimske vre\u0107e.<\/li>\n<li>Zatvara\u010di na bo\u010dnim stranama omogu\u0107avaju potpuno skidanje gornjeg dijela vre\u0107e.<\/li>\n<li>2 u 1 &#8211; <strong>Uklonite prednji dio vre\u0107e i upotrijebite donji dio kao udobnu i meku podlogu za va\u0161a kolica.<\/strong><\/li>\n<li>\u0160titi od hladno\u0107e i vjetra.<\/li>\n<li>Materijal otporan na habanje i mrlje.<\/li>\n<li>Najkvalitetniji patentni zatvara\u010di i materijali.<\/li>\n<li>Sadr\u017ei unutarnju za\u0161titu protiv prljanja u podru\u010dju predvi\u0111enom za dje\u010dje no\u017eice.<\/li>\n<li>Dimenzije proizvoda: 53 x 105 cm<\/li>\n<\/ul>\n","protected":false},"excerpt":{"rendered":"<p>Jan\u00e9 Igloo je univerzalna zimska vre\u0107a modernog dizajna koja \u0107e pru\u017eiti udobnost i toplinu va\u0161em djetetu u hladnim zimskim danima. Kad postane malo toplije, s Igloo zimske vre\u0107e mo\u017eete ukloniti gornji i tako ju pretvoriti u udobnu i meku podlogu za va\u0161a kolica.<\/p>\n","protected":false},"featured_media":614,"comment_status":"closed","ping_status":"closed","template":"","meta":[],"_links":{"self":[{"href":"https:\/\/wp-test.cro-digital.com\/index.php?rest_route=\/wp\/v2\/product\/485"}],"collection":[{"href":"https:\/\/wp-test.cro-digital.com\/index.php?rest_route=\/wp\/v2\/product"}],"about":[{"href":"https:\/\/wp-test.cro-digital.com\/index.php?rest_route=\/wp\/v2\/types\/product"}],"replies":[{"embeddable":true,"href":"https:\/\/wp-test.cro-digital.com\/index.php?rest_route=%2Fwp%2Fv2%2Fcomments&post=485"}],"wp:featuredmedia":[{"embeddable":true,"href":"https:\/\/wp-test.cro-digital.com\/index.php?rest_route=\/wp\/v2\/media\/614"}],"wp:attachment":[{"href":"https:\/\/wp-test.cro-digital.com\/index.php?rest_route=%2Fwp%2Fv2%2Fmedia&parent=485"}],"curies":[{"name":"wp","href":"https:\/\/api.w.org\/{rel}","templated":true}]}}