{"id":486,"date":"2020-11-03T18:29:05","date_gmt":"2020-11-03T17:29:05","guid":{"rendered":"https:\/\/wp-test.cro-digital.com\/?product=import-placeholder-for-20632"},"modified":"2020-11-03T18:32:41","modified_gmt":"2020-11-03T17:32:41","slug":"jane-sleep-fun-krevetic-vrtic-stars","status":"publish","type":"product","link":"https:\/\/wp-test.cro-digital.com\/?product=jane-sleep-fun-krevetic-vrtic-stars","title":{"rendered":"Jan\u00e9 Sleep &#038; Fun kreveti\u0107 \/ vrti\u0107 &#8211; Stars"},"content":{"rendered":"<p>Sleep &amp; Fun je prakti\u010dan, udoban i siguran proizvod koji uklju\u010duje kreveti\u0107 i vrti\u0107 za igranje u jednom. Sleep &amp; Fun sadr\u017ei dvije razine; gornju koja je predvi\u0111ena za kori\u0161tenje od ro\u0111enja, a slu\u017eit \u0107e kao kreveti\u0107 ili kolijevka, te donju razinu\u00a0 za igranje sa mogu\u0107no\u0161\u0107u otvaranja jedne od strane kako bi beba mogla samostalno i nesmetano izlaziti i ulaziti u svoj sigurni kutak za igranje. Sleep &amp; Fun posebno je osmi\u0161ljen kako bi omogu\u0107io Va\u0161oj bebi udobno spavanje i igru kako kod ku\u0107e tako i na putovanju.<\/p>\n<ul>\n<li>Namijenjen djeci od ro\u0111enja do 3 godine starosti<\/li>\n<li>2u1 &#8211; kreveti\u0107 i vrti\u0107 za igru<\/li>\n<li>Dimenzije gornjeg madraca: 80 x 49 cm<\/li>\n<li>Gornji dio kreveti\u0107a je prikladan od ro\u0111enja<\/li>\n<li>Dimenzije donjeg madraca: 117 x 74 cm<\/li>\n<li>Donji dio kreveti\u0107a (vrti\u0107 za igru) namijenjen za kori\u0161tenje do 3 godine starosti<\/li>\n<li>100% aluminijska konstrukcija<\/li>\n<li>Sklopiv je i lagan &#8211; idealan za putovanja<\/li>\n<li>Pakiranje uklju\u010duje torbu za transport prilikom putovanja<\/li>\n<li>Dimenzije kreveti\u0107a:\u00a0117 x 86 x 70 cm<\/li>\n<li>Dimenzije sklopljenog kreveti\u0107a:\u00a081 x 22 x 59 cm<\/li>\n<li>Te\u017eina proizvoda:\u00a07,5 kg<\/li>\n<\/ul>\n","protected":false},"excerpt":{"rendered":"<p>Sleep &amp; Fun je prakti\u010dan, udoban i siguran proizvod koji uklju\u010duje kreveti\u0107 i vrti\u0107 za igranje u jednom. Sleep &amp; Fun posebno je osmi\u0161ljen kako bi omogu\u0107io Va\u0161oj bebi udobno spavanje i igru kako kod ku\u0107e tako i na putovanju.<\/p>\n","protected":false},"featured_media":618,"comment_status":"closed","ping_status":"closed","template":"","meta":[],"_links":{"self":[{"href":"https:\/\/wp-test.cro-digital.com\/index.php?rest_route=\/wp\/v2\/product\/486"}],"collection":[{"href":"https:\/\/wp-test.cro-digital.com\/index.php?rest_route=\/wp\/v2\/product"}],"about":[{"href":"https:\/\/wp-test.cro-digital.com\/index.php?rest_route=\/wp\/v2\/types\/product"}],"replies":[{"embeddable":true,"href":"https:\/\/wp-test.cro-digital.com\/index.php?rest_route=%2Fwp%2Fv2%2Fcomments&post=486"}],"wp:featuredmedia":[{"embeddable":true,"href":"https:\/\/wp-test.cro-digital.com\/index.php?rest_route=\/wp\/v2\/media\/618"}],"wp:attachment":[{"href":"https:\/\/wp-test.cro-digital.com\/index.php?rest_route=%2Fwp%2Fv2%2Fmedia&parent=486"}],"curies":[{"name":"wp","href":"https:\/\/api.w.org\/{rel}","templated":true}]}}