{"id":49,"date":"2020-11-03T18:19:13","date_gmt":"2020-11-03T17:19:13","guid":{"rendered":"https:\/\/wp-test.cro-digital.com\/?product=import-placeholder-for-13506"},"modified":"2020-11-03T18:21:37","modified_gmt":"2020-11-03T17:21:37","slug":"jane-anatomski-jastuk-2u1","status":"publish","type":"product","link":"https:\/\/wp-test.cro-digital.com\/?product=jane-anatomski-jastuk-2u1","title":{"rendered":"Jane anatomski jastuk 2u1"},"content":{"rendered":"<p>Vi\u0161enamjenski anatomski jastuk za spavanje.\u00a0U prvoj (0-4 mj) fazi koristi se strana na kojoj je okrugli jastuk, posebno oblikovan\u00a0<strong>protiv sindroma \u2018ule\u017eane\u2019 glave (Plagiocefalija).\u00a0<\/strong>Ve\u0107i jastuk pravokutnog oblika, tako\u0111er se mo\u017ee koristiti od ro\u0111enja pa sve do 3 godine starosti, a izra\u0111en je od prozra\u010dnog materijala u kombinaciji sa perforiranom memori pjenom kako bi beba mogla pravilno disati za vrijeme spavanja, bez opasnosti od gu\u0161enja.<\/p>\n<ul>\n<li>Vi\u0161enamjenski anatomski jastuk za spavanje<\/li>\n<li>Posebno dizajniran protiv sindroma ule\u017eane glave i za pravilno disanje va\u0161e bebe tijekom spavanja<\/li>\n<li>Prva faza (0 \u2013 4 mj) \u2013 manji (okrugli) jastuk<\/li>\n<li>Druga faza (0 \u2013 36 mj) \u2013 ve\u0107i jastuk pravokutnog oblika<\/li>\n<li>Navlake izra\u0111ene od 100% pamuka<\/li>\n<li>Punjenje: perforirana memori pjena<\/li>\n<li>Perive navlake<\/li>\n<li>Antialergijski proizvod<\/li>\n<li>Dimenzije okruglog jastu\u010di\u0107a: 20 x 24 cm<\/li>\n<li>Dimenzije pravokutnog jastu\u010di\u0107a: 30 x 40 cm<\/li>\n<\/ul>\n","protected":false},"excerpt":{"rendered":"<p>Jane -ov anatomski jastuk za spavanje posebno dizajniran protiv sindroma ule\u017eane glave i za pravilno disanje va\u0161e bebe tijekom spavanja.<\/p>\n","protected":false},"featured_media":158,"comment_status":"closed","ping_status":"closed","template":"","meta":[],"_links":{"self":[{"href":"https:\/\/wp-test.cro-digital.com\/index.php?rest_route=\/wp\/v2\/product\/49"}],"collection":[{"href":"https:\/\/wp-test.cro-digital.com\/index.php?rest_route=\/wp\/v2\/product"}],"about":[{"href":"https:\/\/wp-test.cro-digital.com\/index.php?rest_route=\/wp\/v2\/types\/product"}],"replies":[{"embeddable":true,"href":"https:\/\/wp-test.cro-digital.com\/index.php?rest_route=%2Fwp%2Fv2%2Fcomments&post=49"}],"wp:featuredmedia":[{"embeddable":true,"href":"https:\/\/wp-test.cro-digital.com\/index.php?rest_route=\/wp\/v2\/media\/158"}],"wp:attachment":[{"href":"https:\/\/wp-test.cro-digital.com\/index.php?rest_route=%2Fwp%2Fv2%2Fmedia&parent=49"}],"curies":[{"name":"wp","href":"https:\/\/api.w.org\/{rel}","templated":true}]}}