{"id":500,"date":"2020-11-03T18:29:27","date_gmt":"2020-11-03T17:29:27","guid":{"rendered":"https:\/\/wp-test.cro-digital.com\/?product=import-placeholder-for-21016"},"modified":"2020-11-03T18:34:00","modified_gmt":"2020-11-03T17:34:00","slug":"isofix-baza-jane-iplatform","status":"publish","type":"product","link":"https:\/\/wp-test.cro-digital.com\/?product=isofix-baza-jane-iplatform","title":{"rendered":"Isofix baza &#8211; Jane iPlatform"},"content":{"rendered":"<div class=\"woocommerce-tabs wc-tabs-wrapper tabs tabs-default tabs-ready\">\n<p>\u010cinjenica da se instalacija autosjedalice u automobil pomo\u0107u sigurnosnih pojaseva automobila mo\u017ee \u010diniti komplicirana, dovela je do razvoja iPlatform baze za autosjedalicu. iPlatform baza osigurava sigurnu, prakti\u010dnu i brzu instalaciju koja je dovr\u0161ena u samo jednom potezu. Baza je \u010dvrsto pri\u010dvr\u0161\u0107ena na sjedalo automobila pomo\u0107u Isofix sustava koji maksimizira sigurnost baze budu\u0107i da Isofix sustav uvelike smanjuje rizik od bilo kakve pogre\u0161ke prilikom instalacije.<\/p>\n<ul>\n<li>iPlatform baza zadovoljava i prema\u0161uje kriterije iSize regulative ECE R129<\/li>\n<li>Baza je dizajnirana tako da se mo\u017ee ostaviti trajno ugra\u0111ena u automobilu<\/li>\n<li>Sustav protiv zakretanja sa stabilizacijskom nogom mo\u017ee se podesiti na 7 razli\u010ditih visina kako bi odgovarao ve\u0107ini automobila na tr\u017ei\u0161tu.<\/li>\n<li><strong>Baza odgovara autosjedalici Jan\u00e9 iKoos, Jan\u00e9 Koos i-Size\u00a0 i Matrix i-Size\u00a0<\/strong><\/li>\n<\/ul>\n<\/div>\n","protected":false},"excerpt":{"rendered":"<p>iPlatform baza zna\u010di sigurnu, prakti\u010dnu i brzu instalaciju koja je dovr\u0161ena samo jednim jednostavnim potezom. Baza je \u010dvrsto pri\u010dvr\u0161\u0107ena na vozilo pomo\u0107u Isofix sustav koji maksimizira sigurnost baze, budu\u0107i da Isofix sustav uvelike smanjuje rizik od bilo kakve pogre\u0161ke prilikom instalacije.<\/p>\n","protected":false},"featured_media":670,"comment_status":"closed","ping_status":"closed","template":"","meta":[],"_links":{"self":[{"href":"https:\/\/wp-test.cro-digital.com\/index.php?rest_route=\/wp\/v2\/product\/500"}],"collection":[{"href":"https:\/\/wp-test.cro-digital.com\/index.php?rest_route=\/wp\/v2\/product"}],"about":[{"href":"https:\/\/wp-test.cro-digital.com\/index.php?rest_route=\/wp\/v2\/types\/product"}],"replies":[{"embeddable":true,"href":"https:\/\/wp-test.cro-digital.com\/index.php?rest_route=%2Fwp%2Fv2%2Fcomments&post=500"}],"wp:featuredmedia":[{"embeddable":true,"href":"https:\/\/wp-test.cro-digital.com\/index.php?rest_route=\/wp\/v2\/media\/670"}],"wp:attachment":[{"href":"https:\/\/wp-test.cro-digital.com\/index.php?rest_route=%2Fwp%2Fv2%2Fmedia&parent=500"}],"curies":[{"name":"wp","href":"https:\/\/api.w.org\/{rel}","templated":true}]}}