{"id":501,"date":"2020-11-03T18:29:27","date_gmt":"2020-11-03T17:29:27","guid":{"rendered":"https:\/\/wp-test.cro-digital.com\/?product=import-placeholder-for-21018"},"modified":"2020-11-03T18:34:04","modified_gmt":"2020-11-03T17:34:04","slug":"jane-muzicka-kahlica","status":"publish","type":"product","link":"https:\/\/wp-test.cro-digital.com\/?product=jane-muzicka-kahlica","title":{"rendered":"Jan\u00e9 muzi\u010dka kahlica"},"content":{"rendered":"<p>Jan\u00e9 glazbena kahlica \u010dini odvikavanje od pelena i u\u010denje na kahlicu zabavnim zahvaljuju\u0107i gumbu kojim se aktivira glazba. Simpati\u010dnu glazbu mo\u017eete pustiti djetetu kao nagradu za pravilno obavljenu nu\u017edu. Kahlica ima poklopac te odvojivu posudu za lak\u0161e \u010di\u0161\u0107enje.<\/p>\n<ul>\n<li>Pogodno za kori\u0161tenje od 12+ mjeseci<\/li>\n<li>Prakti\u010dna i higijenska kahlica<\/li>\n<li>Odvojiv spremnik omogu\u0107uje lak\u0161e \u010di\u0161\u0107enje<\/li>\n<li>Aktivacija glazbe pritiskom na gumb<\/li>\n<li>Vrlo udobna za bebu: ergonomski oblikovana i podstavljena<\/li>\n<li>\u017divih boja &#8211; uo\u010dljiva i zabavna<\/li>\n<li>Visokokvalitetni proizvod sa zaobljenim uglovima &#8211; siguran proizvod<\/li>\n<li>Izra\u0111en od vrhunskih materijala<\/li>\n<li>Baterije uklju\u010dene<\/li>\n<li>Dimenzije proizvoda: 20 x 30 x 35 cm<\/li>\n<\/ul>\n","protected":false},"excerpt":{"rendered":"<p>Jan\u00e9 glazbena kahlica \u010dini odvikavanje od pelena i u\u010denje na kahlicu zabavnim zahvaljuju\u0107i gumbu kojim se aktivira glazba.<\/p>\n","protected":false},"featured_media":675,"comment_status":"closed","ping_status":"closed","template":"","meta":[],"_links":{"self":[{"href":"https:\/\/wp-test.cro-digital.com\/index.php?rest_route=\/wp\/v2\/product\/501"}],"collection":[{"href":"https:\/\/wp-test.cro-digital.com\/index.php?rest_route=\/wp\/v2\/product"}],"about":[{"href":"https:\/\/wp-test.cro-digital.com\/index.php?rest_route=\/wp\/v2\/types\/product"}],"replies":[{"embeddable":true,"href":"https:\/\/wp-test.cro-digital.com\/index.php?rest_route=%2Fwp%2Fv2%2Fcomments&post=501"}],"wp:featuredmedia":[{"embeddable":true,"href":"https:\/\/wp-test.cro-digital.com\/index.php?rest_route=\/wp\/v2\/media\/675"}],"wp:attachment":[{"href":"https:\/\/wp-test.cro-digital.com\/index.php?rest_route=%2Fwp%2Fv2%2Fmedia&parent=501"}],"curies":[{"name":"wp","href":"https:\/\/api.w.org\/{rel}","templated":true}]}}