{"id":518,"date":"2020-11-03T18:29:54","date_gmt":"2020-11-03T17:29:54","guid":{"rendered":"https:\/\/wp-test.cro-digital.com\/?product=import-placeholder-for-21484"},"modified":"2020-11-03T18:34:18","modified_gmt":"2020-11-03T17:34:18","slug":"jane-tangram-univerzalna-dvostrana-podloga","status":"publish","type":"product","link":"https:\/\/wp-test.cro-digital.com\/?product=jane-tangram-univerzalna-dvostrana-podloga","title":{"rendered":"Jan\u00e9 Tangram univerzalna dvostrana podloga"},"content":{"rendered":"<p>Jan\u00e9 Tangram podloga pru\u017eit \u0107e va\u0161em mali\u0161anu potrebnu udobnost od prvog dana. Zahvaljuju\u0107i njenom dizajnu mo\u017ee se koristiti kao dodatak \u010ditavoj dje\u010djoj opremi, kao \u0161to su: kolica, ko\u0161are, autosjedalice, hranilice i le\u017ealjke. Tako\u0111er, univerzalnu podlogu mo\u017eete koristiti tijekom cijele godine jer sadr\u017ei prozra\u010dnu ljetnu i toplu zimsku stranu.<\/p>\n<p>Osim za udobnost, ova podloga pobrinut \u0107e se za sigurnost i pravilan razvoj djeteta, tako \u0161to \u0107e smanjiti slobodan prostor oko novoro\u0111enog djeteta i tako sprje\u010diti nepotrebne o\u0161tre pokrete, te \u0107e osigurati pravilan polo\u017eaj djetetovih le\u0111a i kralje\u017enice. Gornji dio podloge posebno je oblikovan protiv sindroma ule\u017eane glavice (Plagiocefalie).<\/p>\n<ul>\n<li>Namijenjena za kori\u0161tenje od ro\u0111enja<\/li>\n<li><strong>Univerzalna podloga<\/strong> &#8211; prilago\u0111ava se \u010ditavoj dje\u010djoj opremi (kolica, ko\u0161are, autosjedalice, hranilice i le\u017ealjke).<\/li>\n<li><strong>Dvostrana podloga<\/strong>\u00a0 &#8211; topla zimska i prozra\u010dna ljetna strana.<\/li>\n<li>Savr\u0161eno se prilago\u0111ava temperaturi zahvaljuju\u0107i vi\u0161eslojnoj oblozi.<\/li>\n<li>Jednostavna za postavljanje i uklanjanje zahvaljuju\u0107i dizajnu koji omogu\u0107ava prolaz pojaseva.<\/li>\n<li><strong>Ergonomski i zaobljeni jastu\u010di\u0107 za glavu<\/strong> &#8211; posebno oblikovan protiv sindroma ule\u017eane glavice (Plagiocefalia).<\/li>\n<li>Podstavljeni rubovi podloge &#8211; kako bi bebina le\u0111a i kralje\u017enica bili u ispravnom polo\u017eaju.<\/li>\n<li>Udobno i meko punjenje<\/li>\n<li>Mo\u017ee se prati ru\u010dno ili strojno &#8211; oprati u hladnoj vodi s blagim deterd\u017eentima.<\/li>\n<li><strong>Materijal:<\/strong> 100% pamuk; punjenje: mre\u017eica i pjena.<\/li>\n<li>Dimenzije: 33 x 62cm<\/li>\n<\/ul>\n","protected":false},"excerpt":{"rendered":"<p>Jan\u00e9-ova dvostrana podloga pru\u017eit \u0107e va\u0161em mali\u0161anu potrebnu udobnost u kolicima, autosjedalici, hranilici ili le\u017ealjci. Univerzalna podloga namijenjena je za kori\u0161tenje tijekom cijele godine jer sadr\u017ei zimsku i ljetnu stranu.<\/p>\n","protected":false},"featured_media":677,"comment_status":"closed","ping_status":"closed","template":"","meta":[],"_links":{"self":[{"href":"https:\/\/wp-test.cro-digital.com\/index.php?rest_route=\/wp\/v2\/product\/518"}],"collection":[{"href":"https:\/\/wp-test.cro-digital.com\/index.php?rest_route=\/wp\/v2\/product"}],"about":[{"href":"https:\/\/wp-test.cro-digital.com\/index.php?rest_route=\/wp\/v2\/types\/product"}],"replies":[{"embeddable":true,"href":"https:\/\/wp-test.cro-digital.com\/index.php?rest_route=%2Fwp%2Fv2%2Fcomments&post=518"}],"wp:featuredmedia":[{"embeddable":true,"href":"https:\/\/wp-test.cro-digital.com\/index.php?rest_route=\/wp\/v2\/media\/677"}],"wp:attachment":[{"href":"https:\/\/wp-test.cro-digital.com\/index.php?rest_route=%2Fwp%2Fv2%2Fmedia&parent=518"}],"curies":[{"name":"wp","href":"https:\/\/api.w.org\/{rel}","templated":true}]}}