{"id":519,"date":"2020-11-03T18:29:55","date_gmt":"2020-11-03T17:29:55","guid":{"rendered":"https:\/\/wp-test.cro-digital.com\/?product=import-placeholder-for-21900"},"modified":"2020-11-03T18:34:32","modified_gmt":"2020-11-03T17:34:32","slug":"jane-kawai-micro-koos-isize-r1-baobab","status":"publish","type":"product","link":"https:\/\/wp-test.cro-digital.com\/?product=jane-kawai-micro-koos-isize-r1-baobab","title":{"rendered":"Jane Kawai + Micro + Koos iSize R1 &#8211; Baobab"},"content":{"rendered":"<p>Kawai \u0107e pretvoriti svaki izlazak s va\u0161om bebom u pravu avanturu. Ona su super moderna dje\u010dja kolica koja \u0107e se savr\u0161eno snalaziti po svim tipovima gradskih terena. Idealna su za u\u017eurbani tempo i rutine svakodnevnog gradskog \u017eivota, kao i za duge \u0161etnje parkovima. Sama konstrukcija kolica je robusna i jaka, a ujedno i lagana, te lako sklopiva sa ili bez skinutih kota\u010da. Tu su i veliki stra\u017enji koa\u010di za ugodniju i stailniju vo\u017enju, te prostani sjede\u0107i dio koji je u potpunosti podesiv prema djetetovim potrebama, kao i vrlo duboka ko\u0161ara za stvari. Na vama ostaje pepustiti se njihovim fenomenalnim karakteristikama i u\u017eivati u nezaboravnim trenucima s va\u0161im mali\u0161anom.<\/p>\n<p><strong>Kawai kolica 3u1 sastoje se od:<\/strong>\u00a0kolica sa sportskim dijelom, Micro ko\u0161are za kolica, K oos iSize R1 autosjedalice, torbe s podlogom za prematanje i ki\u0161ne kabanice.<\/p>\n<p><strong>Jan\u00e9 Kawai<\/strong><\/p>\n<ul>\n<li>Namijenjena za kori\u0161tenje od ro\u0111enja do 15 kg<\/li>\n<li>Izuzetno lagana aluminijska konstrukcija opremljena s patentiranim Pro-fix sustavom koji omogu\u0107uje postavljanje i skidanje sjede\u0107eg dijela, autosjedalice i ko\u0161are uz pomo\u0107 samo jednog klika.<\/li>\n<li><strong>Mogu\u0107nost postavljanja sjede\u0107eg dijela u oba smjera.<\/strong><\/li>\n<li><strong>Prostrano sjedi\u0161te.<\/strong><\/li>\n<li>Udobno sjedalo s\u00a0<strong>vi\u0161e nezavisnih polo\u017eaja za le\u0111a<\/strong>\u00a0\u2013 naslon podesiv na potez trake.<\/li>\n<li><strong>Ergonomska ru\u010dka za upravljanje<\/strong>\u00a0presvu\u010dena eko ko\u017eom \u2013\u00a0<strong>teleskopski<\/strong>\u00a0<strong>podesiva u vi\u0161e polo\u017eaja visine<\/strong>\u00a0(91 \u2013 105 cm).<\/li>\n<li><strong>Podesiv naslon za noge.<\/strong><\/li>\n<li>Specijalne prozra\u010dne tkanine otporne na habanje, vodu, te ostale teku\u0107ine i mrlje.<\/li>\n<li>Uklonjive i perive navlake (30\u00b0 bez centrifuge)<\/li>\n<li>Dodatna, izuzetno mekana podloga za sjedenje.<\/li>\n<li><strong>Velik i produljiv krovi\u0107<\/strong>\u00a0(3 pozicije) pru\u017ea maksimalnu za\u0161titu od \u0161tetnih UV zraka (SPF 50+), ki\u0161e i vjetra.<\/li>\n<li><strong>Sustav vrlo jednostavnog sklapanja i rasklapanja.<\/strong><\/li>\n<li>Lako odvojivi kota\u010di za ve\u0107u kompaktnost prilikom sklapanja.<\/li>\n<li><strong>Udobna no\u017ena ko\u010dnica.<\/strong><\/li>\n<li>Podesivi sigurnosni remen\u010di\u0107i u 5 to\u010daka.<\/li>\n<li><strong>Izuzetno velika ko\u0161ara za stvari<\/strong>\u00a0nosivosti 4 kg\/18 l.<\/li>\n<li><strong>Ve\u0107i kota\u010di s prednjim i stra\u017enjim ovjesom<\/strong>\u00a0\u2013 kako bi se lak\u0161e sna\u0161li na bilo kojem terenu.<\/li>\n<li>Kota\u010di od poliuretanske gume \u2013 otporni na bu\u0161enje; 10 puta bolje apsorbiraju udarce od tradicionalnih guma.<\/li>\n<li>Prednji okretni kota\u010di mogu se zaklju\u010dati.<\/li>\n<li>Promjer prednjih kota\u010da: 19,5 cm<\/li>\n<li>Promjer zadnjih kota\u010da: 29 cm<\/li>\n<li>Dimenzije kolica: 82-97 x 61 x 91-105 cm<\/li>\n<li><strong>Dimenzije sklopljenih kolica:<\/strong>\u00a064 x 61 x 29 cm<\/li>\n<li>Te\u017eina konstrukcije: 7.8 kg<\/li>\n<li>Te\u017eina sjede\u0107eg dijela: 3.8 kg<\/li>\n<li><strong>Ukupna te\u017eina konstrukcije i sjede\u0107eg dijela:<\/strong>\u00a011,6 kg<\/li>\n<\/ul>\n<p>&nbsp;<\/p>\n<p><strong>Jan\u00e9\u00a0Mikro<\/strong>\u00a0sklopiva ko\u0161ara za kolica<\/p>\n<ul>\n<li>Odobrena u skladu s Europskim sigurnosnim standardom za dje\u010dja kolica EN1888<\/li>\n<li>Micro ko\u0161ara pru\u017ea prakti\u010dnu i laganu mogu\u0107nost prijevoza bebe dok se odmara.<\/li>\n<li>Za sklapanje i otvaranje ko\u0161are koristite dvije trake na krajevima ko\u0161are.<\/li>\n<li>Ko\u0161ara je napravljena od aluminija koji ju \u010dini izuzetno laganom, a ujedno i modernog izgleda.<\/li>\n<li>\u010cvrsta jednodijelna baza\/dno omogu\u0107uje djetetu kvalitetan odmor.<\/li>\n<li>Zahvaljuju\u0107i ergonomskom madracu ko\u0161ara je pogodna za spavanje preko no\u0107i ili za odmor tijekom dana.<\/li>\n<li>Ko\u0161ara je opremljena ergonomskom ru\u010dkom za lak\u0161i transport.<\/li>\n<li>Svi tekstili su napravljeni od prozra\u010dne tkanine koja je vodonepropusna, te \u0161titi od UV zraka, ki\u0161e i vjetra.<\/li>\n<li>Krovi\u0107 je produljiv i sklapa se zajedno sa konstrukcijom ko\u0161are.<\/li>\n<li>Uklonjive i perive navlake (30\u00b0 bez centrifuge).<\/li>\n<li>Pro-fix sustav za jednostavno i brzo pri\u010dvr\u0161\u0107ivanje ko\u0161are na konstrukciju kolica \u2013 nema potrebe za kori\u0161tenjem ili kupnjom dodatnih adaptera.<\/li>\n<li>Bo\u010dno sadr\u017ei trake za dodatno pri\u010dvr\u0161\u0107ivanje na konstrukciju \u2013 pove\u0107ava sigurnost i smanjuje ljuljanje ko\u0161are tijekom \u0161etnje po neravnim terenima.<\/li>\n<li>Maksimalno optere\u0107enje: 9 kg<\/li>\n<li>Veli\u010dina unutarnjeg madraca: 74 x 30 cm<\/li>\n<li>Dimenzije ko\u0161are: 80 x 45 x 30 cm<\/li>\n<li>Dimenzije sklopljene ko\u0161are: 80 x 45 x 15 cm<\/li>\n<li>Te\u017eina ko\u0161are: 4 kg<\/li>\n<\/ul>\n<p>&nbsp;<\/p>\n<p><strong>Koos iSize R1\u00a0<\/strong>autosjedalica 40-83 cm<\/p>\n<ul>\n<li>Odobrena u skladu s Uredbom ECE R129, za djecu visine izme\u0111u 40 -83 cm, od ro\u0111enja do cca 15 mjeseci.<\/li>\n<li>U autu se ve\u017ee pomo\u0107u sigurnosnog pojasa ili montiranjem na iKoos Platform isofix bazu koja se kupuje zasebno.<\/li>\n<li>Kada se koristi s Isofix bazom, u automobilu je pri\u010dvr\u0161\u0107ena pomo\u0107u isofix-a, te s potpornom nogom protiv rotacije radi potpune sigurnosti \u2013 najsigurniji instalacijski sustav koji sprje\u010dava bilo kakve pogre\u0161ke u instalaciji koje bi mogle utjecati na sigurnost.<\/li>\n<li>Koos iSize R1 kompatibilan je s europskim propisima R44 i novim R129 (iSize) \u2013 mo\u017ee se vezati pojasevima od automobila ukoliko ne postoji mogu\u0107nost pri\u010dvr\u0161\u0107ivanja pomo\u0107u isofix-a.<\/li>\n<li>Bo\u010dne za\u0161tite na autosjedalici posebno su dizajnirane da apsorbiraju bo\u010dne udare tijekom sudara.<\/li>\n<li>Dodatnu sigurnost pru\u017ea i naslon za glavu koji je oblo\u017een \u201cmemorijskom pjenom\u201d za maksimalnu za\u0161titu u slu\u010daju bo\u010dnog udara.<\/li>\n<li>Vi\u0161enamjenski gumb za jednostavnije pode\u0161avanje ru\u010dke za no\u0161enje, te za uklanjanje autosjedalice s konstrukcije kolica.<\/li>\n<li>Ventilacijski sustav za protok zraka.<\/li>\n<li>Umetak za novoro\u0111en\u010de od 40 do 60 cm \u2013 pobolj\u0161ava kut sjedanja i pove\u0107ava sigurnost u slu\u010daju bo\u010dnog udara.<\/li>\n<li>Podesivi naslon za glavu u 5 polo\u017eaja \u2013 mo\u017ee se podesiti dok dijete sjedi u autosjedalici.<\/li>\n<li>Sigurnosni pojasevi se automatski prilago\u0111avaju kad podi\u017eete naslon za glavu prema djetetovoj visini (potrebno ih je samo produljiti\/skratiti pritiskom na tipku izme\u0111u nogica).<\/li>\n<li>Sigurnosni pojas u 3 to\u010dke s pode\u0161avanjem u jednom potezu.<\/li>\n<li>Indikatori za ispravno postavljanje autosjedalice.<\/li>\n<li>Produljivi krovi\u0107 s dodatnim nastavkom protiv UV zraka (SPF 50+) i vjetra.<\/li>\n<li>Pretinac za pohranu osobnih stvari.<\/li>\n<li>Uklonjive i perive navlake (30\u00b0 bez centrifuge).<\/li>\n<li>Pro-fix sustav za jednostavno i brzo pri\u010dvr\u0161\u0107ivanje autosjedalice na konstrukciju kolica \u2013 nema potrebe za kori\u0161tenjem ili kupnjom dodatnih adaptera.<\/li>\n<li>Dimenzije autosjedalice: 66 x 44 x 58 cm<\/li>\n<li>Te\u017eina autosjedalice: 3 kg<\/li>\n<\/ul>\n<p style=\"text-align: center;\"><strong>Nagrade<img loading=\"lazy\" class=\"aligncenter size-full wp-image-28600\" src=\"https:\/\/www.all4kids.com.hr\/wp-content\/uploads\/2019\/10\/Koos-iSize-R1-nagrade.jpg\" alt=\"\" width=\"1010\" height=\"166\" \/><\/strong><\/p>\n","protected":false},"excerpt":{"rendered":"<p>Kawai \u0107e pretvoriti svaki izlazak s va\u0161om bebom u pravu avanturu. Ona su super moderna dje\u010dja kolica koja \u0107e se savr\u0161eno snalaziti po svim tipovima gradskih terena. Idealna su za u\u017eurbani tempo i rutine svakodnevnog gradskog \u017eivota, kao i za duge \u0161etnje parkovima.<\/p>\n","protected":false},"featured_media":686,"comment_status":"closed","ping_status":"closed","template":"","meta":[],"_links":{"self":[{"href":"https:\/\/wp-test.cro-digital.com\/index.php?rest_route=\/wp\/v2\/product\/519"}],"collection":[{"href":"https:\/\/wp-test.cro-digital.com\/index.php?rest_route=\/wp\/v2\/product"}],"about":[{"href":"https:\/\/wp-test.cro-digital.com\/index.php?rest_route=\/wp\/v2\/types\/product"}],"replies":[{"embeddable":true,"href":"https:\/\/wp-test.cro-digital.com\/index.php?rest_route=%2Fwp%2Fv2%2Fcomments&post=519"}],"wp:featuredmedia":[{"embeddable":true,"href":"https:\/\/wp-test.cro-digital.com\/index.php?rest_route=\/wp\/v2\/media\/686"}],"wp:attachment":[{"href":"https:\/\/wp-test.cro-digital.com\/index.php?rest_route=%2Fwp%2Fv2%2Fmedia&parent=519"}],"curies":[{"name":"wp","href":"https:\/\/api.w.org\/{rel}","templated":true}]}}