{"id":520,"date":"2020-11-03T18:29:55","date_gmt":"2020-11-03T17:29:55","guid":{"rendered":"https:\/\/wp-test.cro-digital.com\/?product=import-placeholder-for-6841-t82"},"modified":"2020-11-03T18:37:33","modified_gmt":"2020-11-03T17:37:33","slug":"jane-duo-level-alu-putni-krevetic-cosmos","status":"publish","type":"product","link":"https:\/\/wp-test.cro-digital.com\/?product=jane-duo-level-alu-putni-krevetic-cosmos","title":{"rendered":"Jane Duo Level Alu putni kreveti\u0107 &#8211; Cosmos"},"content":{"rendered":"<p>Putni kreveti\u0107 nije samo ne\u0161to \u0161to kupujete za odmor, on se mo\u017ee tako\u0111er koristiti kao kreveti\u0107 za novoro\u0111en\u010de, kao zamjena za kinderbet ili kao sigurno mjesto za popodnevni odmor i igru. Prednost ovog putnog kreveti\u0107a je veli\u010dina (120 x 64 cm) koja odgovara veli\u010dini klasi\u010dnog drvenog kreveti\u0107a tako da vam ne\u0107e trebati posteljina posebne veli\u010dine. Rije\u010d je o kreveti\u0107u koji vam omogu\u0107uje da promijenite razinu madraca na 2 razli\u010dite visine. Gornja razina idealna je od ro\u0111enja do 3 ili 4 mjeseca, pomo\u0107i \u0107e smanjiti napetost na le\u0111ima kada dijete uspavljujete, a mo\u0107i \u0107ete ju koristiti dok dijete ne po\u010dne sjediti bez pomo\u0107i. Poseban je i po tome \u0161to je izuzetno izdr\u017eljiv zahvaljuju\u0107i \u010dvrstoj aluminijskoj konstrukciji.<\/p>\n<ul>\n<li>Pogodno od ro\u0111enja do 3 godine<\/li>\n<li>2 visine madraca \u2013 najvi\u0161i polo\u017eaj pogodan za novoro\u0111en\u010dad<\/li>\n<li>Uklju\u010duje odvojiv luk s mekanim igra\u010dkicama<\/li>\n<li>Na bo\u010dnoj strani veliki d\u017eep za pohranu igra\u010daka i stvari<\/li>\n<li>U kompletu sa transportnom torbom<\/li>\n<li>Kota\u010di za lak\u0161e pomicanje, kota\u010di se mogu zako\u010diti<\/li>\n<li>Aluminijska konstrukcija &#8211; izdr\u017eljiv i \u010dvrst<\/li>\n<li>Mekana podstavljena podloga madraca<\/li>\n<li>Spu\u017evaste navlake za lak\u0161e odr\u017eavanje<\/li>\n<li>Lagano sklapanje i rasklapanje<\/li>\n<li>Mo\u017ee se koristiti i kao vrti\u0107<\/li>\n<li>Uklju\u010duje torbu za prijenos kreveti\u0107a<\/li>\n<li>Dimenzije madraca: 120 x 64 cm<\/li>\n<li>Dubina kreveta s uklju\u010denim madracem: u donjem polo\u017eaju 64 cm ili u gornjem polo\u017eaju 39 cm<\/li>\n<li>Dimenzije otvorenog kreveti\u0107a: 132 x 71,5 x 77 cm<\/li>\n<li>Dimenzije skopljenog kreveti\u0107a: 24 x 24 x 81,5 cm<\/li>\n<li>Te\u017eina: 10,5 kg<\/li>\n<\/ul>\n","protected":false},"excerpt":{"rendered":"<p>Putni kreveti\u0107 nije samo ne\u0161to \u0161to kupujete za odmor, on se mo\u017ee tako\u0111er koristiti kao kreveti\u0107 za novoro\u0111en\u010de, kao zamjena za kinderbet ili kao sigurno mjesto za popodnevni odmor i igru.<\/p>\n","protected":false},"featured_media":833,"comment_status":"closed","ping_status":"closed","template":"","meta":[],"_links":{"self":[{"href":"https:\/\/wp-test.cro-digital.com\/index.php?rest_route=\/wp\/v2\/product\/520"}],"collection":[{"href":"https:\/\/wp-test.cro-digital.com\/index.php?rest_route=\/wp\/v2\/product"}],"about":[{"href":"https:\/\/wp-test.cro-digital.com\/index.php?rest_route=\/wp\/v2\/types\/product"}],"replies":[{"embeddable":true,"href":"https:\/\/wp-test.cro-digital.com\/index.php?rest_route=%2Fwp%2Fv2%2Fcomments&post=520"}],"wp:featuredmedia":[{"embeddable":true,"href":"https:\/\/wp-test.cro-digital.com\/index.php?rest_route=\/wp\/v2\/media\/833"}],"wp:attachment":[{"href":"https:\/\/wp-test.cro-digital.com\/index.php?rest_route=%2Fwp%2Fv2%2Fmedia&parent=520"}],"curies":[{"name":"wp","href":"https:\/\/api.w.org\/{rel}","templated":true}]}}