{"id":522,"date":"2020-11-03T18:29:55","date_gmt":"2020-11-03T17:29:55","guid":{"rendered":"https:\/\/wp-test.cro-digital.com\/?product=import-placeholder-for-6236-t82"},"modified":"2020-11-03T18:37:21","modified_gmt":"2020-11-03T17:37:21","slug":"hranilica-2u1-jane-activa-evo-cosmos","status":"publish","type":"product","link":"https:\/\/wp-test.cro-digital.com\/?product=hranilica-2u1-jane-activa-evo-cosmos","title":{"rendered":"Hranilica 2u1 &#8211; Jane Activa Evo Cosmos"},"content":{"rendered":"<p>Activa Evo je hranilica koja se vrlo lako transformira u stol i stolicu. Zahvaljuju\u0107i dvijama funkcijama lako \u0107e pratiti rast va\u0161eg djeteta. U vrijeme obroka Activa Evo slu\u017eit \u0107e kao hranilica, te kao stol i stolica u vrijeme crtanja ili bojanja. Napravljena je od visoko kvalitetne i ergonomski oblikovane plastike za sigurnost i udobnost va\u0161eg djeteta.<\/p>\n<ul>\n<li><span lang=\"hr\" tabindex=\"0\">Pogodno za dijete od 6 mjeseci do 3 godine starosti<\/span><\/li>\n<li><span lang=\"hr\" tabindex=\"0\">Pretvara se iz hranilice u mali stoli\u0107 i stolicu<\/span><\/li>\n<li><span lang=\"hr\" tabindex=\"0\">4 polo\u017eaja naslona<\/span><\/li>\n<li><span lang=\"hr\" tabindex=\"0\">3 polo\u017eaja pladnja hranilice<\/span><\/li>\n<li><span lang=\"hr\" tabindex=\"0\">Dvostruki pladanj za hranjenje \u2013 za lak\u0161e odr\u017eavanje, te higijensko hranjenje i igranje<\/span><\/li>\n<li><span lang=\"hr\" tabindex=\"0\">Odvojiva i periva navlaka stolice<\/span><\/li>\n<li><span lang=\"hr\" tabindex=\"0\">Sigurnosni pojas veziv u pet to\u010daka<\/span><\/li>\n<li><span lang=\"hr\" tabindex=\"0\">Ergonomski oblikovana stolica za sigurnost i udobnost<\/span><\/li>\n<li><span lang=\"hr\" tabindex=\"0\">Dimenzije proizvoda: 53 x 58 x 104 cm<\/span><\/li>\n<li><span lang=\"hr\" tabindex=\"0\">Te\u017eina proizvoda: 10kg<\/span><\/li>\n<\/ul>\n","protected":false},"excerpt":{"rendered":"<p>U vrijeme obroka Activa Evo slu\u017eit \u0107e kao hranilica, te kao stol i stolica u vrijeme crtanja ili bojanja.<\/p>\n","protected":false},"featured_media":823,"comment_status":"closed","ping_status":"closed","template":"","meta":[],"_links":{"self":[{"href":"https:\/\/wp-test.cro-digital.com\/index.php?rest_route=\/wp\/v2\/product\/522"}],"collection":[{"href":"https:\/\/wp-test.cro-digital.com\/index.php?rest_route=\/wp\/v2\/product"}],"about":[{"href":"https:\/\/wp-test.cro-digital.com\/index.php?rest_route=\/wp\/v2\/types\/product"}],"replies":[{"embeddable":true,"href":"https:\/\/wp-test.cro-digital.com\/index.php?rest_route=%2Fwp%2Fv2%2Fcomments&post=522"}],"wp:featuredmedia":[{"embeddable":true,"href":"https:\/\/wp-test.cro-digital.com\/index.php?rest_route=\/wp\/v2\/media\/823"}],"wp:attachment":[{"href":"https:\/\/wp-test.cro-digital.com\/index.php?rest_route=%2Fwp%2Fv2%2Fmedia&parent=522"}],"curies":[{"name":"wp","href":"https:\/\/api.w.org\/{rel}","templated":true}]}}