{"id":525,"date":"2020-11-03T18:29:55","date_gmt":"2020-11-03T17:29:55","guid":{"rendered":"https:\/\/wp-test.cro-digital.com\/?product=import-placeholder-for-21943"},"modified":"2020-11-03T18:35:01","modified_gmt":"2020-11-03T17:35:01","slug":"jane-sigurnosno-ogledalo-s-led-svjetlom","status":"publish","type":"product","link":"https:\/\/wp-test.cro-digital.com\/?product=jane-sigurnosno-ogledalo-s-led-svjetlom","title":{"rendered":"Jan\u00e9 sigurnosno ogledalo s LED svjetlom"},"content":{"rendered":"<p>Jane sigurnosno ogledalo s LED svjetlom univerzalni je dodatak za stra\u017enje sjedalo koji \u0107e omogu\u0107iti nadzor djeteta u autosjedalici okrenutoj suprotno od smjera vo\u017enje. Lako se postavlja pomo\u0107u traka, a mo\u017ee se pode\u0161avati i rotacijskim savijanjem \u0161to \u0107e vam omogu\u0107iti pogled na stra\u017enje sjedalo iz bilo kojeg kuta. Sigurnosno ogledalo sadr\u017ei dva LED svjetla na bo\u010dnim stranama koja \u0107e pobolj\u0161ati vidljivost prilikom no\u0107ne vo\u017enje, a njih mo\u017eete uklju\u010diti ili isklju\u010diti pomo\u0107u daljinskog upravlja\u010da.<\/p>\n<ul>\n<li>Konveksno ogledalo s LED svjetlom za nadzor djeteta tijekom putovanja<\/li>\n<li>Dolazi s daljinskim upravlja\u010dem za jednostavno upravljanje svjetlom<\/li>\n<li>Sadr\u017ei 2 bo\u010dna LED svjetla koja \u0107e omogu\u0107iti da jasno vidite svoje dijete prilikom slabijeg osvjetljenja<\/li>\n<li>LED svjetla uklju\u010duju se polako kako bi za\u0161titila o\u010di va\u0161eg djeteta od jakog bljeska<\/li>\n<li>LED svjetla ne ometaju vo\u017enju niti unutarnja svjetla u automobilu<\/li>\n<li>Podesivo rotacijskim savijanjem (360\u00b0) \u0161to omogu\u0107ava pogled na stra\u017enje sjedalo iz bilo kojeg kuta<\/li>\n<li>Sustav za blokiranje &#8211; ne\u0107e mijenjati tra\u017eeno vidno polje<\/li>\n<li>Potrebne su baterije: Ogledalo &#8211; 3 x AA \/ LR6 (1,5 V); Daljinski upravlja\u010d &#8211; 2 x AAA LR6 (1,5 V)<\/li>\n<li>Dimenzije proizvoda: 7 x 28 x 20 cm<\/li>\n<\/ul>\n","protected":false},"excerpt":{"rendered":"<p>Jane sigurnosno ogledalo s LED svjetlom univerzalni je dodatak za stra\u017enje sjedalo koji \u0107e omogu\u0107iti nadzor djeteta u autosjedalici okrenutoj suprotno od smjera vo\u017enje.<\/p>\n","protected":false},"featured_media":707,"comment_status":"closed","ping_status":"closed","template":"","meta":[],"_links":{"self":[{"href":"https:\/\/wp-test.cro-digital.com\/index.php?rest_route=\/wp\/v2\/product\/525"}],"collection":[{"href":"https:\/\/wp-test.cro-digital.com\/index.php?rest_route=\/wp\/v2\/product"}],"about":[{"href":"https:\/\/wp-test.cro-digital.com\/index.php?rest_route=\/wp\/v2\/types\/product"}],"replies":[{"embeddable":true,"href":"https:\/\/wp-test.cro-digital.com\/index.php?rest_route=%2Fwp%2Fv2%2Fcomments&post=525"}],"wp:featuredmedia":[{"embeddable":true,"href":"https:\/\/wp-test.cro-digital.com\/index.php?rest_route=\/wp\/v2\/media\/707"}],"wp:attachment":[{"href":"https:\/\/wp-test.cro-digital.com\/index.php?rest_route=%2Fwp%2Fv2%2Fmedia&parent=525"}],"curies":[{"name":"wp","href":"https:\/\/api.w.org\/{rel}","templated":true}]}}