{"id":526,"date":"2020-11-03T18:29:55","date_gmt":"2020-11-03T17:29:55","guid":{"rendered":"https:\/\/wp-test.cro-digital.com\/?product=import-placeholder-for-22094"},"modified":"2020-11-03T18:35:05","modified_gmt":"2020-11-03T17:35:05","slug":"navlaka-za-dvostruku-rucku-kolica-jane","status":"publish","type":"product","link":"https:\/\/wp-test.cro-digital.com\/?product=navlaka-za-dvostruku-rucku-kolica-jane","title":{"rendered":"Navlaka za dvostruku ru\u010dku kolica &#8211; Jan\u00e9"},"content":{"rendered":"<p>Zahvaljuju\u0107i izdr\u017eljivoj elasti\u010dnoj tkanini i patentnom zatvara\u010du ru\u010dke va\u0161ih kolica ostat \u0107e kao nove.<\/p>\n<ul>\n<li>Univerzalne za\u0161titne navlake za dvostruke ru\u010dke<\/li>\n<li>Sprje\u010davaju da se ru\u010dke ne isprljaju ili ne istro\u0161e<\/li>\n<li>Ru\u010dke va\u0161ih kolica du\u017ee \u0107e ostati kao nove<\/li>\n<li>Mo\u017ee se prati ru\u010dno ili strojno, a tkanina se brzo su\u0161i<\/li>\n<li>Navlake stavite na upravlja\u010d i pri\u010dvrstite ih zatvara\u010dem<\/li>\n<li>Zatvara\u010d treba biti skriven na unutra\u0161njoj strani ru\u010dke kolica<\/li>\n<li>Dimenzije navlaka: 20 x 10 cm<\/li>\n<\/ul>\n","protected":false},"excerpt":{"rendered":"<p>Zahvaljuju\u0107i izdr\u017eljivoj elasti\u010dnoj tkanini i patentnom zatvara\u010du ru\u010dke va\u0161ih kolica ostat \u0107e kao nove.<\/p>\n","protected":false},"featured_media":711,"comment_status":"closed","ping_status":"closed","template":"","meta":[],"_links":{"self":[{"href":"https:\/\/wp-test.cro-digital.com\/index.php?rest_route=\/wp\/v2\/product\/526"}],"collection":[{"href":"https:\/\/wp-test.cro-digital.com\/index.php?rest_route=\/wp\/v2\/product"}],"about":[{"href":"https:\/\/wp-test.cro-digital.com\/index.php?rest_route=\/wp\/v2\/types\/product"}],"replies":[{"embeddable":true,"href":"https:\/\/wp-test.cro-digital.com\/index.php?rest_route=%2Fwp%2Fv2%2Fcomments&post=526"}],"wp:featuredmedia":[{"embeddable":true,"href":"https:\/\/wp-test.cro-digital.com\/index.php?rest_route=\/wp\/v2\/media\/711"}],"wp:attachment":[{"href":"https:\/\/wp-test.cro-digital.com\/index.php?rest_route=%2Fwp%2Fv2%2Fmedia&parent=526"}],"curies":[{"name":"wp","href":"https:\/\/api.w.org\/{rel}","templated":true}]}}