{"id":527,"date":"2020-11-03T18:29:55","date_gmt":"2020-11-03T17:29:55","guid":{"rendered":"https:\/\/wp-test.cro-digital.com\/?product=import-placeholder-for-22225"},"modified":"2020-11-03T18:35:06","modified_gmt":"2020-11-03T17:35:06","slug":"jane-dozator-hrane-holi","status":"publish","type":"product","link":"https:\/\/wp-test.cro-digital.com\/?product=jane-dozator-hrane-holi","title":{"rendered":"Jane dozator hrane &#8211; Holi"},"content":{"rendered":"<p>Janeov dozator hrane s 4 odjeljka slu\u017eit \u0107e za no\u0161enje doze adaptiranog mlijeka ili \u017eitarica u prahu. Prakti\u010dni dozator sadr\u017ei otvor za lak\u0161u pripremu obroka. Idealan je za pripremanje obroka na dugim putovanjima ili prilikom bilo kakvih izbivanja izvan ku\u0107e.<\/p>\n<ul>\n<li>Dozator hrane s 4 odjeljka<\/li>\n<li>Namijenjen za kori\u0161tenje od ro\u0111enja<\/li>\n<li>Za jednostavnu pripremu obroka izvan ku\u0107e<\/li>\n<li>Materijal: Polipropilen<\/li>\n<li>Mo\u017ee se prati u perilici posu\u0111a<\/li>\n<li>100% siguran za kori\u0161tenje<\/li>\n<li>Ne sar\u017ei: BPA, pvc, folfate, olovo<\/li>\n<li>Dimenzije proizvoda: 24 x 11 cm<\/li>\n<\/ul>\n","protected":false},"excerpt":{"rendered":"<p>Janeov dozator hrane s 4 odjeljka slu\u017eit \u0107e za no\u0161enje doze adaptiranog mlijeka ili \u017eitarica u prahu.<\/p>\n","protected":false},"featured_media":713,"comment_status":"closed","ping_status":"closed","template":"","meta":[],"_links":{"self":[{"href":"https:\/\/wp-test.cro-digital.com\/index.php?rest_route=\/wp\/v2\/product\/527"}],"collection":[{"href":"https:\/\/wp-test.cro-digital.com\/index.php?rest_route=\/wp\/v2\/product"}],"about":[{"href":"https:\/\/wp-test.cro-digital.com\/index.php?rest_route=\/wp\/v2\/types\/product"}],"replies":[{"embeddable":true,"href":"https:\/\/wp-test.cro-digital.com\/index.php?rest_route=%2Fwp%2Fv2%2Fcomments&post=527"}],"wp:featuredmedia":[{"embeddable":true,"href":"https:\/\/wp-test.cro-digital.com\/index.php?rest_route=\/wp\/v2\/media\/713"}],"wp:attachment":[{"href":"https:\/\/wp-test.cro-digital.com\/index.php?rest_route=%2Fwp%2Fv2%2Fmedia&parent=527"}],"curies":[{"name":"wp","href":"https:\/\/api.w.org\/{rel}","templated":true}]}}