{"id":528,"date":"2020-11-03T18:29:56","date_gmt":"2020-11-03T17:29:56","guid":{"rendered":"https:\/\/wp-test.cro-digital.com\/?product=import-placeholder-for-22605"},"modified":"2020-11-03T18:35:14","modified_gmt":"2020-11-03T17:35:14","slug":"jane-jastuk-za-dojenje-xxl-boho-pink","status":"publish","type":"product","link":"https:\/\/wp-test.cro-digital.com\/?product=jane-jastuk-za-dojenje-xxl-boho-pink","title":{"rendered":"Jane jastuk za dojenje XXL &#8211; Boho Pink"},"content":{"rendered":"<p>Multifunkcionalni jastuk za dojenje koji \u0107e vama i va\u0161oj bebi pru\u017eiti savr\u0161enu udobnost. Mo\u017eete ga koristiti tijekom trudno\u0107e, ali i kad dijete stigne.<\/p>\n<p><strong>3 prakti\u010dna polo\u017eaja za mamu i bebu:<\/strong><br \/>\n1. Poma\u017ee trudnicama da u\u017eivaju u mirnom no\u0107nom snu tijekom kasnijih faza trudno\u0107e. Jastuk je punjen sitnim mikro kuglicama koje \u0107e se potpuno prilagoditi svakom dijelu tijela olak\u0161avaju\u0107i trudnicama odmor, ali i upotrebu nakon poroda. Zahaljuju\u0107i njegovoj du\u017eini, u potpunosti prekriva cijela le\u0111a od glave do trtice \u0161to eliminira osje\u0107aj napetosti u abdomenu i optere\u0107enje u rukama, le\u0111ima i vratu.<\/p>\n<p>2. Jastuk koji \u0107e osigurati majci i djetetu udobno dojenje tako \u0161to \u0107e osigurati pravilnu visinu koja \u0107e eliminirati napetost u le\u0111ima i vratu majke.<\/p>\n<p>3. Za\u0161titni jastuk koji \u0107e \u0161titi dijete i dati mu stabilnost kad po\u010dne samostalno sjediti.<\/p>\n<ul>\n<li>Ergonomski jastuk<\/li>\n<li>Vi\u0161enamjenski: za potporu u trudno\u0107i, za dojenje, kao gnjezda\u0161ce i potpora za bebu<\/li>\n<li>Navlaka od elasti\u010dne tkanine \u2013 vrlo meka i ugodna na dodir<\/li>\n<li>Punjen sitnim mikro kuglicama koje ga \u010dine nevjerojatno udobnim<\/li>\n<li>Uklonjiva i periva navlaka (strojno pranje: 30\u00b0)<\/li>\n<li>Izuzetno duga\u010dak jastuk duljine 193 cm<\/li>\n<li>Dimenzije: 193 x 20 cm<\/li>\n<\/ul>\n","protected":false},"excerpt":{"rendered":"<p>Multifunkcionalni jastuk za dojenje koji \u0107e vama i va\u0161oj bebi pru\u017eiti savr\u0161enu udobnost. Mo\u017eete ga koristiti tijekom trudno\u0107e, ali i kad dijete stigne.<\/p>\n","protected":false},"featured_media":714,"comment_status":"closed","ping_status":"closed","template":"","meta":[],"_links":{"self":[{"href":"https:\/\/wp-test.cro-digital.com\/index.php?rest_route=\/wp\/v2\/product\/528"}],"collection":[{"href":"https:\/\/wp-test.cro-digital.com\/index.php?rest_route=\/wp\/v2\/product"}],"about":[{"href":"https:\/\/wp-test.cro-digital.com\/index.php?rest_route=\/wp\/v2\/types\/product"}],"replies":[{"embeddable":true,"href":"https:\/\/wp-test.cro-digital.com\/index.php?rest_route=%2Fwp%2Fv2%2Fcomments&post=528"}],"wp:featuredmedia":[{"embeddable":true,"href":"https:\/\/wp-test.cro-digital.com\/index.php?rest_route=\/wp\/v2\/media\/714"}],"wp:attachment":[{"href":"https:\/\/wp-test.cro-digital.com\/index.php?rest_route=%2Fwp%2Fv2%2Fmedia&parent=528"}],"curies":[{"name":"wp","href":"https:\/\/api.w.org\/{rel}","templated":true}]}}