{"id":612,"date":"2020-11-03T18:32:18","date_gmt":"2020-11-03T17:32:18","guid":{"rendered":"https:\/\/wp-test.cro-digital.com\/?product=import-placeholder-for-26285"},"modified":"2020-11-03T18:37:00","modified_gmt":"2020-11-03T17:37:00","slug":"jane-twinlink-kolica-za-blizance-nomads","status":"publish","type":"product","link":"https:\/\/wp-test.cro-digital.com\/?product=jane-twinlink-kolica-za-blizance-nomads","title":{"rendered":"Jane Twinlink kolica za blizance &#8211; Nomads"},"content":{"rendered":"<p>Jane Twinlink kolica za blizance omogu\u0107it \u0107e vam bezbri\u017eno u\u017eivanje u \u0161etnjama s va\u0161im bebama. Ona su izuzetno prakti\u010dna za uporabu zahvaljuju\u0107i laganoj aluminijskoj konstrukciji i vrlo jednostavnom sklopivom sustavu. Osim toga, nasloni Twinlink kolica mogu se zasebno pode\u0161avati kako bi odgovarali potrebama svake bebe. Poseban \u0161arm i dozu elegancije Twinlink kolicima daje moderan dizajn i navlake od eko ko\u017ee na ru\u010dki i na prednjoj pre\u010dki kolica.\u00a0Sve to \u010dini Twinlink kolica cjelovitim i idealinim kolicima za blizance ili za djecu s malom dobnom razlikom.<\/p>\n<p><strong>Twinlink kolica uklju\u010duju:<\/strong> dva sjede\u0107a dijela, dvije prednje pre\u010dke od eko ko\u017ee, dva produljiva krovi\u0107a i ki\u0161nu navlaku.<\/p>\n<ul>\n<li>Kolica za blizance ili za djecu s malom dobnom razlikom<\/li>\n<li>Namijenjena za kori\u0161tenje od ro\u0111enja do 15 kg (po sjedalu)<\/li>\n<li>Izuzetno lagana i kompaktna aluminijska konstrukcija<\/li>\n<li>Sustav vrlo jednostavnog sklapanja i rasklapanja<\/li>\n<li>Sjede\u0107i dio postavljen u smjeru vo\u017enje<\/li>\n<li>Udobna sjedala s vi\u0161e nezavisnih polo\u017eaja za le\u0111a<\/li>\n<li>Ergonomska ru\u010dka i prednja pre\u010dka s navlakom od eko ko\u017ee<\/li>\n<li>Podesivi nasloni za noge<\/li>\n<li>Specijalne prozra\u010dne tkanine otporne na habanje, vodu, te ostale teku\u0107ine i mrlje<\/li>\n<li>Uklonjive i perive navlake<\/li>\n<li>Veliki i zasebno podesivi krovi\u0107i (3 pozicije) &#8211; pru\u017eaju maksimalnu za\u0161titu od \u0161tetnih UV zraka, ki\u0161e i vjetra<\/li>\n<li>Podesivi sigurnosni remen\u010di\u0107i u 5 to\u010daka<\/li>\n<li>Dvije izuzetno velike ko\u0161are za stvari nosivosti 4 kg \/ 25 l (po ko\u0161ari)<\/li>\n<li>Kota\u010di izra\u0111eni od poliuretanske gume \u2013 otporni na bu\u0161enje, 10 puta bolje apsorbiraju udarce<\/li>\n<li>Prednji kota\u010di mogu se zaklju\u010dati, a zadnji zako\u010diti<\/li>\n<li>Svi kota\u010di imaju amortizere i mogu se skinuti<\/li>\n<li>Uklju\u010dena ki\u0161na navlaka za sjede\u0107i dio<\/li>\n<li>Dimenzije kolica: 97 x 75 x 105 cm<\/li>\n<li>Dimenzije sklopljenih kolica: 76 x 75 x 36,5 cm<\/li>\n<li>Promjer prednjih kota\u010da: 20 cm<\/li>\n<li>Promjer stra\u017enjih kota\u010da: 24 cm<\/li>\n<li>Te\u017eina: 14 kg<\/li>\n<\/ul>\n<p><strong>Twinlink kolica mo\u017eete nadograditi s Jane Smart ko\u0161arom kako bi ih mogli sigurno koristiti od samog ro\u0111enja<\/strong>.<\/p>\n<p><img loading=\"lazy\" class=\"size-full wp-image-26265 aligncenter\" src=\"https:\/\/www.all4kids.com.hr\/wp-content\/uploads\/2020\/02\/twinlink_web.jpg\" alt=\"\" width=\"1500\" height=\"710\" \/><\/p>\n","protected":false},"excerpt":{"rendered":"<p>Jane Twinlink kolica za blizance omogu\u0107it \u0107e vam bezbri\u017eno u\u017eivanje u \u0161etnjama s va\u0161im bebama. Twinlink kolica, idealna za blizance ili za djecu s malom dobnom razlikom.<\/p>\n","protected":false},"featured_media":805,"comment_status":"closed","ping_status":"closed","template":"","meta":[],"_links":{"self":[{"href":"https:\/\/wp-test.cro-digital.com\/index.php?rest_route=\/wp\/v2\/product\/612"}],"collection":[{"href":"https:\/\/wp-test.cro-digital.com\/index.php?rest_route=\/wp\/v2\/product"}],"about":[{"href":"https:\/\/wp-test.cro-digital.com\/index.php?rest_route=\/wp\/v2\/types\/product"}],"replies":[{"embeddable":true,"href":"https:\/\/wp-test.cro-digital.com\/index.php?rest_route=%2Fwp%2Fv2%2Fcomments&post=612"}],"wp:featuredmedia":[{"embeddable":true,"href":"https:\/\/wp-test.cro-digital.com\/index.php?rest_route=\/wp\/v2\/media\/805"}],"wp:attachment":[{"href":"https:\/\/wp-test.cro-digital.com\/index.php?rest_route=%2Fwp%2Fv2%2Fmedia&parent=612"}],"curies":[{"name":"wp","href":"https:\/\/api.w.org\/{rel}","templated":true}]}}