{"id":613,"date":"2020-11-03T18:32:19","date_gmt":"2020-11-03T17:32:19","guid":{"rendered":"https:\/\/wp-test.cro-digital.com\/?product=import-placeholder-for-26293"},"modified":"2020-11-03T18:37:03","modified_gmt":"2020-11-03T17:37:03","slug":"jane-nastavak-za-toalet-holi","status":"publish","type":"product","link":"https:\/\/wp-test.cro-digital.com\/?product=jane-nastavak-za-toalet-holi","title":{"rendered":"Jane nastavak za toalet &#8211; Holi"},"content":{"rendered":"<p>Pomo\u0107u Janeovog nastavka va\u0161e dijete mo\u017ee koristiti toalet za odrasle na najudobniji na\u010din. Udobno postavljen nastavak s rukohvatom savr\u0161eno \u0107e se uklopiti na svaki toalet. Osim \u0161to ga krasi veselo i moderan dizajn, tako\u0111er je izuzetno prakti\u010dan, higijenski i vrlo jednostavan za odr\u017eavanje.<\/p>\n<ul>\n<li>Pogodno za kori\u0161tenje od 12+ mjeseci<\/li>\n<li>Nastavak za toalet s ru\u010dkama &#8211; za sigurnost i ravnote\u017eu djeteta<\/li>\n<li>Univerzalan nastavak za sve toalete &#8211; sadr\u017ei utore za postavljanje na bilo koji toalet<\/li>\n<li>Higijenski i prakti\u010dan nastavak \u2013 jednostavan za odr\u017eavanje<\/li>\n<li>Sadr\u017ei meko podstavljeni jastuk koji djetetu pru\u017ea osje\u0107a ugode za vrijeme kori\u0161tenja<\/li>\n<li>Dimenzije: 31 x 33 x 9 cm<\/li>\n<\/ul>\n","protected":false},"excerpt":{"rendered":"<p>Pomo\u0107u Janeovog nastavka va\u0161e dijete mo\u017ee koristiti toalet za odrasle na najudobniji na\u010din.<\/p>\n","protected":false},"featured_media":806,"comment_status":"closed","ping_status":"closed","template":"","meta":[],"_links":{"self":[{"href":"https:\/\/wp-test.cro-digital.com\/index.php?rest_route=\/wp\/v2\/product\/613"}],"collection":[{"href":"https:\/\/wp-test.cro-digital.com\/index.php?rest_route=\/wp\/v2\/product"}],"about":[{"href":"https:\/\/wp-test.cro-digital.com\/index.php?rest_route=\/wp\/v2\/types\/product"}],"replies":[{"embeddable":true,"href":"https:\/\/wp-test.cro-digital.com\/index.php?rest_route=%2Fwp%2Fv2%2Fcomments&post=613"}],"wp:featuredmedia":[{"embeddable":true,"href":"https:\/\/wp-test.cro-digital.com\/index.php?rest_route=\/wp\/v2\/media\/806"}],"wp:attachment":[{"href":"https:\/\/wp-test.cro-digital.com\/index.php?rest_route=%2Fwp%2Fv2%2Fmedia&parent=613"}],"curies":[{"name":"wp","href":"https:\/\/api.w.org\/{rel}","templated":true}]}}