{"id":64,"date":"2020-11-03T18:19:36","date_gmt":"2020-11-03T17:19:36","guid":{"rendered":"https:\/\/wp-test.cro-digital.com\/?product=import-placeholder-for-13520"},"modified":"2020-11-03T18:21:47","modified_gmt":"2020-11-03T17:21:47","slug":"jane-nocna-svjetiljka-sa-senzorom","status":"publish","type":"product","link":"https:\/\/wp-test.cro-digital.com\/?product=jane-nocna-svjetiljka-sa-senzorom","title":{"rendered":"Jan\u00e9 no\u0107na svjetiljka sa senzorom"},"content":{"rendered":"<p>Nema straha od mraka s Jan\u00e9ovom zvjezdicom koja \u0107e se pobrinuti za \u010darobnu atmosferu u dje\u010djoj sobi. Ona je idealna za privikavanje djeteta na spavanje u mraku. Opremljena je i senzorom za svijetlo, pa \u0107e se automatski ugasiti na danjem ili sobnom svijetlu.<\/p>\n<ul>\n<li>Blago no\u0107no svjetlo s adapterom za uti\u010dnice<\/li>\n<li>Sprije\u010dava strah od mraka<\/li>\n<li>Idealno za privikavanje djeteta na spavanje u mraku<\/li>\n<li>Opremljeno senzorom za svijetlo \u2013 automatski se gasi na danjem ili sobnom svijetlu<\/li>\n<li>Dimenzije proizvoda: 6 x 6 cm<\/li>\n<\/ul>\n","protected":false},"excerpt":{"rendered":"<p>Nema straha od mraka s Jane-ovom zvjezdicom koja \u0107e se pobrinuti za \u010darobnu atmosferu u dje\u010djoj sobi. Ona je idealna za privikavanje djeteta na spavanje u mraku.<\/p>\n","protected":false},"featured_media":167,"comment_status":"closed","ping_status":"closed","template":"","meta":[],"_links":{"self":[{"href":"https:\/\/wp-test.cro-digital.com\/index.php?rest_route=\/wp\/v2\/product\/64"}],"collection":[{"href":"https:\/\/wp-test.cro-digital.com\/index.php?rest_route=\/wp\/v2\/product"}],"about":[{"href":"https:\/\/wp-test.cro-digital.com\/index.php?rest_route=\/wp\/v2\/types\/product"}],"replies":[{"embeddable":true,"href":"https:\/\/wp-test.cro-digital.com\/index.php?rest_route=%2Fwp%2Fv2%2Fcomments&post=64"}],"wp:featuredmedia":[{"embeddable":true,"href":"https:\/\/wp-test.cro-digital.com\/index.php?rest_route=\/wp\/v2\/media\/167"}],"wp:attachment":[{"href":"https:\/\/wp-test.cro-digital.com\/index.php?rest_route=%2Fwp%2Fv2%2Fmedia&parent=64"}],"curies":[{"name":"wp","href":"https:\/\/api.w.org\/{rel}","templated":true}]}}