{"id":67,"date":"2020-11-03T18:19:36","date_gmt":"2020-11-03T17:19:36","guid":{"rendered":"https:\/\/wp-test.cro-digital.com\/?product=import-placeholder-for-15345"},"modified":"2020-11-03T18:22:08","modified_gmt":"2020-11-03T17:22:08","slug":"jane-rocket-jet-black","status":"publish","type":"product","link":"https:\/\/wp-test.cro-digital.com\/?product=jane-rocket-jet-black","title":{"rendered":"Jan\u00e9 Rocket &#8211; Jet Black"},"content":{"rendered":"<p>Rocket kolica savr\u0161en su spoj dizajna i prakti\u010dnosti. Lagana, urbana, kompaktna i elegantna ki\u0161obran kolica. Dizajnirana da bi va\u0161e \u0161etnje, shoppinge i putovanja u\u010dinila bezbri\u017enim iskustvom. Jan\u00e9 Rocket, vrlo prakti\u010dna kolica izuzetnih performansi u svakoj prilici.<\/p>\n<p><strong>Jan\u00e9 Rocket<\/strong> sastoji se od ki\u0161obran kolica i ki\u0161ne navlake.<\/p>\n<ul>\n<li>Namijenjena za kori\u0161tenje od ro\u0111enja do 22 kg te\u017eine<\/li>\n<li>Sistem sklapanja i otvaranja jednom rukom<\/li>\n<li>Lagana i kompaktna aluminijska konstrukcija<\/li>\n<li>Jednostruka ru\u010dka i prednja pre\u010dka s presvlakom od eko-ko\u017ee<\/li>\n<li>Podesivi nagib za spavanje, odmor i sjedenje (105\u00ba &#8211; 170\u00ba)<\/li>\n<li>Podesivi sigurnosni remen\u010di\u0107i u 5 to\u010daka<\/li>\n<li>Specijalni tekstil otporan na habanje, vodu, te ostale teku\u0107ine i mrlje<\/li>\n<li>Vodootporni krovi\u0107 s dodatnim prozra\u010dnim sjenilom za za\u0161titu od UV zraka i vjetra (materijal s najve\u0107om za\u0161titom na tr\u017ei\u0161tu- SPF 50)<\/li>\n<li>Uklju\u010duju ki\u0161nu navlaku<\/li>\n<li>Udobno sjedalo<\/li>\n<li>Podesivi nagib naslona za no\u017eice<\/li>\n<li>Izuzetno velika ko\u0161ara za stvari nosivosti do 4 kg\/12 l<\/li>\n<li>Amortizacija na sva 4 kota\u010da<\/li>\n<li>Rotiraju\u0107i prednji kota\u010di (360\u00ba)<\/li>\n<li>Stra\u017enja ko\u010dnica<\/li>\n<li>Promjer prednjih i stra\u017enjih kota\u010da: 13 cm<\/li>\n<li>Dimenzije kolica: 99 x 49 x 85 cm<\/li>\n<li>Dimenzije sklopljenih kolica: 28 x 49 x 56 cm<\/li>\n<li>Te\u017eina kolica: 6,4 kg<\/li>\n<\/ul>\n<p><strong>Rocket kolica mogu\u0107e je nadograditi Smart ko\u0161arom koja se kupuje zasebno.<\/strong><\/p>\n<p><img loading=\"lazy\" class=\"size-full wp-image-26236 aligncenter\" src=\"https:\/\/www.all4kids.com.hr\/wp-content\/uploads\/2019\/10\/Rocket-Smart.jpg\" alt=\"\" width=\"1280\" height=\"1280\" \/><\/p>\n","protected":false},"excerpt":{"rendered":"<p>Rocket kolica savr\u0161en su spoj dizajna i prakti\u010dnosti. Dizajnirana da bi va\u0161e \u0161etnje, shoppinge i putovanja u\u010dinila bezbri\u017enim iskustvom.<\/p>\n","protected":false},"featured_media":181,"comment_status":"closed","ping_status":"closed","template":"","meta":[],"_links":{"self":[{"href":"https:\/\/wp-test.cro-digital.com\/index.php?rest_route=\/wp\/v2\/product\/67"}],"collection":[{"href":"https:\/\/wp-test.cro-digital.com\/index.php?rest_route=\/wp\/v2\/product"}],"about":[{"href":"https:\/\/wp-test.cro-digital.com\/index.php?rest_route=\/wp\/v2\/types\/product"}],"replies":[{"embeddable":true,"href":"https:\/\/wp-test.cro-digital.com\/index.php?rest_route=%2Fwp%2Fv2%2Fcomments&post=67"}],"wp:featuredmedia":[{"embeddable":true,"href":"https:\/\/wp-test.cro-digital.com\/index.php?rest_route=\/wp\/v2\/media\/181"}],"wp:attachment":[{"href":"https:\/\/wp-test.cro-digital.com\/index.php?rest_route=%2Fwp%2Fv2%2Fmedia&parent=67"}],"curies":[{"name":"wp","href":"https:\/\/api.w.org\/{rel}","templated":true}]}}