{"id":68,"date":"2020-11-03T18:19:36","date_gmt":"2020-11-03T17:19:36","guid":{"rendered":"https:\/\/wp-test.cro-digital.com\/?product=import-placeholder-for-010316c01"},"modified":"2020-11-03T18:25:57","modified_gmt":"2020-11-03T17:25:57","slug":"jane-hanger-multifunkcionalni-drzac","status":"publish","type":"product","link":"https:\/\/wp-test.cro-digital.com\/?product=jane-hanger-multifunkcionalni-drzac","title":{"rendered":"Jane Hanger multifunkcionalni dr\u017ea\u010d"},"content":{"rendered":"<p>Multifunkcionalni dr\u017ea\u010di mogu se koristiti na kolicima, kreveti\u0107u ili u automobilu. Kukice se brzo i lako montiraju pomo\u0107u trakica sa \u010di\u010dkom, a zahvaljuju\u0107i sna\u017enom zatvara\u010du na njih se mo\u017eete objesili sve \u0161to vam je potrebno. Svaki dr\u017ea\u010d podr\u017eava do 10 kg te\u017eine, me\u0111utim ako ga koristite kao dodatak na dje\u010djim kolicima preporu\u010damo da te\u017eina predmeta koje vje\u0161ate ne prelaze 3 kg jer bi moglo do\u0107i do prevrtanja kolica.<\/p>\n<ul>\n<li>Multifunkcionalni dr\u017ea\u010di<\/li>\n<li>Paket uklju\u010duje 2 dr\u017ea\u010da za stvari crne boje<\/li>\n<li>Mo\u017ee se koristiti na kolicima, kreveti\u0107u ili u automobilu<\/li>\n<li>Nosivost do 10kg<\/li>\n<\/ul>\n","protected":false},"excerpt":{"rendered":"<p>Paket od 2 multifunkcionalna dr\u017ea\u010da koja mo\u017eete pri\u010dvrstite na kolica, kreveti\u0107 ili u automobilu kako bi vam potrebne stvari bile nadohvat ruke.<\/p>\n","protected":false},"featured_media":355,"comment_status":"closed","ping_status":"closed","template":"","meta":[],"_links":{"self":[{"href":"https:\/\/wp-test.cro-digital.com\/index.php?rest_route=\/wp\/v2\/product\/68"}],"collection":[{"href":"https:\/\/wp-test.cro-digital.com\/index.php?rest_route=\/wp\/v2\/product"}],"about":[{"href":"https:\/\/wp-test.cro-digital.com\/index.php?rest_route=\/wp\/v2\/types\/product"}],"replies":[{"embeddable":true,"href":"https:\/\/wp-test.cro-digital.com\/index.php?rest_route=%2Fwp%2Fv2%2Fcomments&post=68"}],"wp:featuredmedia":[{"embeddable":true,"href":"https:\/\/wp-test.cro-digital.com\/index.php?rest_route=\/wp\/v2\/media\/355"}],"wp:attachment":[{"href":"https:\/\/wp-test.cro-digital.com\/index.php?rest_route=%2Fwp%2Fv2%2Fmedia&parent=68"}],"curies":[{"name":"wp","href":"https:\/\/api.w.org\/{rel}","templated":true}]}}