{"id":683,"date":"2020-11-03T18:34:19","date_gmt":"2020-11-03T17:34:19","guid":{"rendered":"https:\/\/wp-test.cro-digital.com\/?product=import-placeholder-for-26391"},"modified":"2020-11-03T18:37:35","modified_gmt":"2020-11-03T17:37:35","slug":"jane-stolac-s-dvije-stepenice-holi","status":"publish","type":"product","link":"https:\/\/wp-test.cro-digital.com\/?product=jane-stolac-s-dvije-stepenice-holi","title":{"rendered":"Jane stolac s dvije stepenice &#8211; Holi"},"content":{"rendered":"<p>Stolac s dvije stepenice omogu\u0107it \u0107e va\u0161em djetetu lak i siguran pristup stvarima koje jo\u0161 ono ne mo\u017ee samostalno dosegnuti (toalet ili umivaonik). Sama povr\u0161ina gazi\u0161ta, kao i podno\u017eje stolca napravljeni su od EVA pjene koja je ugodna stopalima i \u0161titi od klizanja. Stabilan stolac\/ stepenica jedostavnog i modernog dizajna uklopit \u0107e se u svaku kupaonicu.<\/p>\n<ul>\n<li>Pogodno za kori\u0161tenje od 12+ mjeseci<\/li>\n<li>Omogu\u0107uje djetetu jednostavan i siguran pristup do toaleta ili umivaonika<\/li>\n<li>Gazi\u0161te kao i podno\u017eje izra\u0111eni su od EVA gumene plastike koja \u0107e \u0161tititi od klizanja<\/li>\n<li>Posebno dizajnirano za pomo\u0107 i sigurnost va\u0161eg djeteta<\/li>\n<li>Materijali: polikarbonatna plastika i EVA pjena<\/li>\n<li>Bez ftalata<\/li>\n<li>Dimenzije: 33 x 27 x 29 cm<\/li>\n<\/ul>\n","protected":false},"excerpt":{"rendered":"<p>Stolac s dvije stepenice omogu\u0107it \u0107e va\u0161em djetetu lak i siguran pristup stvarima koje jo\u0161 ono ne mo\u017ee samostalno dosegnuti.<\/p>\n","protected":false},"featured_media":837,"comment_status":"closed","ping_status":"closed","template":"","meta":[],"_links":{"self":[{"href":"https:\/\/wp-test.cro-digital.com\/index.php?rest_route=\/wp\/v2\/product\/683"}],"collection":[{"href":"https:\/\/wp-test.cro-digital.com\/index.php?rest_route=\/wp\/v2\/product"}],"about":[{"href":"https:\/\/wp-test.cro-digital.com\/index.php?rest_route=\/wp\/v2\/types\/product"}],"replies":[{"embeddable":true,"href":"https:\/\/wp-test.cro-digital.com\/index.php?rest_route=%2Fwp%2Fv2%2Fcomments&post=683"}],"wp:featuredmedia":[{"embeddable":true,"href":"https:\/\/wp-test.cro-digital.com\/index.php?rest_route=\/wp\/v2\/media\/837"}],"wp:attachment":[{"href":"https:\/\/wp-test.cro-digital.com\/index.php?rest_route=%2Fwp%2Fv2%2Fmedia&parent=683"}],"curies":[{"name":"wp","href":"https:\/\/api.w.org\/{rel}","templated":true}]}}