{"id":71,"date":"2020-11-03T18:19:37","date_gmt":"2020-11-03T17:19:37","guid":{"rendered":"https:\/\/wp-test.cro-digital.com\/?product=import-placeholder-for-15467"},"modified":"2020-11-03T18:22:12","modified_gmt":"2020-11-03T17:22:12","slug":"jane-pojas-za-prohodavanje","status":"publish","type":"product","link":"https:\/\/wp-test.cro-digital.com\/?product=jane-pojas-za-prohodavanje","title":{"rendered":"Jan\u00e9 pojas za prohodavanje"},"content":{"rendered":"<p>Podesivi pojas za prohodavanje bit \u0107e od velike pomo\u0107i prilikom djetetovih prvih koraka. Izuzetno je siguran za bebu i vrlo ugodan za roditelje. Janeov pojas za prohodavanje \u0161titit \u0107e va\u0161u bebu od o\u0161trih i opasnih padova.<\/p>\n<p><strong>1. faza: preporu\u010deno kori\u0161tenje od 12 mj<\/strong>+<\/p>\n<p>Dr\u017eanje za ru\u010dku pojasa &#8211; dijete tek po\u010dinje obavljati svoje prve korake, stoga roditelji mogu upotrijebiti pojas u ovom polo\u017eaju kako bi pomogli djetetu da ostane uspravno stajati, sprje\u010davaju\u0107i ga da se prevrne ili padne.<\/p>\n<p><strong>2. faza: preporu\u010deno za kori\u0161tenje od 18mj+<\/strong><br \/>\nDr\u017eanje za povodac &#8211; pru\u017ea vi\u0161e slobode kretanja kad dijete ve\u0107 mo\u017ee hodati, a roditelji ga \u017eele sprije\u010diti da ne odluta<\/p>\n<ul>\n<li>Pomo\u0107 kod djetetovih prvih koraka<\/li>\n<li>Siguran za bebu i vrlo ugodan za roditelje<\/li>\n<li>Izra\u0111en od udobne\u00a0podstavljene i prozra\u010dne pamu\u010dne tkanine<\/li>\n<li>Podesivi prostor me\u0111uno\u017eja, te remen\u010di\u0107i po visini i \u0161irini<\/li>\n<li>Dolazi u univerzalnoj, crnoj boji<\/li>\n<li>Pogodno za kori\u0161tenje od 9+ mjeseci<\/li>\n<li>Dimenzije: 52 x 23 cm<\/li>\n<\/ul>\n<p>&nbsp;<\/p>\n","protected":false},"excerpt":{"rendered":"<p>Podesivi pojas za prohodavanje bit \u0107e od velike pomo\u0107i prilikom djetetovih prvih koraka. Izuzetno je siguran za bebu i vrlo ugodan za roditelje.<\/p>\n","protected":false},"featured_media":186,"comment_status":"closed","ping_status":"closed","template":"","meta":[],"_links":{"self":[{"href":"https:\/\/wp-test.cro-digital.com\/index.php?rest_route=\/wp\/v2\/product\/71"}],"collection":[{"href":"https:\/\/wp-test.cro-digital.com\/index.php?rest_route=\/wp\/v2\/product"}],"about":[{"href":"https:\/\/wp-test.cro-digital.com\/index.php?rest_route=\/wp\/v2\/types\/product"}],"replies":[{"embeddable":true,"href":"https:\/\/wp-test.cro-digital.com\/index.php?rest_route=%2Fwp%2Fv2%2Fcomments&post=71"}],"wp:featuredmedia":[{"embeddable":true,"href":"https:\/\/wp-test.cro-digital.com\/index.php?rest_route=\/wp\/v2\/media\/186"}],"wp:attachment":[{"href":"https:\/\/wp-test.cro-digital.com\/index.php?rest_route=%2Fwp%2Fv2%2Fmedia&parent=71"}],"curies":[{"name":"wp","href":"https:\/\/api.w.org\/{rel}","templated":true}]}}