{"id":72,"date":"2020-11-03T18:19:37","date_gmt":"2020-11-03T17:19:37","guid":{"rendered":"https:\/\/wp-test.cro-digital.com\/?product=import-placeholder-for-15522"},"modified":"2020-11-03T18:22:16","modified_gmt":"2020-11-03T17:22:16","slug":"jane-mrezica-protiv-insekata-za-krevetic","status":"publish","type":"product","link":"https:\/\/wp-test.cro-digital.com\/?product=jane-mrezica-protiv-insekata-za-krevetic","title":{"rendered":"Jan\u00e9 mre\u017eica protiv insekata za kreveti\u0107"},"content":{"rendered":"<p>Mre\u017eica sa sitnim rupicama omogu\u0107it \u0107e bezbri\u017ene i mirne snove va\u0161ih mali\u0161ana tako \u0161to \u0107e ih \u0161tititi od neugodnih uboda insekata.<\/p>\n<ul>\n<li>Univerzalna mre\u017eica<\/li>\n<li>\u0160titi od uboda insekata<\/li>\n<li>Vrlo jednostavno postavljanje<\/li>\n<li>Mre\u017eica bijele boje<\/li>\n<li>Odgovara svim vrstama kinderbeta i putnih kreveti\u0107a<\/li>\n<li>Pogodno za kori\u0161tenje od 0+ mjeseci<\/li>\n<li>Materijal: 100% nailon<\/li>\n<li>Dimenzije proizvoda: 127 x 67,5 x 75,5 cm<\/li>\n<\/ul>\n","protected":false},"excerpt":{"rendered":"<p>Mre\u017eica protiv komaraca omogu\u0107iti \u0107e bezbri\u017ene i mirne snove va\u0161ih mali\u0161ana tako \u0161to \u0107e ih \u0161tititi od neugodnih uboda insekata.<\/p>\n","protected":false},"featured_media":190,"comment_status":"closed","ping_status":"closed","template":"","meta":[],"_links":{"self":[{"href":"https:\/\/wp-test.cro-digital.com\/index.php?rest_route=\/wp\/v2\/product\/72"}],"collection":[{"href":"https:\/\/wp-test.cro-digital.com\/index.php?rest_route=\/wp\/v2\/product"}],"about":[{"href":"https:\/\/wp-test.cro-digital.com\/index.php?rest_route=\/wp\/v2\/types\/product"}],"replies":[{"embeddable":true,"href":"https:\/\/wp-test.cro-digital.com\/index.php?rest_route=%2Fwp%2Fv2%2Fcomments&post=72"}],"wp:featuredmedia":[{"embeddable":true,"href":"https:\/\/wp-test.cro-digital.com\/index.php?rest_route=\/wp\/v2\/media\/190"}],"wp:attachment":[{"href":"https:\/\/wp-test.cro-digital.com\/index.php?rest_route=%2Fwp%2Fv2%2Fmedia&parent=72"}],"curies":[{"name":"wp","href":"https:\/\/api.w.org\/{rel}","templated":true}]}}