{"id":788,"date":"2020-11-03T18:36:41","date_gmt":"2020-11-03T17:36:41","guid":{"rendered":"https:\/\/wp-test.cro-digital.com\/?product=import-placeholder-for-27341"},"modified":"2020-11-03T18:39:48","modified_gmt":"2020-11-03T17:39:48","slug":"jane-umetak-za-novorodence","status":"publish","type":"product","link":"https:\/\/wp-test.cro-digital.com\/?product=jane-umetak-za-novorodence","title":{"rendered":"Jan\u00e9 umetak za novoro\u0111en\u010de"},"content":{"rendered":"<p>Umetak za novoro\u0111en\u010de funkcionalni je proizvod koji pru\u017ea pravilan polo\u017eaj le\u017eanja i dodatnu udobnost novoro\u0111en\u010dadi kada su u autosjedalicama ili dje\u010djim kolicima. Ovaj dodatak bit \u0107e udobna podloga za glavicu i no\u017eice va\u0161eg djeteta tijekom dugih \u0161etnji ili za vrijeme putovanja.<\/p>\n<ul>\n<li>Dodatak za autosjedalice i dje\u010dja kolica<\/li>\n<li>Namijenjen za kori\u0161tenje od 40 \u2013 60 cm visine<\/li>\n<li>Autosjedalica: <strong>smanjuje kut sjedenja i pritisak na djetetovu kralje\u017enicu i odr\u017eava ga u prirodno polo\u017eaju le\u017eanja<\/strong><\/li>\n<li>Dje\u010dja kolica: <strong>namijenjen za kori\u0161tenje u dje\u010djim kolicima L sjedi\u0161ta. S obzirom da su kolica L sjedi\u0161ta namijenjena za kori\u0161tenje od 6 mjeseci starosti, umetak \u0107e omogu\u0107iti kori\u0161tenje i ranije<\/strong><\/li>\n<li>Izra\u0111en od mekog i prozra\u010dnog materijala<\/li>\n<li>Jednostavno postavljanje i uklanjanje<\/li>\n<li>Izvrsna potpora le\u0111ima kada su djeca vrlo mala ili prijevremeno ro\u0111ena<\/li>\n<li>Pru\u017ea dodatnu udobnost<\/li>\n<li>Univerzalni dizajn koji odgovara ve\u0107ini autosjedalica i dje\u010djih kolica<\/li>\n<\/ul>\n","protected":false},"excerpt":{"rendered":"<p>Umetak za novoro\u0111en\u010de funkcionalni je proizvod koji pru\u017ea pravilan polo\u017eaj le\u017eanja i dodatnu udobnost novoro\u0111en\u010dadi kada su u autosjedalicama ili dje\u010djim kolicima.<\/p>\n","protected":false},"featured_media":949,"comment_status":"closed","ping_status":"closed","template":"","meta":[],"_links":{"self":[{"href":"https:\/\/wp-test.cro-digital.com\/index.php?rest_route=\/wp\/v2\/product\/788"}],"collection":[{"href":"https:\/\/wp-test.cro-digital.com\/index.php?rest_route=\/wp\/v2\/product"}],"about":[{"href":"https:\/\/wp-test.cro-digital.com\/index.php?rest_route=\/wp\/v2\/types\/product"}],"replies":[{"embeddable":true,"href":"https:\/\/wp-test.cro-digital.com\/index.php?rest_route=%2Fwp%2Fv2%2Fcomments&post=788"}],"wp:featuredmedia":[{"embeddable":true,"href":"https:\/\/wp-test.cro-digital.com\/index.php?rest_route=\/wp\/v2\/media\/949"}],"wp:attachment":[{"href":"https:\/\/wp-test.cro-digital.com\/index.php?rest_route=%2Fwp%2Fv2%2Fmedia&parent=788"}],"curies":[{"name":"wp","href":"https:\/\/api.w.org\/{rel}","templated":true}]}}