{"id":812,"date":"2020-11-03T18:37:05","date_gmt":"2020-11-03T17:37:05","guid":{"rendered":"https:\/\/wp-test.cro-digital.com\/?product=import-placeholder-for-27709"},"modified":"2020-11-03T18:40:33","modified_gmt":"2020-11-03T17:40:33","slug":"jane-crosswalk-micro-koos-isize-r1-horizons","status":"publish","type":"product","link":"https:\/\/wp-test.cro-digital.com\/?product=jane-crosswalk-micro-koos-isize-r1-horizons","title":{"rendered":"Jane Crosswalk + Micro + Koos iSize R1 &#8211; Horizons"},"content":{"rendered":"<p>Crosswalk R posebno je dizajniran za sigurnost i udobnost va\u0161eg djeteta prilikom dugih \u0161etnji. Planirate li izlete u planine ili mo\u017eda na selo? Crosswalk R prilagodit \u0107e se \u010dak i onim najnezahalnijim terenima zahvaljuju\u0107i aktivnom ovjesu, amortizerima i velikim neprobojnim kota\u010dima. Dje\u010dja kolica visokih performansi osim \u0161to su namijenjena svim terenima tako\u0111er imaju i jedinstveni kompaktni sustav sklapanja. Moderan dizajn \u010dini ih idealnim za grad, a njihova snaga \u010dini ih savr\u0161enim za vo\u017enju po prirodi. Osim toga, njegova aluminijska konstrukcija \u010dini ga izuzetno izdr\u017eljivim i sigurnim kolicima, a istovremeno im daju\u0107i jedinstven i moderan izgled.<\/p>\n<p><strong>Crosswalk kolica 3u1 sastoje se od:<\/strong>\u00a0kolica sa sportskim dijelom, Micro sklopive ko\u0161are za kolica, Koos isize R1 autosjedalice, torbe s podlogom za prematanje i ki\u0161ne kabanice.<\/p>\n<p><strong>Jane Crosswalk<\/strong><\/p>\n<ul>\n<li>Namijenjena za kori\u0161tenje od ro\u0111enja do 15 kg<\/li>\n<li>Izuzetno lagana aluminijska konstrukcija opremljena s patentiranim Pro-fix sustavom koji omogu\u0107uje postavljanje i skidanje sjede\u0107eg dijela, autosjedalice i ko\u0161are uz pomo\u0107 samo jednog klika.<\/li>\n<li><strong>Mogu\u0107nost postavljanja sjede\u0107eg dijela u oba smjera.<\/strong><\/li>\n<li><strong>Stra\u017enji dio konstrukcije u obliku slova \u201cC\u201d<\/strong>\u00a0\u2013 pru\u017ea mnogo vi\u0161e prostora za svaki korak, \u0161to \u0107e znatno olak\u0161ati guranje kolica.<\/li>\n<li><strong>Prostrano sjedi\u0161te s vi\u0161e polo\u017eaja naslona<\/strong>\u00a0\u2013 uklju\u010duje vodoravni polo\u017eaj od 180 \u00b0 pogodan za novoro\u0111en\u010de.<\/li>\n<li><strong>Podesivi naslon za noge.<\/strong><\/li>\n<li><strong>Ergonomska ru\u010dka za upravljanje<\/strong>\u00a0presvu\u010dena eko ko\u017eom \u2013\u00a0<strong>podesiva prema nagibu<\/strong>\u00a0(85 \u2013 107 cm).<\/li>\n<li><strong>Dvostruka ru\u010dna ko\u010dnica<\/strong>\u00a0\u2013 bez no\u017ene papu\u010dice koja bi mogla uni\u0161titi va\u0161e cipele.<\/li>\n<li>Specijalne prozra\u010dne tkanine otporne na habanje, vodu, te ostale teku\u0107ine i mrlje.<\/li>\n<li>Uklonjive i perive navlake.<\/li>\n<li>Dodatna, izuzetno mekana podloga za sjedenje.<\/li>\n<li><strong>Velik i produljiv krovi\u0107<\/strong>\u00a0(3 pozicije) pru\u017ea maksimalnu za\u0161titu od \u0161tetnih UV zraka (UPF 50+), ki\u0161e i vjetra.<\/li>\n<li><strong>Kompaktan sustav sklapnja<\/strong>\u00a0(patentirani) \u2013\u00a0<strong>mogu se sklapati sa ili bez sjede\u0107eg dijela neovisno u kojem je smjeru okrenut sjede\u0107i dio.\u00a0<\/strong><\/li>\n<li>Mogu\u0107nost skidanja svih kota\u010da za ve\u0107u kompaktnost prilikom sklapanja.<\/li>\n<li>Podesivi sigurnosni remen\u010di\u0107i u 5 to\u010daka.<\/li>\n<li>Izuzetno velika ko\u0161ara za stvari nosivosti 4 kg\/10 l.<\/li>\n<li><strong>Veliki kota\u010di s dubokim utorima \u2013 prikladni za najzahtjevnije terene<\/strong><\/li>\n<li>Kota\u010di od poliuretanske gume \u2013 otporni na bu\u0161enje; 10 puta bolje apsorbiraju udarce od tradicionalnih guma.<\/li>\n<li>Prednji okretni kota\u010di mogu se zaklju\u010dati.<\/li>\n<li><strong>Neovisan ovjes s 2 amortizera<\/strong>\u00a0\u2013\u00a0<strong>apsorbiraju udarce proizvedene grubim cestovnim povr\u0161inama, \u0161to roditeljima i djetetu omogu\u0107uje znano ugodniju vo\u017enju.<\/strong><\/li>\n<li>Promjer prednjih kota\u010da: 22 cm<\/li>\n<li>Promjer stra\u017enjih kota\u010da: 27 cm<\/li>\n<li>Dimenzije kolica: 85\/107 x 60 x 95 \/ 116cm<\/li>\n<li><strong>Dimenzije sklopljenih kolica:<\/strong>\u00a067 x 60 x 36cm<\/li>\n<li>Te\u017eina konstrukcije: 10,5 kg<\/li>\n<li>Te\u017eina sjede\u0107eg dijela: 4,4 kg<\/li>\n<li><strong>Ukupna te\u017eina konstrukcije i sjede\u0107eg dijela:<\/strong>\u00a014,9 kg<\/li>\n<\/ul>\n<p>&nbsp;<\/p>\n<p><strong>Jan\u00e9\u00a0Mikro<\/strong>\u00a0sklopiva ko\u0161ara za kolica<\/p>\n<ul>\n<li>Odobrena u skladu s Europskim sigurnosnim standardom za dje\u010dja kolica EN1888<\/li>\n<li>Micro ko\u0161ara pru\u017ea prakti\u010dnu i laganu mogu\u0107nost prijevoza bebe dok se odmara.<\/li>\n<li>Za sklapanje i otvaranje ko\u0161are koristite dvije trake na krajevima ko\u0161are.<\/li>\n<li>Ko\u0161ara je napravljena od aluminija koji ju \u010dini izuzetno laganom, a ujedno i modernog izgleda.<\/li>\n<li>\u010cvrsta jednodijelna baza\/dno omogu\u0107uje djetetu kvalitetan odmor.<\/li>\n<li>Zahvaljuju\u0107i ergonomskom madracu ko\u0161ara je pogodna za spavanje preko no\u0107i ili za odmor tijekom dana.<\/li>\n<li>Ko\u0161ara je opremljena ergonomskom ru\u010dkom za lak\u0161i transport.<\/li>\n<li>Svi tekstili su napravljeni od prozra\u010dne tkanine koja je vodonepropusna, te \u0161titi od UV zraka, ki\u0161e i vjetra.<\/li>\n<li>Krovi\u0107 je produljiv i sklapa se zajedno sa konstrukcijom ko\u0161are.<\/li>\n<li>Uklonjive i perive navlake (30\u00b0 bez centrifuge).<\/li>\n<li>Pro-fix sustav za jednostavno i brzo pri\u010dvr\u0161\u0107ivanje ko\u0161are na konstrukciju kolica \u2013 nema potrebe za kori\u0161tenjem ili kupnjom dodatnih adaptera.<\/li>\n<li>Bo\u010dno sadr\u017ei trake za dodatno pri\u010dvr\u0161\u0107ivanje na konstrukciju \u2013 pove\u0107ava sigurnost i smanjuje ljuljanje ko\u0161are tijekom \u0161etnje po neravnim terenima.<\/li>\n<li>Maksimalno optere\u0107enje: 9 kg<\/li>\n<li>Veli\u010dina unutarnjeg madraca: 74 x 30 cm<\/li>\n<li>Dimenzije ko\u0161are: 80 x 45 x 30 cm<\/li>\n<li>Dimenzije sklopljene ko\u0161are: 80 x 45 x 15 cm<\/li>\n<li>Te\u017eina ko\u0161are: 4 kg<\/li>\n<\/ul>\n<p>&nbsp;<\/p>\n<p><strong>Koos iSize R1\u00a0<\/strong>autosjedalica 40-83 cm<\/p>\n<ul>\n<li>Odobrena u skladu s Uredbom ECE R129, za djecu visine izme\u0111u 40 -83 cm, od ro\u0111enja do cca 15 mjeseci.<\/li>\n<li>U autu se ve\u017ee pomo\u0107u sigurnosnog pojasa ili montiranjem na iKoos Platform isofix bazu koja se kupuje zasebno.<\/li>\n<li>Kada se koristi s Isofix bazom, u automobilu je pri\u010dvr\u0161\u0107ena pomo\u0107u isofix-a, te s potpornom nogom protiv rotacije radi potpune sigurnosti \u2013 najsigurniji instalacijski sustav koji sprje\u010dava bilo kakve pogre\u0161ke u instalaciji koje bi mogle utjecati na sigurnost.<\/li>\n<li>Koos iSize R1 kompatibilan je s europskim propisima R44 i novim R129 (iSize) \u2013 mo\u017ee se vezati pojasevima od automobila ukoliko ne postoji mogu\u0107nost pri\u010dvr\u0161\u0107ivanja pomo\u0107u isofix-a.<\/li>\n<li>Bo\u010dne za\u0161tite na autosjedalici posebno su dizajnirane da apsorbiraju bo\u010dne udare tijekom sudara.<\/li>\n<li>Dodatnu sigurnost pru\u017ea i naslon za glavu koji je oblo\u017een \u201cmemorijskom pjenom\u201d za maksimalnu za\u0161titu u slu\u010daju bo\u010dnog udara.<\/li>\n<li>Vi\u0161enamjenski gumb za jednostavnije pode\u0161avanje ru\u010dke za no\u0161enje, te za uklanjanje autosjedalice s konstrukcije kolica.<\/li>\n<li>Ventilacijski sustav za protok zraka.<\/li>\n<li>Umetak za novoro\u0111en\u010de od 40 do 60 cm \u2013 pobolj\u0161ava kut sjedanja i pove\u0107ava sigurnost u slu\u010daju bo\u010dnog udara.<\/li>\n<li>Podesivi naslon za glavu u 5 polo\u017eaja \u2013 mo\u017ee se podesiti dok dijete sjedi u autosjedalici.<\/li>\n<li>Sigurnosni pojasevi se automatski prilago\u0111avaju kad podi\u017eete naslon za glavu prema djetetovoj visini (potrebno ih je samo produljiti\/skratiti pritiskom na tipku izme\u0111u nogica).<\/li>\n<li>Sigurnosni pojas u 3 to\u010dke s pode\u0161avanjem u jednom potezu.<\/li>\n<li>Indikatori za ispravno postavljanje autosjedalice.<\/li>\n<li>Produljivi krovi\u0107 s dodatnim nastavkom protiv UV zraka (SPF 50+) i vjetra.<\/li>\n<li>Pretinac za pohranu osobnih stvari.<\/li>\n<li>Uklonjive i perive navlake (30\u00b0 bez centrifuge).<\/li>\n<li>Pro-fix sustav za jednostavno i brzo pri\u010dvr\u0161\u0107ivanje autosjedalice na konstrukciju kolica \u2013 nema potrebe za kori\u0161tenjem ili kupnjom dodatnih adaptera.<\/li>\n<li>Dimenzije autosjedalice: 66 x 44 x 58 cm<\/li>\n<li>Te\u017eina autosjedalice: 3 kg<\/li>\n<\/ul>\n<p style=\"text-align: center;\"><strong>Nagrade<img loading=\"lazy\" class=\"aligncenter size-full wp-image-28610\" src=\"https:\/\/www.all4kids.com.hr\/wp-content\/uploads\/2020\/02\/Crosswalk_nagrade.jpg\" alt=\"\" width=\"1010\" height=\"158\" \/><img loading=\"lazy\" class=\"aligncenter size-full wp-image-28600\" src=\"https:\/\/www.all4kids.com.hr\/wp-content\/uploads\/2019\/10\/Koos-iSize-R1-nagrade.jpg\" alt=\"\" width=\"1010\" height=\"166\" \/><\/strong><\/p>\n","protected":false},"excerpt":{"rendered":"<p>Crosswalk R posebno je dizajniran za sigurnost i udobnost va\u0161eg djeteta prilikom dugih \u0161etnji. Planirate li izlete u planine ili mo\u017eda na selo? Crosswalk R prilagodit \u0107e se \u010dak i onim najnezahalnijim terenima.<\/p>\n","protected":false},"featured_media":976,"comment_status":"closed","ping_status":"closed","template":"","meta":[],"_links":{"self":[{"href":"https:\/\/wp-test.cro-digital.com\/index.php?rest_route=\/wp\/v2\/product\/812"}],"collection":[{"href":"https:\/\/wp-test.cro-digital.com\/index.php?rest_route=\/wp\/v2\/product"}],"about":[{"href":"https:\/\/wp-test.cro-digital.com\/index.php?rest_route=\/wp\/v2\/types\/product"}],"replies":[{"embeddable":true,"href":"https:\/\/wp-test.cro-digital.com\/index.php?rest_route=%2Fwp%2Fv2%2Fcomments&post=812"}],"wp:featuredmedia":[{"embeddable":true,"href":"https:\/\/wp-test.cro-digital.com\/index.php?rest_route=\/wp\/v2\/media\/976"}],"wp:attachment":[{"href":"https:\/\/wp-test.cro-digital.com\/index.php?rest_route=%2Fwp%2Fv2%2Fmedia&parent=812"}],"curies":[{"name":"wp","href":"https:\/\/api.w.org\/{rel}","templated":true}]}}