{"id":850,"date":"2020-11-03T18:37:52","date_gmt":"2020-11-03T17:37:52","guid":{"rendered":"https:\/\/wp-test.cro-digital.com\/?product=import-placeholder-for-296182"},"modified":"2020-11-03T18:41:21","modified_gmt":"2020-11-03T17:41:21","slug":"stalak-za-aqua-scale-kadicu","status":"publish","type":"product","link":"https:\/\/wp-test.cro-digital.com\/?product=stalak-za-aqua-scale-kadicu","title":{"rendered":"Stalak za Aqua Scale kadicu"},"content":{"rendered":"<div class=\"product-short-description\">\n<p>Dodatak za Aqua Scale kadicu za kupanje beba. Stalak elegantnog dizajna uklju\u010duje \u0161iroku odvodnu cijev za jednostavno pra\u017enjenje kade nakon kupanja. Ima protuklizni sustav, te je sklopiv pa ne\u0107e zauzeti puno prostora u va\u0161oj kupaonici.<\/p>\n<ul class=\"a-vertical a-spacing-none\">\n<li><span class=\"a-list-item\">Koristan stalak za Aqua Scale 3 u 1 kadicu za kupanje beba<\/span><\/li>\n<li><span class=\"a-list-item\">Podi\u017ee kadicu kako bi bila na savr\u0161enoj visini<\/span><\/li>\n<li><span class=\"a-list-item\">Omogu\u0107ava vam kupanje bez napora<br \/>\n<\/span><\/li>\n<li><span class=\"a-list-item\">Lako se odr\u017eava sa mekanom krpom i blagim deter\u0111entom<\/span><\/li>\n<li><span class=\"a-list-item\">Sklapa se u male dimenzije \u0161to omogu\u0107uje lako spremanje<br \/>\n<\/span><\/li>\n<\/ul>\n<\/div>\n","protected":false},"excerpt":{"rendered":"<p>Dodatak za Aqua Scale kadicu za kupanje beba.<\/p>\n","protected":false},"featured_media":1024,"comment_status":"closed","ping_status":"closed","template":"","meta":[],"_links":{"self":[{"href":"https:\/\/wp-test.cro-digital.com\/index.php?rest_route=\/wp\/v2\/product\/850"}],"collection":[{"href":"https:\/\/wp-test.cro-digital.com\/index.php?rest_route=\/wp\/v2\/product"}],"about":[{"href":"https:\/\/wp-test.cro-digital.com\/index.php?rest_route=\/wp\/v2\/types\/product"}],"replies":[{"embeddable":true,"href":"https:\/\/wp-test.cro-digital.com\/index.php?rest_route=%2Fwp%2Fv2%2Fcomments&post=850"}],"wp:featuredmedia":[{"embeddable":true,"href":"https:\/\/wp-test.cro-digital.com\/index.php?rest_route=\/wp\/v2\/media\/1024"}],"wp:attachment":[{"href":"https:\/\/wp-test.cro-digital.com\/index.php?rest_route=%2Fwp%2Fv2%2Fmedia&parent=850"}],"curies":[{"name":"wp","href":"https:\/\/api.w.org\/{rel}","templated":true}]}}