{"id":853,"date":"2020-11-03T18:37:52","date_gmt":"2020-11-03T17:37:52","guid":{"rendered":"https:\/\/wp-test.cro-digital.com\/?product=import-placeholder-for-32570"},"modified":"2020-11-03T18:41:43","modified_gmt":"2020-11-03T17:41:43","slug":"jane-ikonic-0-18-kg-horizons","status":"publish","type":"product","link":"https:\/\/wp-test.cro-digital.com\/?product=jane-ikonic-0-18-kg-horizons","title":{"rendered":"Jane IKonic 0-18 kg &#8211; Horizons"},"content":{"rendered":"<p>IKonic je nagra\u0111ivana autosjedalica koja je namijenjena za djecu od ro\u0111enja do 4 godine starosti. Svojom rotacijom od 360\u00b0 omogu\u0107ava lak\u0161e va\u0111enje i stavljanje djeteta u autosjedalicu. Jan\u00e9 Ikonic autosjedalica zadovoljava, pa \u010dak i prema\u0161uje testne parametre i-Size regulative (ECE R129). Ima podesiv naslon za glavu u 5 polo\u017eaja koji se mogu lako podesiti u skladu s visinom djeteta. Mehanizam za pode\u0161avanje visine mo\u017ee se koristiti i dok je dijete u sjedalu, \u0161to vam omogu\u0107ava da se autosjedalica potpuno prilagodi djetetu. Sigurnosni pojasevi i podesiv naslon za glavu omogu\u0107uju sinkronizirano pode\u0161avanje, a njihovi pojasevi u 5 to\u010daka javnomjerno \u0161ire optere\u0107enje po tijelu u slu\u010daju nezgode. IKonic uklju\u010duje i umetak za novoro\u0111en\u010de od 40 do 60 cm, koji pobolj\u0161ava kut sjedenja i pove\u0107ava sigurnost u slu\u010daju bo\u010dnog udara. Autosjedalica iKonic nudi 4 polo\u017eaja naslona koji se mogu namjestiti uz pomo\u0107 samo jedne ruke. Polo\u017eaji se mogu regulirati kad je autosjedalica okrenuta u smjeru vo\u017enje, ali i kada je okrenuta obrnuto od smjera vo\u017enje. S pode\u0161avanjem naslona mo\u017eete odabrati najudobniji polo\u017eaj za svoju bebu.<\/p>\n<p><img loading=\"lazy\" class=\"size-full wp-image-26290 aligncenter\" src=\"https:\/\/www.all4kids.com.hr\/wp-content\/uploads\/2019\/10\/ikonicccccc.jpg\" alt=\"\" width=\"2020\" height=\"948\" \/><\/p>\n<ul style=\"text-align: center;\">\n<li style=\"text-align: left;\"><strong>Obrnuto od smjera vo\u017enje:<\/strong> od 40 do 105 cm visine i maksimalne te\u017eine od 18 kg (ro\u0111enje do oko 4 godine)<\/li>\n<li style=\"text-align: left;\"><strong>U smjeru vo\u017enje:<\/strong> od 76 do 105 cm, s maksimalnom te\u017einom od 18 kg (oko 15 mjeseci do 4 godine)<\/li>\n<li style=\"text-align: left;\"><strong>Zakretanje za 360\u00b0 u oba smjera <\/strong>&#8211;\u00a0omogu\u0107uje izuzetno jednostavmo postavljanje djeteta u autosjedalicu i mijenjanje polo\u017eaja za vo\u017enju<\/li>\n<li style=\"text-align: left;\"><strong>Zadovoljava i prema\u0161uje sigurnosni standard i-Size, omogu\u0107avaju\u0107i du\u017ei period vo\u017enje u obrnutom smjeru (do 4 godine)<\/strong><\/li>\n<li style=\"text-align: left;\">Lagano zakrenite sjedala pomo\u0107u samo jedne ruke, dok je druga slobodna za pridr\u017eavanje bebe<\/li>\n<li style=\"text-align: left;\">Ima ugra\u0111en signalni sustav za izbjegavanje instalacijskih pogre\u0161aka<\/li>\n<li style=\"text-align: left;\">Nudi 4 polo\u017eaja naslona u smjeru vo\u017enje i obrnuto od smjera vo\u017enje, s time da polo\u017eaj mo\u017eete mijenjati uz pomo\u0107 samo jedne ruke<\/li>\n<li style=\"text-align: left;\">Unutarnji dio sjedi\u0161ta je prekriven materijalima koji apsorbiraju udarce<\/li>\n<li style=\"text-align: left;\">Zahvaljuju\u0107i visini sjedala dijete bolje vidi kroz prozor automobila \u0161to \u010dini vo\u017enju u autosjedalici ugodnom i zabavnom<\/li>\n<li style=\"text-align: left;\">Podesivi sigurnosni remen\u010di\u0107i u 5 to\u010daka i naslon za glavu koji se sinkronizirano pode\u0161avaju jednim potezom<\/li>\n<li style=\"text-align: left;\">Naslon za glavu podesiv je u 5 polo\u017eaja &#8211; \u010dak i dok je dijete u autosjedalici<\/li>\n<li style=\"text-align: left;\">Sigurnosni pojas u 5 to\u010daka pode\u0161ava se povla\u010denjem vrpce, a ravnomjerno \u0161iri optere\u0107enja po tijelu u slu\u010daju nezgode<\/li>\n<li style=\"text-align: left;\">Jednostavno i sigurno postavljanje pomo\u0107u automobilskih ISOFIX to\u010daka<\/li>\n<li style=\"text-align: left;\"><strong>Isofix + noga protiv rotacije &#8211; najsigurniji na\u010din ugradnje jer spre\u010dava instalacijske pogre\u0161ke koje bi mogle utjecati na sigurnost.<\/strong><\/li>\n<li style=\"text-align: left;\">Umetak za novoro\u0111en\u010de lako se uklanja za pranje ili kada ga beba preraste.<\/li>\n<li style=\"text-align: left;\">Sadr\u017ei ventilacijski otvori za bolji protok zraka \u0161to puno zna\u010di tijekom toplijih dana u godini.<\/li>\n<li style=\"text-align: left;\">Sve navlake su lako uklonjive i perive<\/li>\n<li style=\"text-align: left;\">Dimenzije proizvoda: 78 x 44 x 119,5 cm<\/li>\n<li style=\"text-align: left;\">Te\u017eina proizvoda: 15 kg<\/li>\n<\/ul>\n<table class=\" aligncenter\" width=\"89%\">\n<tbody>\n<tr>\n<td width=\"10%\"><strong>\u00a0<\/strong><\/p>\n<p style=\"text-align: center;\"><strong>Grupa<\/strong><\/p>\n<p style=\"text-align: center;\">\n<\/td>\n<td style=\"text-align: center;\" width=\"18%\"><img loading=\"lazy\" class=\"aligncenter size-full wp-image-30397\" src=\"https:\/\/www.all4kids.com.hr\/wp-content\/uploads\/2020\/03\/2020-web-icons-weight-baby.png\" alt=\"\" width=\"87\" height=\"47\" \/><\/td>\n<td style=\"text-align: center;\" width=\"19%\"><img loading=\"lazy\" class=\"aligncenter size-full wp-image-30398\" src=\"https:\/\/www.all4kids.com.hr\/wp-content\/uploads\/2020\/03\/2020-web-icons-height-baby.png\" alt=\"\" width=\"87\" height=\"47\" \/><\/td>\n<td style=\"text-align: center;\" width=\"20%\"><img loading=\"lazy\" class=\"aligncenter size-full wp-image-30399\" src=\"https:\/\/www.all4kids.com.hr\/wp-content\/uploads\/2020\/03\/2020-web-icons-rearward-facing.png\" alt=\"\" width=\"87\" height=\"47\" \/><\/td>\n<td style=\"text-align: center;\" width=\"12%\"><strong>Sistem vezanja<\/strong><\/td>\n<td style=\"text-align: center;\" width=\"18%\"><strong>Na\u010din monta\u017ee<\/strong><\/td>\n<\/tr>\n<tr>\n<td width=\"10%\">\n<p style=\"text-align: center;\">0+ \/ 1<\/p>\n<\/td>\n<td width=\"18%\">\n<p style=\"text-align: center;\">0 &#8211; 18 kg<\/p>\n<\/td>\n<td width=\"19%\">\n<p style=\"text-align: center;\">40 &#8211; 105 cm<\/p>\n<p style=\"text-align: center;\">0 &#8211; 4 godine<\/p>\n<\/td>\n<td width=\"20%\">Obrnuto od smjera vo\u017enje<\/td>\n<td width=\"12%\">\n<p style=\"text-align: center;\">U 5 to\u010daka<\/p>\n<\/td>\n<td width=\"18%\">\n<p style=\"text-align: center;\">Isofix + Noga protiv rotacije<\/p>\n<\/td>\n<\/tr>\n<tr>\n<td style=\"text-align: center;\" width=\"10%\">1<\/td>\n<td style=\"text-align: center;\" width=\"18%\">9 &#8211; 18 kg<\/td>\n<td style=\"text-align: center;\" width=\"19%\">75 &#8211; 105 cm<\/p>\n<p>15 mj &#8211; 4 godine<\/td>\n<td style=\"text-align: center;\" width=\"20%\">U smjeru vo\u017enje<\/td>\n<td style=\"text-align: center;\" width=\"12%\">U 5 to\u010daka<\/td>\n<td width=\"18%\">\n<p style=\"text-align: center;\">Isofix + Noga protiv rotacije<\/p>\n<\/td>\n<\/tr>\n<\/tbody>\n<\/table>\n<p style=\"text-align: center;\"><strong>Nagrade<img loading=\"lazy\" class=\"aligncenter size-full wp-image-28640\" src=\"https:\/\/www.all4kids.com.hr\/wp-content\/uploads\/2020\/03\/ikonic_nagrada1.jpg\" alt=\"\" width=\"1010\" height=\"158\" \/><\/strong><\/p>\n<p style=\"text-align: center;\"><em>iKonic je osvojio zlato u kategoriji najbolje rotiraju\u0107e autosjedalice i srebro<\/em><\/p>\n<p style=\"text-align: center;\"><em>u kategoriji duljeg kori\u0161tenja u smjeru suprotnom od smjera vo\u017enje.<\/em><img loading=\"lazy\" class=\"aligncenter size-full wp-image-28639\" src=\"https:\/\/www.all4kids.com.hr\/wp-content\/uploads\/2020\/03\/Ikonic_nagrada2.png\" alt=\"\" width=\"822\" height=\"235\" \/><\/p>\n","protected":false},"excerpt":{"rendered":"<p>Jan\u00e9 Ikonic autosjedalica zadovoljava, pa \u010dak i prema\u0161uje testne parametre i-Size regulative (ECE R129). Namijenjena je djeci od ro\u0111enja do 4 godine starosti, a svojom rotacijom od 360\u00b0 omogu\u0107ava lak\u0161e va\u0111enje i stavljanje djeteta u autosjedalicu.<\/p>\n","protected":false},"featured_media":1050,"comment_status":"closed","ping_status":"closed","template":"","meta":[],"_links":{"self":[{"href":"https:\/\/wp-test.cro-digital.com\/index.php?rest_route=\/wp\/v2\/product\/853"}],"collection":[{"href":"https:\/\/wp-test.cro-digital.com\/index.php?rest_route=\/wp\/v2\/product"}],"about":[{"href":"https:\/\/wp-test.cro-digital.com\/index.php?rest_route=\/wp\/v2\/types\/product"}],"replies":[{"embeddable":true,"href":"https:\/\/wp-test.cro-digital.com\/index.php?rest_route=%2Fwp%2Fv2%2Fcomments&post=853"}],"wp:featuredmedia":[{"embeddable":true,"href":"https:\/\/wp-test.cro-digital.com\/index.php?rest_route=\/wp\/v2\/media\/1050"}],"wp:attachment":[{"href":"https:\/\/wp-test.cro-digital.com\/index.php?rest_route=%2Fwp%2Fv2%2Fmedia&parent=853"}],"curies":[{"name":"wp","href":"https:\/\/api.w.org\/{rel}","templated":true}]}}