{"id":876,"date":"2020-11-03T18:38:20","date_gmt":"2020-11-03T17:38:20","guid":{"rendered":"https:\/\/wp-test.cro-digital.com\/?product=import-placeholder-for-6803-t83"},"modified":"2020-11-03T18:42:03","modified_gmt":"2020-11-03T17:42:03","slug":"jane-baby-side-krevetic-rainbow","status":"publish","type":"product","link":"https:\/\/wp-test.cro-digital.com\/?product=jane-baby-side-krevetic-rainbow","title":{"rendered":"Jan\u00e9 Baby Side kreveti\u0107 &#8211; Rainbow"},"content":{"rendered":"<p>Jane kreveti\u0107 Baby Side najlak\u0161i je i najprakti\u010dniji na\u010din na koji vi i va\u0161a beba mo\u017eete dijeliti krevet. Omogu\u0107uje vam bezbri\u017ean san, a bebi vlastiti prostor. Teleskopske noge sa 6 polo\u017eaja visine \u010dine ga kompatibilnim sa gotovo svim krevetima na tr\u017ei\u0161tu. Baby Side kreveti\u0107 mo\u017ee se koristiti i kao samostalni kreveti\u0107 podizanjem prednje stranice. Zahvaljuju\u0107i \u010detiri neovisna kota\u010da s ko\u010dnicom lako se pomi\u010de i sklapa ukoliko idete na putovanje. Podnica kreveti\u0107a s madracem nudi nekoliko polo\u017eaja \u0161to omogu\u0107uje odabir najugodnijeg polo\u017eaja za va\u0161u bebu.<\/p>\n<p><strong>Uz kreveti\u0107 dolazi pokriva\u010d, navlaka za pokriva\u010d, plahta, jastuk i navlaka za jastuk. Sve navlake su uklonjive i perive.<\/strong><\/p>\n<p>\u2022 Kreveti\u0107\/kolijevka s uklonjivom bo\u010dnom stranom<br \/>\n\u2022 Pogodno za kori\u0161tenje od ro\u0111enja do 9 kg; odnosno od 0 &#8211; 6 mjeseci<br \/>\n\u2022 Uz kreveti\u0107 dolazi set posteljine od 100% pamuka &#8211; pokriva\u010d, navlaka za pokriva\u010d, plahta, jastuk i navlaka za jastuk<br \/>\n\u2022 Sve tkanine su uklonjive i perive<br \/>\n\u2022 Uklju\u010duje madrac<br \/>\n\u2022 6 polo\u017eaja visine &#8211; kompatibilan gotovo sa svim krevetima na tr\u017ei\u0161tu<br \/>\n\u2022 4 kota\u010da s ko\u010dnicama olak\u0161avaju pomicanje kreveti\u0107a<br \/>\n\u2022 Jednostavan i siguran sustav pri\u010dvr\u0161\u0107ivanja kreveti\u0107a\/kolijevke na krevet od roditelja<br \/>\n\u2022 Jednostavno sklapanje<br \/>\n\u2022 Podnica kreveti\u0107a s madracem ima nekoliko polo\u017eaja za ve\u0107u udobnost djeteta<br \/>\n\u2022 Dio kreveti\u0107a oblo\u017een je s rupi\u010dastom tkaninom radi boljeg protoka zraka i bolje vidljivosti u kreveti\u0107<br \/>\n\u2022 Kad beba naraste mo\u017ee se koristiti i kao samostalni kreveti\u0107<br \/>\n\u2022 Materijal: 100% pamuka<br \/>\n\u2022 Nosivost: do 9 kg<br \/>\n\u2022 Dimenzije kreveti\u0107a: 92 x 67 x 68\/79 cm<br \/>\n\u2022 Dimenzije sklopljenog kreveti\u0107a: 92 x 67 x 16 cm<br \/>\n\u2022 Dimenzije madraca: 49,5 \u00d7 82,5 cm<br \/>\n\u2022 Te\u017eina kreveti\u0107a: 10 kg<\/p>\n<p><strong>Kreveti\u0107\/kolijevka Baby Side sa 6 polo\u017eaja visine:<\/strong><br \/>\nVisina madraca kreveta za roditelje uvijek bi trebala biti ve\u0107a od visine madraca u kreveti\u0107u\/kolijevci. Madrac kreveta za roditelje uvijek mora biti 6 cm vi\u0161i od madraca kreveti\u0107a Jane Baby Side.<\/p>\n<p>Ispod je navedena tablica koja prikazuje preporu\u010denu visinu kreveti\u0107a\/kolijevke u odnosu na visinu kreveta za roditelje.<\/p>\n<p><img loading=\"lazy\" class=\"size-full wp-image-19940 aligncenter\" src=\"https:\/\/www.all4kids.com.hr\/wp-content\/uploads\/2018\/08\/BabySide-6800X-fitting-info.jpg\" alt=\"\" width=\"1311\" height=\"1133\" \/><\/p>\n","protected":false},"excerpt":{"rendered":"<p>Jane kreveti\u0107 Baby Side najlak\u0161i je i najprakti\u010dniji na\u010din na koji vi i va\u0161a beba mo\u017eete dijeliti krevet. Omogu\u0107uje vam bezbri\u017ean san, a bebi vlastiti prostor.<\/p>\n","protected":false},"featured_media":1064,"comment_status":"closed","ping_status":"closed","template":"","meta":[],"_links":{"self":[{"href":"https:\/\/wp-test.cro-digital.com\/index.php?rest_route=\/wp\/v2\/product\/876"}],"collection":[{"href":"https:\/\/wp-test.cro-digital.com\/index.php?rest_route=\/wp\/v2\/product"}],"about":[{"href":"https:\/\/wp-test.cro-digital.com\/index.php?rest_route=\/wp\/v2\/types\/product"}],"replies":[{"embeddable":true,"href":"https:\/\/wp-test.cro-digital.com\/index.php?rest_route=%2Fwp%2Fv2%2Fcomments&post=876"}],"wp:featuredmedia":[{"embeddable":true,"href":"https:\/\/wp-test.cro-digital.com\/index.php?rest_route=\/wp\/v2\/media\/1064"}],"wp:attachment":[{"href":"https:\/\/wp-test.cro-digital.com\/index.php?rest_route=%2Fwp%2Fv2%2Fmedia&parent=876"}],"curies":[{"name":"wp","href":"https:\/\/api.w.org\/{rel}","templated":true}]}}