{"id":92,"date":"2020-11-03T18:20:01","date_gmt":"2020-11-03T17:20:01","guid":{"rendered":"https:\/\/wp-test.cro-digital.com\/?product=import-placeholder-for-15705"},"modified":"2020-11-03T18:22:29","modified_gmt":"2020-11-03T17:22:29","slug":"jane-mrezaste-gacice-5-kom","status":"publish","type":"product","link":"https:\/\/wp-test.cro-digital.com\/?product=jane-mrezaste-gacice-5-kom","title":{"rendered":"Jane mre\u017easte ga\u0107ice (5 kom)"},"content":{"rendered":"<p>Pet pari mre\u017eastih ga\u0107ica od vrlo rastezljivog i ugodnog materijala za boravak u bolnici i kori\u0161tenje nakon poroda. Tkanina je meka i rastezljiva zbog \u010dega veli\u010dina ga\u0107ica odgovara svima. Promjer otvora za noge prilagodit \u0107e se tijelu bez pritiska. Ga\u0107ice su prozra\u010dne i ugodne (ne sti\u0161\u0107u), pa \u0107e odgovarati i mamama koje su rodile putem carskog reza.<\/p>\n<ul>\n<li>Pet pari perivih mre\u017eastih ga\u0107ica s ulo\u0161kom<\/li>\n<li>Univerzalna veli\u010dina \u2013 meke, elasti\u010dne i rastezljive<\/li>\n<li>Idealne su za \u017eene koje su rodile putem carskog reza<\/li>\n<li>Prozra\u010dne &#8211; omogu\u0107uju br\u017ee zacjeljivanje o\u017eiljka od carskog reza<\/li>\n<\/ul>\n","protected":false},"excerpt":{"rendered":"<p>Pet pari mre\u017eastih ga\u0107ica od vrlo rastezljivog i ugodnog materijala za boravak u bolnici i kori\u0161tenje nakon poroda.<\/p>\n","protected":false},"featured_media":204,"comment_status":"closed","ping_status":"closed","template":"","meta":[],"_links":{"self":[{"href":"https:\/\/wp-test.cro-digital.com\/index.php?rest_route=\/wp\/v2\/product\/92"}],"collection":[{"href":"https:\/\/wp-test.cro-digital.com\/index.php?rest_route=\/wp\/v2\/product"}],"about":[{"href":"https:\/\/wp-test.cro-digital.com\/index.php?rest_route=\/wp\/v2\/types\/product"}],"replies":[{"embeddable":true,"href":"https:\/\/wp-test.cro-digital.com\/index.php?rest_route=%2Fwp%2Fv2%2Fcomments&post=92"}],"wp:featuredmedia":[{"embeddable":true,"href":"https:\/\/wp-test.cro-digital.com\/index.php?rest_route=\/wp\/v2\/media\/204"}],"wp:attachment":[{"href":"https:\/\/wp-test.cro-digital.com\/index.php?rest_route=%2Fwp%2Fv2%2Fmedia&parent=92"}],"curies":[{"name":"wp","href":"https:\/\/api.w.org\/{rel}","templated":true}]}}