{"id":920,"date":"2020-11-03T18:39:13","date_gmt":"2020-11-03T17:39:13","guid":{"rendered":"https:\/\/wp-test.cro-digital.com\/?product=import-placeholder-for-32693"},"modified":"2020-11-03T18:42:19","modified_gmt":"2020-11-03T17:42:19","slug":"jane-kolut-za-plivanje-holi","status":"publish","type":"product","link":"https:\/\/wp-test.cro-digital.com\/?product=jane-kolut-za-plivanje-holi","title":{"rendered":"Jan\u00e9 kolut za plivanje &#8211; Holi"},"content":{"rendered":"<p>Jan\u00e9 Float Bow bit \u0107e idealan suputnik u prvim vodenim avanturama.\u00a0Kolut sadr\u017ei naslon za glavu koji \u0107e biti idealan za prva kupanja jer \u0107e va\u0161e dijete u\u017eivati u vodi bez napora.\u00a0Kad savladate prvu fazu mo\u017eete se rije\u0161iti naslona, a s time \u0107e va\u0161e dijete dobiti vi\u0161e slobode, te \u0107e prirodno po\u010deti koristiti noge \u0161to \u0107e ozna\u010diti jo\u0161 jedan korak bli\u017ee do samostalnog plivanja.<\/p>\n<ul>\n<li>Namjenjeno za kori\u0161tenje od ro\u0111enja<\/li>\n<li>Revolucionarni kolut sa sigurnosni pojasom i naslonom za glavu<\/li>\n<li>Siguran i udoban zra\u010dni kolut za prvo plivanje<\/li>\n<li>Naslon za glavu slu\u017ei kao oslonac tijekom prvog susreta s plivanjem, a osigurat \u0107e bebu kako joj nebi u\u0161la voda u u\u0161i, o\u010di ili usta<\/li>\n<li>Plivanje bez naslona za glavu potaknut \u0107e pokrete ruku i nogu, te dr\u017eanje glave uspravnom<\/li>\n<li>Dimenzije proizvoda: 57 x 29 cm<\/li>\n<li data-removefontsize=\"true\" data-originalcomputedfontsize=\"16\">100% siguran proizvod<\/li>\n<li data-removefontsize=\"true\" data-originalcomputedfontsize=\"16\">Ne sadr\u017ei: BPA, pvc, folfate, olovo<\/li>\n<\/ul>\n","protected":false},"excerpt":{"rendered":"<p>Jan\u00e9 Float Bow bit \u0107e idealan suputnik u prvim vodenim avanturama. Kolut s dvije faze kori\u0161tenja, postepeno \u0107e u\u010diti bebu pravilnom plivanju.<\/p>\n","protected":false},"featured_media":1077,"comment_status":"closed","ping_status":"closed","template":"","meta":[],"_links":{"self":[{"href":"https:\/\/wp-test.cro-digital.com\/index.php?rest_route=\/wp\/v2\/product\/920"}],"collection":[{"href":"https:\/\/wp-test.cro-digital.com\/index.php?rest_route=\/wp\/v2\/product"}],"about":[{"href":"https:\/\/wp-test.cro-digital.com\/index.php?rest_route=\/wp\/v2\/types\/product"}],"replies":[{"embeddable":true,"href":"https:\/\/wp-test.cro-digital.com\/index.php?rest_route=%2Fwp%2Fv2%2Fcomments&post=920"}],"wp:featuredmedia":[{"embeddable":true,"href":"https:\/\/wp-test.cro-digital.com\/index.php?rest_route=\/wp\/v2\/media\/1077"}],"wp:attachment":[{"href":"https:\/\/wp-test.cro-digital.com\/index.php?rest_route=%2Fwp%2Fv2%2Fmedia&parent=920"}],"curies":[{"name":"wp","href":"https:\/\/api.w.org\/{rel}","templated":true}]}}