{"id":921,"date":"2020-11-03T18:39:13","date_gmt":"2020-11-03T17:39:13","guid":{"rendered":"https:\/\/wp-test.cro-digital.com\/?product=import-placeholder-for-040521-t24"},"modified":"2020-11-03T18:42:54","modified_gmt":"2020-11-03T17:42:54","slug":"jane-kadica-na-napuhavanje-holi-2","status":"publish","type":"product","link":"https:\/\/wp-test.cro-digital.com\/?product=jane-kadica-na-napuhavanje-holi-2","title":{"rendered":"Jan\u00e9 kadica na napuhavanje &#8211; Holi"},"content":{"rendered":"<p>Udobnosti i prakti\u010dnosti nema kraja, <strong>ovu kadicu mo\u017eete smjestiti u va\u0161u kadu, tu\u0161 kabinu, dvori\u0161te ili ju \u010dak mo\u017eete ponijeti na pla\u017eu<\/strong>. Kadica na napuhavanje izra\u0111ena je od kvalitetnog neklizaju\u0107eg materijala koji je vrlo ugodan za ko\u017eu va\u0161eg mali\u0161ana. Jane kadica rast \u0107e se zajedno s va\u0161om bebom zahvaljuju\u0107i 3 razli\u010dita polo\u017eaja.<\/p>\n<ul>\n<li>Namijenjeno za kori\u0161tenje od ro\u0111enja<\/li>\n<li>Kadica na napuhavanje od visoko otporne plastike<\/li>\n<li>Udobna i prostrana<\/li>\n<li>Uklju\u010duje i protuklizaju\u0107i umetak koji se mo\u017ee postaviti u tri razli\u010dita polo\u017eaja<\/li>\n<li><strong>1. polo\u017eaj:<\/strong> Postavite umetak kao naslon za glavu, tada \u0107e dijete mo\u0107i le\u017eati s glavicom u polo\u017eaju vi\u0161em od tijela<\/li>\n<li><strong>2. polo\u017eaj:<\/strong> Postavite umetak u sredinu kadice i tako napravite sigurno sjedalo za va\u0161u bebu koje \u0107e ju sprije\u010davati da se poklizne<\/li>\n<li><strong>3. polo\u017eaj:<\/strong> Izvadite umetak i tako pru\u017eite djetetu vi\u0161e prostora<\/li>\n<li>Kapacitet vode: 30 litara<\/li>\n<li>Dimenzije proizvoda: 78 x 43 x 37 cm<\/li>\n<\/ul>\n","protected":false},"excerpt":{"rendered":"<p>Udobnosti i prakti\u010dnosti nema kraja, ovu kadicu mo\u017eete smjestiti u va\u0161u kadu, tu\u0161 kabinu, dvori\u0161te ili ju \u010dak mo\u017eete ponijeti na pla\u017eu.<\/p>\n","protected":false},"featured_media":1103,"comment_status":"closed","ping_status":"closed","template":"","meta":[],"_links":{"self":[{"href":"https:\/\/wp-test.cro-digital.com\/index.php?rest_route=\/wp\/v2\/product\/921"}],"collection":[{"href":"https:\/\/wp-test.cro-digital.com\/index.php?rest_route=\/wp\/v2\/product"}],"about":[{"href":"https:\/\/wp-test.cro-digital.com\/index.php?rest_route=\/wp\/v2\/types\/product"}],"replies":[{"embeddable":true,"href":"https:\/\/wp-test.cro-digital.com\/index.php?rest_route=%2Fwp%2Fv2%2Fcomments&post=921"}],"wp:featuredmedia":[{"embeddable":true,"href":"https:\/\/wp-test.cro-digital.com\/index.php?rest_route=\/wp\/v2\/media\/1103"}],"wp:attachment":[{"href":"https:\/\/wp-test.cro-digital.com\/index.php?rest_route=%2Fwp%2Fv2%2Fmedia&parent=921"}],"curies":[{"name":"wp","href":"https:\/\/api.w.org\/{rel}","templated":true}]}}