{"id":923,"date":"2020-11-03T18:39:13","date_gmt":"2020-11-03T17:39:13","guid":{"rendered":"https:\/\/wp-test.cro-digital.com\/?product=import-placeholder-for-32707"},"modified":"2020-11-03T18:42:25","modified_gmt":"2020-11-03T17:42:25","slug":"jane-mila-polipiel-kozna-hranilica-cream","status":"publish","type":"product","link":"https:\/\/wp-test.cro-digital.com\/?product=jane-mila-polipiel-kozna-hranilica-cream","title":{"rendered":"Jane Mila Polipiel ko\u017ena hranilica &#8211; Cream"},"content":{"rendered":"<p>Najbolja hranilica za va\u0161u bebu s vodootpornom i uklonjivom navlakom od umjetne ko\u017ee koja osigurava udobnost i lako se \u010disti.<\/p>\n<p>Elegantna hranilica namijenjena je bebama od 0 do 3 godine starosti. Hranilica ima uklonjivu navlaku, te dvostruki pladanj. Tako\u0111er sadr\u017ei mekani umetak za novoro\u0111en\u010de kako bi va\u0161em djetetu osigurala \u0161to udobnije le\u017eanje.<\/p>\n<p>Hranilica Mila ima 6 razli\u010ditih polo\u017eaja naslona, \u200b\u200b7 polo\u017eaja po visini i 2 polo\u017eaja za nogice. To su \u010dak 84 razli\u010dite kombinacije! Janeova fenomenalna hranilica nudi mnogo razli\u010ditih mogu\u0107nosti kori\u0161tenja \u0161to omogu\u0107ava va\u0161oj bebi da odmara, da bude dio zajedni\u010dkih obroka ili pak da prisustvuje mnogim drugim aktivnostima.<\/p>\n<ul>\n<li>Patentirani proizvod<\/li>\n<li>Pogodno od ro\u0111enja do 3 godine starosti<\/li>\n<li>6 polo\u017eaja naslona sa automatskim pode\u0161avanjem kuta sjedenja za optimalnu udobnost bebe<\/li>\n<li>Podesivi nastavak za noge<\/li>\n<li>7 polo\u017eaja hranilice podesivih po visini<\/li>\n<li>2 polo\u017eaja pladnja s odvojivim dijelom<\/li>\n<li>Sadr\u017ei mekani jastu\u010di\u0107 koji se mo\u017ee ukloniti<\/li>\n<li>Kompaktna i samostoje\u0107a u sklopljenom polo\u017eaju<\/li>\n<li>Vodootporan materijal od umjetne ko\u017ee<\/li>\n<li>Odvojiva i periva navlaka<\/li>\n<li>Hranilica sadr\u017ei dio koji zadr\u017eava dijete kako ne bi klizilo niz sjedalo<\/li>\n<li>Sigurnosni pojasevi u 5 to\u010daka<\/li>\n<li>Sadr\u017ei spremnik za pladanj na stra\u017enjoj strani hranilice<\/li>\n<li>Ergonomski dizajnirana za optimalnu udobnost bebe<\/li>\n<li>Dimenzije proizvoda: 55 x 80 x 105 cm<\/li>\n<li>Dimenzije sklopljenog proizvoda: 55 x 35 x 85 cm<\/li>\n<li>Te\u017eina proizvoda: 8 kg<\/li>\n<\/ul>\n","protected":false},"excerpt":{"rendered":"<p>Najbolja hranilica za va\u0161u bebu s vodootpornom i uklonjivom navlakom od umjetne ko\u017ee. Mila ima 6 razli\u010ditih polo\u017eaja naslona, \u200b\u200b7 polo\u017eaja po visini i 2 polo\u017eaja za nogice. To su \u010dak 84 razli\u010dite kombinacije!<\/p>\n","protected":false},"featured_media":1084,"comment_status":"closed","ping_status":"closed","template":"","meta":[],"_links":{"self":[{"href":"https:\/\/wp-test.cro-digital.com\/index.php?rest_route=\/wp\/v2\/product\/923"}],"collection":[{"href":"https:\/\/wp-test.cro-digital.com\/index.php?rest_route=\/wp\/v2\/product"}],"about":[{"href":"https:\/\/wp-test.cro-digital.com\/index.php?rest_route=\/wp\/v2\/types\/product"}],"replies":[{"embeddable":true,"href":"https:\/\/wp-test.cro-digital.com\/index.php?rest_route=%2Fwp%2Fv2%2Fcomments&post=923"}],"wp:featuredmedia":[{"embeddable":true,"href":"https:\/\/wp-test.cro-digital.com\/index.php?rest_route=\/wp\/v2\/media\/1084"}],"wp:attachment":[{"href":"https:\/\/wp-test.cro-digital.com\/index.php?rest_route=%2Fwp%2Fv2%2Fmedia&parent=923"}],"curies":[{"name":"wp","href":"https:\/\/api.w.org\/{rel}","templated":true}]}}