{"id":93,"date":"2020-11-03T18:20:01","date_gmt":"2020-11-03T17:20:01","guid":{"rendered":"https:\/\/wp-test.cro-digital.com\/?product=import-placeholder-for-15708"},"modified":"2020-11-03T18:23:41","modified_gmt":"2020-11-03T17:23:41","slug":"jane-gacice-nakon-poroda-5-kom","status":"publish","type":"product","link":"https:\/\/wp-test.cro-digital.com\/?product=jane-gacice-nakon-poroda-5-kom","title":{"rendered":"Jan\u00e9 ga\u0107ice nakon poroda (5 kom)"},"content":{"rendered":"<p>Pet pari jednokratnih ga\u0107ica namijenjenih za kori\u0161tenje nakon poroda. Napravljene su od meke antialergijske tkanine koja jam\u010di zdravu udobnost. Vrlo ugodne, higijenske i rastezljive ga\u0107ice namijenjene su za kori\u0161tenje tijekom boravka u bolnici i nakon poroda. One su prozra\u010dne i meke ga\u0107ice koje \u0107e mame obo\u017eavati.<\/p>\n<ul>\n<li>Jednokratne, higijenske ga\u0107ice<\/li>\n<li>Vrlo udobne<\/li>\n<li>Napravljene od meke antialergijske tkanine koje jam\u010de zdravu udobnost<\/li>\n<li>Pakiranju sadr\u017ei 5 komada<\/li>\n<li>Dolaze u tri veli\u010dine: 38 -40 \/ 42-44 \/ 46-48<\/li>\n<\/ul>\n","protected":false},"excerpt":{"rendered":"<p>Pet pari jednokratnih ga\u0107ica namijenjenih za kori\u0161tenje nakon poroda. Napravljene su od meke antialergijske tkanine koja jam\u010di zdravu udobnost.<\/p>\n","protected":false},"featured_media":206,"comment_status":"closed","ping_status":"closed","template":"","meta":[],"_links":{"self":[{"href":"https:\/\/wp-test.cro-digital.com\/index.php?rest_route=\/wp\/v2\/product\/93"}],"collection":[{"href":"https:\/\/wp-test.cro-digital.com\/index.php?rest_route=\/wp\/v2\/product"}],"about":[{"href":"https:\/\/wp-test.cro-digital.com\/index.php?rest_route=\/wp\/v2\/types\/product"}],"replies":[{"embeddable":true,"href":"https:\/\/wp-test.cro-digital.com\/index.php?rest_route=%2Fwp%2Fv2%2Fcomments&post=93"}],"wp:featuredmedia":[{"embeddable":true,"href":"https:\/\/wp-test.cro-digital.com\/index.php?rest_route=\/wp\/v2\/media\/206"}],"wp:attachment":[{"href":"https:\/\/wp-test.cro-digital.com\/index.php?rest_route=%2Fwp%2Fv2%2Fmedia&parent=93"}],"curies":[{"name":"wp","href":"https:\/\/api.w.org\/{rel}","templated":true}]}}