{"id":94,"date":"2020-11-03T18:20:01","date_gmt":"2020-11-03T17:20:01","guid":{"rendered":"https:\/\/wp-test.cro-digital.com\/?product=import-placeholder-for-15714"},"modified":"2020-11-03T18:22:34","modified_gmt":"2020-11-03T17:22:34","slug":"jane-rolica-za-spavanje","status":"publish","type":"product","link":"https:\/\/wp-test.cro-digital.com\/?product=jane-rolica-za-spavanje","title":{"rendered":"Jane rolica za spavanje"},"content":{"rendered":"<p>Jan\u00e9 rolica namijenjena je za prve mjesece novoro\u0111ene bebe. Ona \u0107e osigurati pravilan polo\u017eaj le\u017eanja za va\u0161u bebu, tako \u0161to \u0107e sprje\u010davati njeno okretanje za vrijeme spavanja. Ima meku pamu\u010dnu navlaku, veoma ugodnu na dodir od izrazito nje\u017enog tkanja. Manja rolica spojena je na dekicu \u010di\u010dak trakom, tako da se razmak mo\u017ee prilago\u0111avati kako beba raste.<\/p>\n<ul>\n<li>Mo\u017ee se koristiti od ro\u0111enja<\/li>\n<li>Posebno dizajniran kako bi djetetu omogu\u0107io spavanje na le\u0111ima &#8211; preporu\u010deno od lije\u010dnika<\/li>\n<li>Smanjuje mogu\u0107nost ule\u017eane glavice<\/li>\n<li>Izrazito nje\u017ean materijal koji \u0107e va\u0161a beba obo\u017eavati<\/li>\n<li>Jastuk koji \u0107e rasti s va\u0161om bebom<\/li>\n<li>Periva navlaka<\/li>\n<li>Materijal: 100% pamuk<\/li>\n<\/ul>\n","protected":false},"excerpt":{"rendered":"<p>Izuzetno mekana rolica osigurat \u0107e pravilan polo\u017eaj le\u017eanja za va\u0161u bebu, tako \u0161to \u0107e sprije\u010davati njeno okretanje za vrijeme spavanja.<\/p>\n","protected":false},"featured_media":208,"comment_status":"closed","ping_status":"closed","template":"","meta":[],"_links":{"self":[{"href":"https:\/\/wp-test.cro-digital.com\/index.php?rest_route=\/wp\/v2\/product\/94"}],"collection":[{"href":"https:\/\/wp-test.cro-digital.com\/index.php?rest_route=\/wp\/v2\/product"}],"about":[{"href":"https:\/\/wp-test.cro-digital.com\/index.php?rest_route=\/wp\/v2\/types\/product"}],"replies":[{"embeddable":true,"href":"https:\/\/wp-test.cro-digital.com\/index.php?rest_route=%2Fwp%2Fv2%2Fcomments&post=94"}],"wp:featuredmedia":[{"embeddable":true,"href":"https:\/\/wp-test.cro-digital.com\/index.php?rest_route=\/wp\/v2\/media\/208"}],"wp:attachment":[{"href":"https:\/\/wp-test.cro-digital.com\/index.php?rest_route=%2Fwp%2Fv2%2Fmedia&parent=94"}],"curies":[{"name":"wp","href":"https:\/\/api.w.org\/{rel}","templated":true}]}}